{"id":5873,"date":"2025-11-05T08:53:20","date_gmt":"2025-11-05T08:53:20","guid":{"rendered":"https:\/\/areasaludplasencia.es\/aspwp\/?page_id=5873"},"modified":"2025-11-05T09:51:02","modified_gmt":"2025-11-05T09:51:02","slug":"sau","status":"publish","type":"page","link":"https:\/\/areasaludplasencia.es\/aspwp\/sau\/","title":{"rendered":"SAU &#8211; Servicio de Atenci\u00f3n al Usuario"},"content":{"rendered":"<p>[et_pb_section fb_built=&#8221;1&#8243; admin_label=&#8221;section&#8221; _builder_version=&#8221;4.0.5&#8243; custom_margin=&#8221;0px||||false|false&#8221; custom_padding=&#8221;0px||11px||false|false&#8221;][et_pb_row _builder_version=&#8221;4.0.5&#8243; custom_margin=&#8221;-17px|auto||auto|false|false&#8221; custom_padding=&#8221;||||false|false&#8221;][et_pb_column type=&#8221;4_4&#8243; _builder_version=&#8221;4.0.5&#8243;][et_pb_text _builder_version=&#8221;4.7.7&#8243; text_font=&#8221;||||||||&#8221; text_text_color=&#8221;#2b5183&#8243; text_font_size=&#8221;26px&#8221; custom_margin=&#8221;||0px||false|false&#8221; hover_enabled=&#8221;0&#8243; border_color_all=&#8221;#588cd0&#8243; border_width_bottom=&#8221;4px&#8221; border_color_bottom=&#8221;#5992c1&#8243; border_style_bottom=&#8221;solid&#8221; sticky_enabled=&#8221;0&#8243;]<\/p>\n<p>SAU &#8211; Servicio de Atenci\u00f3n al Usuario<\/p>\n<p>[\/et_pb_text][\/et_pb_column][\/et_pb_row][\/et_pb_section][et_pb_section fb_built=&#8221;1&#8243; _builder_version=&#8221;4.0.5&#8243; custom_padding=&#8221;10px|||||&#8221;][et_pb_row column_structure=&#8221;1_2,1_2&#8243; _builder_version=&#8221;4.0.5&#8243;][et_pb_column type=&#8221;1_2&#8243; _builder_version=&#8221;4.0.5&#8243;][et_pb_text _builder_version=&#8221;4.7.7&#8243; header_3_font=&#8221;||||||||&#8221; header_3_text_color=&#8221;#FFFFFF&#8221; background_color=&#8221;#76c0e0&#8243; custom_margin=&#8221;0px||||false|false&#8221; custom_padding=&#8221;7px||0px||false|false&#8221; hover_enabled=&#8221;0&#8243; border_radii=&#8221;on|3px|3px|3px|3px&#8221; sticky_enabled=&#8221;0&#8243;]<\/p>\n<h3 style=\"text-align: center;\">Gu\u00eda de Atenci\u00f3n al Usuario<\/h3>\n<p>[\/et_pb_text][et_pb_button button_url=&#8221;https:\/\/www.areasaludplasencia.es\/wasp\/pdfs\/2\/231001.pdf&#8221; url_new_window=&#8221;on&#8221; button_text=&#8221;Gu\u00eda de Atenci\u00f3n al Usuario&#8221; _builder_version=&#8221;4.7.7&#8243; custom_button=&#8221;on&#8221; button_text_size=&#8221;16px&#8221; button_text_color=&#8221;#000000&#8243; button_border_width=&#8221;0px&#8221; button_icon=&#8221;%%72%%&#8221; button_icon_color=&#8221;#0c71c3&#8243; button_icon_placement=&#8221;left&#8221; button_on_hover=&#8221;off&#8221; custom_margin=&#8221;||0px||false|false&#8221; hover_enabled=&#8221;0&#8243; sticky_enabled=&#8221;0&#8243;][\/et_pb_button][et_pb_button button_url=&#8221;https:\/\/www.areasaludplasencia.es\/wasp\/pdfs\/2\/231002.pdf&#8221; url_new_window=&#8221;on&#8221; button_text=&#8221;Gu\u00eda de Recursos de Asociaciones de Pacientes y Familiares de Extremadura&#8221; _builder_version=&#8221;4.7.7&#8243; custom_button=&#8221;on&#8221; button_text_size=&#8221;16px&#8221; button_text_color=&#8221;#000000&#8243; button_border_width=&#8221;0px&#8221; button_icon=&#8221;%%72%%&#8221; button_icon_color=&#8221;#0c71c3&#8243; button_icon_placement=&#8221;left&#8221; button_on_hover=&#8221;off&#8221; custom_margin=&#8221;||0px||false|false&#8221; hover_enabled=&#8221;0&#8243; sticky_enabled=&#8221;0&#8243;][\/et_pb_button][et_pb_button button_url=&#8221;https:\/\/www.areasaludplasencia.es\/wasp\/pdfs\/2\/231003.pdf&#8221; url_new_window=&#8221;on&#8221; button_text=&#8221;PNAE \u2013 Pacientes con Necesidades Especiales&#8221; _builder_version=&#8221;4.7.7&#8243; custom_button=&#8221;on&#8221; button_text_size=&#8221;16px&#8221; button_text_color=&#8221;#000000&#8243; button_border_width=&#8221;0px&#8221; button_icon=&#8221;%%72%%&#8221; button_icon_color=&#8221;#0c71c3&#8243; button_icon_placement=&#8221;left&#8221; button_on_hover=&#8221;off&#8221; custom_margin=&#8221;||0px||false|false&#8221; hover_enabled=&#8221;0&#8243; sticky_enabled=&#8221;0&#8243;][\/et_pb_button][et_pb_button button_url=&#8221;https:\/\/www.areasaludplasencia.es\/wasp\/pdfs\/2\/231004.pdf&#8221; url_new_window=&#8221;on&#8221; button_text=&#8221;Solicitud de Programa Asistencial&#8221; _builder_version=&#8221;4.7.7&#8243; custom_button=&#8221;on&#8221; button_text_size=&#8221;16px&#8221; button_text_color=&#8221;#000000&#8243; button_border_width=&#8221;0px&#8221; button_icon=&#8221;%%72%%&#8221; button_icon_color=&#8221;#0c71c3&#8243; button_icon_placement=&#8221;left&#8221; button_on_hover=&#8221;off&#8221; custom_margin=&#8221;||0px||false|false&#8221; hover_enabled=&#8221;0&#8243; sticky_enabled=&#8221;0&#8243;][\/et_pb_button][et_pb_text _builder_version=&#8221;4.7.7&#8243; header_3_font=&#8221;||||||||&#8221; header_3_text_color=&#8221;#FFFFFF&#8221; background_color=&#8221;#76c0e0&#8243; custom_margin=&#8221;30px||||false|false&#8221; custom_padding=&#8221;7px||0px||false|false&#8221; hover_enabled=&#8221;0&#8243; border_radii=&#8221;on|3px|3px|3px|3px&#8221; sticky_enabled=&#8221;0&#8243;]<\/p>\n<h3 style=\"text-align: center;\">Reclamaciones<\/h3>\n<p>[\/et_pb_text][et_pb_text _builder_version=&#8221;4.7.7&#8243; _module_preset=&#8221;default&#8221; hover_enabled=&#8221;0&#8243; sticky_enabled=&#8221;0&#8243;]<\/p>\n<p>En los Centros del SES se le facilitar\u00e1 un modelo normalizado de \u201c<i>hoja de Reclamaci\u00f3n<\/i>\u201c. Deber\u00e1 cumplimentarlo en todos sus apartados (Nombre, DNI, direcci\u00f3n y tel\u00e9fono) y firmar el escrito.<\/p>\n<ol>\n<li>Se le entregar\u00e1 copia de la Reclamaci\u00f3n.<\/li>\n<li>En un plazo m\u00e1ximo de 30 d\u00edas deber\u00e1 obtener una respuesta de la Direcci\u00f3n del Centro.<br \/>Si por cualquier causa o motivo no se contestara en el plazo anteriormente indicado, recibir\u00e1 una carta informativa comunic\u00e1ndole que su reclamaci\u00f3n contin\u00faa en tr\u00e1mite, prorrog\u00e1ndose as\u00ed el plazo establecido en 20 d\u00edas m\u00e1s.(Si Vd. no tuviera acceso a este modelo, podr\u00e9 realizarlo en cualquier tipo de papel y en estos Centros indicados se le asignar\u00e1 un n\u00famero de Registro)<\/li>\n<\/ol>\n<p>[\/et_pb_text][et_pb_button button_url=&#8221;https:\/\/www.areasaludplasencia.es\/wasp\/pdfs\/2\/233001.pdf&#8221; url_new_window=&#8221;on&#8221; button_text=&#8221;Hoja de Reclamaciones&#8221; _builder_version=&#8221;4.7.7&#8243; custom_button=&#8221;on&#8221; button_text_size=&#8221;16px&#8221; button_text_color=&#8221;#000000&#8243; button_border_width=&#8221;0px&#8221; button_icon=&#8221;%%72%%&#8221; button_icon_color=&#8221;#0c71c3&#8243; button_icon_placement=&#8221;left&#8221; button_on_hover=&#8221;off&#8221; custom_margin=&#8221;-18px||0px||false|false&#8221; hover_enabled=&#8221;0&#8243; sticky_enabled=&#8221;0&#8243;][\/et_pb_button][\/et_pb_column][et_pb_column type=&#8221;1_2&#8243; _builder_version=&#8221;4.0.5&#8243;][et_pb_text _builder_version=&#8221;4.7.7&#8243; header_3_font=&#8221;||||||||&#8221; header_3_text_color=&#8221;#FFFFFF&#8221; background_color=&#8221;#76c0e0&#8243; custom_margin=&#8221;0px||||false|false&#8221; custom_padding=&#8221;7px||0px||false|false&#8221; hover_enabled=&#8221;0&#8243; border_radii=&#8221;on|3px|3px|3px|3px&#8221; sticky_enabled=&#8221;0&#8243;]<\/p>\n<h3 style=\"text-align: center;\">Sugerencias<\/h3>\n<p>[\/et_pb_text][et_pb_text _builder_version=&#8221;4.7.7&#8243; _module_preset=&#8221;default&#8221; hover_enabled=&#8221;0&#8243; sticky_enabled=&#8221;0&#8243;]<\/p>\n<p class=\"texto\">Aunque existen modelos normalizados que se facilitan a todo aquel usuario que la necesite, puede presentar su sugerencia en cualquier otro formato. No es necesario consignar los datos personales.<\/p>\n<p>Existen \u201c<i>Buzones de Sugerencias<\/i>\u201d en los Centros anteriormente indicados. Peri\u00f3dicamente el Servicio de Atenci\u00f3n al Usuario, recoger\u00e1 las Sugerencias de los buzones y, junto a las recibidas por otras v\u00edas, se trasladar\u00e1 a las Direcciones correspondientes.<\/p>\n<p>[\/et_pb_text][et_pb_button button_url=&#8221;https:\/\/www.areasaludplasencia.es\/wasp\/pdfs\/2\/234001.pdf&#8221; url_new_window=&#8221;on&#8221; button_text=&#8221;Hoja de Sugerencias&#8221; _builder_version=&#8221;4.7.7&#8243; custom_button=&#8221;on&#8221; button_text_size=&#8221;16px&#8221; button_text_color=&#8221;#000000&#8243; button_border_width=&#8221;0px&#8221; button_icon=&#8221;%%72%%&#8221; button_icon_color=&#8221;#0c71c3&#8243; button_icon_placement=&#8221;left&#8221; button_on_hover=&#8221;off&#8221; custom_margin=&#8221;||0px||false|false&#8221; hover_enabled=&#8221;0&#8243; sticky_enabled=&#8221;0&#8243;][\/et_pb_button][et_pb_text _builder_version=&#8221;4.7.7&#8243; header_3_font=&#8221;||||||||&#8221; header_3_text_color=&#8221;#FFFFFF&#8221; background_color=&#8221;#76c0e0&#8243; custom_margin=&#8221;30px||||false|false&#8221; custom_padding=&#8221;7px||0px||false|false&#8221; hover_enabled=&#8221;0&#8243; border_radii=&#8221;on|3px|3px|3px|3px&#8221; sticky_enabled=&#8221;0&#8243;]<\/p>\n<h3 style=\"text-align: center;\">Encuesta Hospital<\/h3>\n<p>[\/et_pb_text][et_pb_button button_url=&#8221;https:\/\/www.areasaludplasencia.es\/wasp\/pdfs\/2\/235001.pdf&#8221; url_new_window=&#8221;on&#8221; button_text=&#8221;Encuesta de satisfacci\u00f3n del usuario&#8221; _builder_version=&#8221;4.7.7&#8243; custom_button=&#8221;on&#8221; button_text_size=&#8221;16px&#8221; button_text_color=&#8221;#000000&#8243; button_border_width=&#8221;0px&#8221; button_icon=&#8221;%%72%%&#8221; button_icon_color=&#8221;#0c71c3&#8243; button_icon_placement=&#8221;left&#8221; button_on_hover=&#8221;off&#8221; custom_margin=&#8221;||0px||false|false&#8221; hover_enabled=&#8221;0&#8243; sticky_enabled=&#8221;0&#8243;][\/et_pb_button][et_pb_text _builder_version=&#8221;4.7.7&#8243; header_3_font=&#8221;||||||||&#8221; header_3_text_color=&#8221;#FFFFFF&#8221; background_color=&#8221;#76c0e0&#8243; custom_margin=&#8221;30px||||false|false&#8221; custom_padding=&#8221;7px||0px||false|false&#8221; hover_enabled=&#8221;0&#8243; border_radii=&#8221;on|3px|3px|3px|3px&#8221; sticky_enabled=&#8221;0&#8243;]<\/p>\n<h3 style=\"text-align: center;\">Defensor del Usuario<\/h3>\n<p>[\/et_pb_text][et_pb_button button_url=&#8221;https:\/\/saludextremadura.ses.es\/defensorausuarios\/&#8221; url_new_window=&#8221;on&#8221; button_text=&#8221;\tDefensor de los Usuarios del Sistema Sanitario p\u00fablico de Extremadura&#8221; _builder_version=&#8221;4.7.7&#8243; custom_button=&#8221;on&#8221; button_text_size=&#8221;16px&#8221; button_text_color=&#8221;#000000&#8243; button_border_width=&#8221;0px&#8221; button_icon=&#8221;%%372%%&#8221; button_icon_color=&#8221;#0c71c3&#8243; button_icon_placement=&#8221;left&#8221; button_on_hover=&#8221;off&#8221; custom_margin=&#8221;||0px||false|false&#8221; hover_enabled=&#8221;0&#8243; sticky_enabled=&#8221;0&#8243; button_border_radius=&#8221;3px&#8221;][\/et_pb_button][\/et_pb_column][\/et_pb_row][\/et_pb_section]<\/p>\n","protected":false},"excerpt":{"rendered":"<p>[et_pb_section fb_built=&#8221;1&#8243; admin_label=&#8221;section&#8221; _builder_version=&#8221;4.0.5&#8243; custom_margin=&#8221;0px||||false|false&#8221; custom_padding=&#8221;0px||11px||false|false&#8221;][et_pb_row _builder_version=&#8221;4.0.5&#8243; custom_margin=&#8221;-17px|auto||auto|false|false&#8221; custom_padding=&#8221;||||false|false&#8221;][et_pb_column type=&#8221;4_4&#8243; _builder_version=&#8221;4.0.5&#8243;][et_pb_text _builder_version=&#8221;4.7.7&#8243; text_font=&#8221;||||||||&#8221; text_text_color=&#8221;#2b5183&#8243; text_font_size=&#8221;26px&#8221; custom_margin=&#8221;||0px||false|false&#8221; hover_enabled=&#8221;0&#8243; border_color_all=&#8221;#588cd0&#8243; border_width_bottom=&#8221;4px&#8221; border_color_bottom=&#8221;#5992c1&#8243; border_style_bottom=&#8221;solid&#8221; sticky_enabled=&#8221;0&#8243;] SAU &#8211; Servicio de Atenci\u00f3n al Usuario [\/et_pb_text][\/et_pb_column][\/et_pb_row][\/et_pb_section][et_pb_section fb_built=&#8221;1&#8243; _builder_version=&#8221;4.0.5&#8243; custom_padding=&#8221;10px|||||&#8221;][et_pb_row column_structure=&#8221;1_2,1_2&#8243; _builder_version=&#8221;4.0.5&#8243;][et_pb_column type=&#8221;1_2&#8243; _builder_version=&#8221;4.0.5&#8243;][et_pb_text _builder_version=&#8221;4.7.7&#8243; header_3_font=&#8221;||||||||&#8221; header_3_text_color=&#8221;#FFFFFF&#8221; background_color=&#8221;#76c0e0&#8243; custom_margin=&#8221;0px||||false|false&#8221; custom_padding=&#8221;7px||0px||false|false&#8221; hover_enabled=&#8221;0&#8243; border_radii=&#8221;on|3px|3px|3px|3px&#8221; sticky_enabled=&#8221;0&#8243;] Gu\u00eda de Atenci\u00f3n al Usuario [\/et_pb_text][et_pb_button button_url=&#8221;https:\/\/www.areasaludplasencia.es\/wasp\/pdfs\/2\/231001.pdf&#8221; url_new_window=&#8221;on&#8221; button_text=&#8221;Gu\u00eda &hellip; <a href=\"https:\/\/areasaludplasencia.es\/aspwp\/sau\/\" class=\"more-link\">Seguir leyendo <span class=\"screen-reader-text\">SAU &#8211; Servicio de Atenci\u00f3n al Usuario<\/span> <span class=\"meta-nav\">&rarr;<\/span><\/a><\/p>\n","protected":false},"author":1,"featured_media":0,"parent":0,"menu_order":0,"comment_status":"closed","ping_status":"closed","template":"page-templates\/full-width.php","meta":{"_et_pb_use_builder":"on","_et_pb_old_content":"<h1 style=\"color: #223650;\">Consejos\u00a0 para la salud<\/h1>\r\n\r\n<hr style=\"border: 2px solid #588cd0;\" \/>\r\n\r\n<h3>Educaci\u00f3n para la Salud<\/h3>\r\n<table class=\"tablasinborde\" width=\"100%\">\r\n<tbody>\r\n<tr>\r\n<td align=\"center\" valign=\"top\" width=\"10%\"><a class=\"aLink1\" href=\"http:\/\/www.areasaludplasencia.es\/wasp\/pdfs\/2\/250001.pdf\" target=\"_blank\"> <img src=\"http:\/\/www.areasaludplasencia.es\/wasp\/images\/verpdf2.gif\" alt=\"Ver pdf\" align=\"bottom\" border=\"0\" \/><\/a><\/td>\r\n<td>Ola de Calor<\/td>\r\n<\/tr>\r\n<tr>\r\n<td align=\"center\" valign=\"top\" width=\"10%\"><a class=\"aLink1\" href=\"http:\/\/www.areasaludplasencia.es\/wasp\/pdfs\/2\/250007.pdf\" target=\"_blank\"> <img src=\"http:\/\/www.areasaludplasencia.es\/wasp\/images\/verpdf2.gif\" alt=\"Ver pdf\" align=\"bottom\" border=\"0\" \/><\/a><\/td>\r\n<td>Anorexia y Bulimia (Informaci\u00f3n y Prevenci\u00f3n)<\/td>\r\n<\/tr>\r\n<tr>\r\n<td align=\"center\" valign=\"top\" width=\"10%\"><a class=\"aLink1\" href=\"http:\/\/www.areasaludplasencia.es\/wasp\/pdfs\/2\/250008.pdf\" target=\"_blank\"> <img src=\"http:\/\/www.areasaludplasencia.es\/wasp\/images\/verpdf2.gif\" alt=\"Ver pdf\" align=\"bottom\" border=\"0\" \/><\/a><\/td>\r\n<td>Disfruta con el Ejercicio F\u00edsico<\/td>\r\n<\/tr>\r\n<tr>\r\n<td align=\"center\" valign=\"top\" width=\"10%\"><a class=\"aLink1\" href=\"http:\/\/www.areasaludplasencia.es\/wasp\/pdfs\/2\/250009.pdf\" target=\"_blank\"> <img src=\"http:\/\/www.areasaludplasencia.es\/wasp\/images\/verpdf2.gif\" alt=\"Ver pdf\" align=\"bottom\" border=\"0\" \/><\/a><\/td>\r\n<td>Mira por tus ojos. Salud visual<\/td>\r\n<\/tr>\r\n<tr>\r\n<td align=\"center\" valign=\"top\" width=\"10%\"><a class=\"aLink1\" href=\"http:\/\/www.areasaludplasencia.es\/wasp\/pdfs\/2\/250010.pdf\" target=\"_blank\"> <img src=\"http:\/\/www.areasaludplasencia.es\/wasp\/images\/verpdf2.gif\" alt=\"Ver pdf\" align=\"bottom\" border=\"0\" \/><\/a><\/td>\r\n<td>Gu\u00eda de Salud Bucodental para padres y educadores\r\nAprende a cuidar tu boca<\/td>\r\n<\/tr>\r\n<tr>\r\n<td align=\"center\" valign=\"top\" width=\"10%\"><a class=\"aLink1\" href=\"http:\/\/www.areasaludplasencia.es\/wasp\/pdfs\/2\/250011.pdf\" target=\"_blank\"> <img src=\"http:\/\/www.areasaludplasencia.es\/wasp\/images\/verpdf2.gif\" alt=\"Ver pdf\" align=\"bottom\" border=\"0\" \/><\/a><\/td>\r\n<td>Disfruta el verano con Salud y Seguridad<\/td>\r\n<\/tr>\r\n<tr>\r\n<td align=\"center\" valign=\"top\" width=\"10%\"><a class=\"aLink1\" href=\"http:\/\/www.areasaludplasencia.es\/wasp\/pdfs\/2\/250012.pdf\" target=\"_blank\"> <img src=\"http:\/\/www.areasaludplasencia.es\/wasp\/images\/verpdf2.gif\" alt=\"Ver pdf\" align=\"bottom\" border=\"0\" \/><\/a><\/td>\r\n<td>Dec\u00e1logo del Nadador (Conoce las normas de seguridad y resp\u00e9talas)<\/td>\r\n<\/tr>\r\n<tr>\r\n<td align=\"center\" valign=\"top\" width=\"10%\"><a class=\"aLink1\" href=\"http:\/\/www.areasaludplasencia.es\/wasp\/pdfs\/2\/250013.pdf\" target=\"_blank\"> <img src=\"http:\/\/www.areasaludplasencia.es\/wasp\/images\/verpdf2.gif\" alt=\"Ver pdf\" align=\"bottom\" border=\"0\" \/><\/a><\/td>\r\n<td>Disfruta del agua y evita los riesgos (Gu\u00eda para las familias)<\/td>\r\n<\/tr>\r\n<\/tbody>\r\n<\/table>\r\n<h3>Infancia y Adolescencia<\/h3>\r\n<table class=\"tablasinborde\" width=\"100%\">\r\n<tbody>\r\n<tr>\r\n<td align=\"center\" valign=\"top\" width=\"10%\"><a class=\"aLink1\" href=\"http:\/\/www.areasaludplasencia.es\/wasp\/pdfs\/2\/250002.pdf\" target=\"_blank\"> <img src=\"http:\/\/www.areasaludplasencia.es\/wasp\/images\/verpdf2.gif\" alt=\"Ver pdf\" align=\"bottom\" border=\"0\" \/><\/a><\/td>\r\n<td>Voy a cuidar mi Voz<\/td>\r\n<\/tr>\r\n<\/tbody>\r\n<\/table>\r\n<h3>Rehabilitaci\u00f3n \/ Locomotor<\/h3>\r\n<table class=\"tablasinborde\" width=\"100%\">\r\n<tbody>\r\n<tr>\r\n<td align=\"center\" valign=\"top\" width=\"10%\"><a class=\"aLink1\" href=\"http:\/\/www.areasaludplasencia.es\/wasp\/pdfs\/2\/250003.pdf\" target=\"_blank\"> <img src=\"http:\/\/www.areasaludplasencia.es\/wasp\/images\/verpdf2.gif\" alt=\"Ver pdf\" align=\"bottom\" border=\"0\" \/><\/a><\/td>\r\n<td>Prevenci\u00f3n en trastornos de la Voz<\/td>\r\n<\/tr>\r\n<\/tbody>\r\n<\/table>\r\n<h3>Respiratorio<\/h3>\r\n<table class=\"tablasinborde\" width=\"100%\">\r\n<tbody>\r\n<tr>\r\n<td align=\"center\" valign=\"top\" width=\"10%\"><a class=\"aLink1\" href=\"http:\/\/www.areasaludplasencia.es\/wasp\/pdfs\/2\/250004.pdf\" target=\"_blank\"> <img src=\"http:\/\/www.areasaludplasencia.es\/wasp\/images\/verpdf2.gif\" alt=\"Ver pdf\" align=\"bottom\" border=\"0\" \/><\/a><\/td>\r\n<td>Asma<\/td>\r\n<\/tr>\r\n<\/tbody>\r\n<\/table>\r\n<h3>Trasplantados y Familiares<\/h3>\r\n<table class=\"tablasinborde\" width=\"100%\">\r\n<tbody>\r\n<tr>\r\n<td align=\"center\" valign=\"top\" width=\"10%\"><a class=\"aLink1\" href=\"http:\/\/www.saludextremadura.com\/documents\/19231\/562420\/guia_trasplantado_final.pdf\" target=\"_blank\"> <img src=\"http:\/\/www.areasaludplasencia.es\/wasp\/images\/verpdf2.gif\" alt=\"Ver pdf\" align=\"bottom\" border=\"0\" \/><\/a><\/td>\r\n<td>Gu\u00eda de Apoyo al paciente Trasplantado y Familiares<\/td>\r\n<\/tr>\r\n<\/tbody>\r\n<\/table>\r\n<h3>Salud Mental<\/h3>\r\n<table class=\"tablasinborde\" width=\"100%\">\r\n<tbody>\r\n<tr>\r\n<td align=\"center\" valign=\"top\" width=\"10%\"><a class=\"aLink1\" href=\"http:\/\/www.areasaludplasencia.es\/wasp\/pdfs\/2\/250005.pdf\" target=\"_blank\"> <img src=\"http:\/\/www.areasaludplasencia.es\/wasp\/images\/verpdf2.gif\" alt=\"Ver pdf\" align=\"bottom\" border=\"0\" \/><\/a><\/td>\r\n<td>Crisis de Ansiedad<\/td>\r\n<\/tr>\r\n<tr>\r\n<td align=\"center\" valign=\"top\" width=\"10%\"><a class=\"aLink1\" href=\"http:\/\/www.areasaludplasencia.es\/wasp\/pdfs\/2\/250006.pdf\" target=\"_blank\"> <img src=\"http:\/\/www.areasaludplasencia.es\/wasp\/images\/verpdf2.gif\" alt=\"Ver pdf\" align=\"bottom\" border=\"0\" \/><\/a><\/td>\r\n<td>La Depresi\u00f3n<\/td>\r\n<\/tr>\r\n<\/tbody>\r\n<\/table>","_et_gb_content_width":""},"_links":{"self":[{"href":"https:\/\/areasaludplasencia.es\/aspwp\/wp-json\/wp\/v2\/pages\/5873"}],"collection":[{"href":"https:\/\/areasaludplasencia.es\/aspwp\/wp-json\/wp\/v2\/pages"}],"about":[{"href":"https:\/\/areasaludplasencia.es\/aspwp\/wp-json\/wp\/v2\/types\/page"}],"author":[{"embeddable":true,"href":"https:\/\/areasaludplasencia.es\/aspwp\/wp-json\/wp\/v2\/users\/1"}],"replies":[{"embeddable":true,"href":"https:\/\/areasaludplasencia.es\/aspwp\/wp-json\/wp\/v2\/comments?post=5873"}],"version-history":[{"count":8,"href":"https:\/\/areasaludplasencia.es\/aspwp\/wp-json\/wp\/v2\/pages\/5873\/revisions"}],"predecessor-version":[{"id":5885,"href":"https:\/\/areasaludplasencia.es\/aspwp\/wp-json\/wp\/v2\/pages\/5873\/revisions\/5885"}],"wp:attachment":[{"href":"https:\/\/areasaludplasencia.es\/aspwp\/wp-json\/wp\/v2\/media?parent=5873"}],"curies":[{"name":"wp","href":"https:\/\/api.w.org\/{rel}","templated":true}]}}