{"id":5669,"date":"2025-05-13T09:06:09","date_gmt":"2025-05-13T09:06:09","guid":{"rendered":"https:\/\/areasaludplasencia.es\/aspwp\/?page_id=5669"},"modified":"2026-04-20T08:24:56","modified_gmt":"2026-04-20T08:24:56","slug":"protocolos-00","status":"publish","type":"page","link":"https:\/\/areasaludplasencia.es\/aspwp\/protocolos-00\/","title":{"rendered":"Protocolos y Gu\u00edas Cl\u00ednicas (0)"},"content":{"rendered":"<p>[et_pb_section fb_built=&#8221;1&#8243; disabled_on=&#8221;on|on|on&#8221; admin_label=&#8221;section&#8221; _builder_version=&#8221;4.0.5&#8243; min_height=&#8221;74px&#8221; custom_margin=&#8221;||||false|false&#8221; custom_padding=&#8221;10px||0px||false|false&#8221; disabled=&#8221;on&#8221;][et_pb_row _builder_version=&#8221;4.7.7&#8243; _module_preset=&#8221;default&#8221;][et_pb_column type=&#8221;4_4&#8243; _builder_version=&#8221;4.7.7&#8243; _module_preset=&#8221;default&#8221;][et_pb_text _builder_version=&#8221;4.7.7&#8243; header_3_font=&#8221;|700|||||||&#8221; header_3_text_color=&#8221;#FFFFFF&#8221; header_3_letter_spacing=&#8221;1px&#8221; background_color=&#8221;#E02B20&#8243; custom_margin=&#8221;0px||||false|false&#8221; custom_padding=&#8221;7px||0px||false|false&#8221; border_radii=&#8221;on|3px|3px|3px|3px&#8221;]<\/p>\n<h3 style=\"text-align: center;\"><strong>PARADA LABORATORIO<\/strong><\/h3>\n<p>[\/et_pb_text][\/et_pb_column][\/et_pb_row][et_pb_row column_structure=&#8221;3_5,2_5&#8243; _builder_version=&#8221;4.7.7&#8243; _module_preset=&#8221;default&#8221;][et_pb_column type=&#8221;3_5&#8243; _builder_version=&#8221;4.7.7&#8243; _module_preset=&#8221;default&#8221;][et_pb_button button_url=&#8221;http:\/\/www.areasaludplasencia.es\/docs\/pgc\/varios\/Volante-Laboratorio-Microbiologia.pdf&#8221; url_new_window=&#8221;on&#8221; button_text=&#8221;Parada Jara &#8211; Volante de Laboratorio MICROBIOLOG\u00cdA&#8221; disabled_on=&#8221;off|off|off&#8221; _builder_version=&#8221;4.7.7&#8243; _module_preset=&#8221;default&#8221;][\/et_pb_button][et_pb_button button_url=&#8221;http:\/\/www.areasaludplasencia.es\/docs\/pgc\/varios\/Volante-Laboratorio-Urgencias.pdf&#8221; url_new_window=&#8221;on&#8221; button_text=&#8221;Parada Jara &#8211; Volante de Laboratorio URGENCIAS&#8221; disabled_on=&#8221;off|off|off&#8221; _builder_version=&#8221;4.7.7&#8243; _module_preset=&#8221;default&#8221;][\/et_pb_button][et_pb_button button_url=&#8221;http:\/\/www.areasaludplasencia.es\/docs\/pgc\/varios\/Volante-Laboratorio-Transfusion.pdf&#8221; url_new_window=&#8221;on&#8221; button_text=&#8221;Parada Jara &#8211; Volante de Laboratorio TRANSFUSI\u00d3N&#8221; disabled_on=&#8221;off|off|off&#8221; _builder_version=&#8221;4.7.7&#8243; _module_preset=&#8221;default&#8221;][\/et_pb_button][\/et_pb_column][et_pb_column type=&#8221;2_5&#8243; _builder_version=&#8221;4.7.7&#8243; _module_preset=&#8221;default&#8221;][et_pb_button button_url=&#8221;http:\/\/www.areasaludplasencia.es\/docs\/pgc\/varios\/Documento-Libre.pdf&#8221; url_new_window=&#8221;on&#8221; button_text=&#8221;Parada Jara &#8211; Documento Libre&#8221; disabled_on=&#8221;off|off|off&#8221; _builder_version=&#8221;4.7.7&#8243; _module_preset=&#8221;default&#8221;][\/et_pb_button][et_pb_button button_url=&#8221;http:\/\/www.areasaludplasencia.es\/docs\/pgc\/varios\/ses-plasencia-parada-gestlab-260410.pdf&#8221; url_new_window=&#8221;on&#8221; button_text=&#8221;- Procedimiento -&#8221; disabled_on=&#8221;on|on|on&#8221; _builder_version=&#8221;4.7.7&#8243; _module_preset=&#8221;default&#8221; disabled=&#8221;on&#8221;][\/et_pb_button][\/et_pb_column][\/et_pb_row][\/et_pb_section][et_pb_section fb_built=&#8221;1&#8243; admin_label=&#8221;section&#8221; _builder_version=&#8221;4.0.5&#8243; min_height=&#8221;74px&#8221; custom_margin=&#8221;||||false|false&#8221; custom_padding=&#8221;10px||0px||false|false&#8221;][et_pb_row _builder_version=&#8221;4.0.5&#8243; min_height=&#8221;38px&#8221; custom_margin=&#8221;-6px|auto||auto|false|false&#8221; custom_padding=&#8221;||||false|false&#8221;][et_pb_column type=&#8221;4_4&#8243; _builder_version=&#8221;4.0.5&#8243;][et_pb_text _builder_version=&#8221;4.7.7&#8243; text_font=&#8221;||||||||&#8221; text_text_color=&#8221;#2b5183&#8243; text_font_size=&#8221;26px&#8221; custom_margin=&#8221;||||false|false&#8221; border_color_all=&#8221;#588cd0&#8243; border_width_bottom=&#8221;4px&#8221; border_color_bottom=&#8221;#5992c1&#8243; border_style_bottom=&#8221;solid&#8221;]<\/p>\n<p>Protocolos y Gu\u00edas Cl\u00ednicas\u00a0<\/p>\n<p>[\/et_pb_text][\/et_pb_column][\/et_pb_row][et_pb_row _builder_version=&#8221;4.7.7&#8243; _module_preset=&#8221;default&#8221;][et_pb_column type=&#8221;4_4&#8243; _builder_version=&#8221;4.7.7&#8243; _module_preset=&#8221;default&#8221;][et_pb_text _builder_version=&#8221;4.7.7&#8243; header_3_font=&#8221;|700|||||||&#8221; header_3_text_color=&#8221;#FFFFFF&#8221; header_3_letter_spacing=&#8221;1px&#8221; background_color=&#8221;#7CDA24&#8243; custom_margin=&#8221;0px||||false|false&#8221; custom_padding=&#8221;7px||0px||false|false&#8221; border_radii=&#8221;on|3px|3px|3px|3px&#8221;]<\/p>\n<h3 style=\"text-align: center;\"><strong>\u00daltimas publicaciones<\/strong><\/h3>\n<p>[\/et_pb_text][\/et_pb_column][\/et_pb_row][et_pb_row column_structure=&#8221;1_2,1_2&#8243; _builder_version=&#8221;4.7.7&#8243; _module_preset=&#8221;default&#8221;][et_pb_column type=&#8221;1_2&#8243; _builder_version=&#8221;4.7.7&#8243; _module_preset=&#8221;default&#8221;][et_pb_blurb title=&#8221;OFTALMOLOG\u00cdA&#8221; icon_placement=&#8221;left&#8221; _builder_version=&#8221;4.7.7&#8243; header_level=&#8221;h2&#8243; header_font=&#8221;|700|||||||&#8221; header_text_color=&#8221;#FFFFFF&#8221; background_color=&#8221;#76c0e0&#8243; text_orientation=&#8221;center&#8221; custom_margin=&#8221;0px||10px||false|false&#8221; custom_padding=&#8221;5px||0px|10px|false|false&#8221; border_radii=&#8221;on|3px|3px|3px|3px&#8221;][\/et_pb_blurb][et_pb_button button_url=&#8221;https:\/\/areasaludplasencia.es\/aspwp\/protocolos-02\/#ojos&#8221; url_new_window=&#8221;on&#8221; button_text=&#8221;Derivaci\u00f3n desde Atenci\u00f3n Primaria al servicio de Oftalmolog\u00eda&#8221; disabled_on=&#8221;off|off|off&#8221; _builder_version=&#8221;4.7.7&#8243; custom_button=&#8221;on&#8221; button_text_size=&#8221;20px&#8221; button_text_color=&#8221;#0C71C3&#8243; button_border_width=&#8221;0px&#8221; button_font=&#8221;||||||||&#8221; button_icon=&#8221;%%72%%&#8221; button_icon_color=&#8221;#0c71c3&#8243; button_icon_placement=&#8221;left&#8221; button_on_hover=&#8221;off&#8221; custom_margin=&#8221;||0px||false|false&#8221; custom_padding=&#8221;||0px||false|false&#8221;][\/et_pb_button][\/et_pb_column][et_pb_column type=&#8221;1_2&#8243; _builder_version=&#8221;4.7.7&#8243; _module_preset=&#8221;default&#8221;][et_pb_blurb title=&#8221;Hematolog\u00eda&#8221; icon_placement=&#8221;left&#8221; _builder_version=&#8221;4.7.7&#8243; header_level=&#8221;h2&#8243; header_text_color=&#8221;#FFFFFF&#8221; background_color=&#8221;#76c0e0&#8243; text_orientation=&#8221;center&#8221; custom_margin=&#8221;0px||10px||false|false&#8221; custom_padding=&#8221;5px||0px|10px|false|false&#8221; border_radii=&#8221;on|3px|3px|3px|3px&#8221;][\/et_pb_blurb][et_pb_button button_url=&#8221;https:\/\/areasaludplasencia.es\/aspwp\/protocolos-02\/#hematologia&#8221; url_new_window=&#8221;on&#8221; button_text=&#8221;Gu\u00eda Transfusional (ed.2025)&#8221; disabled_on=&#8221;off|off|off&#8221; _builder_version=&#8221;4.7.7&#8243; custom_button=&#8221;on&#8221; button_text_size=&#8221;20px&#8221; button_text_color=&#8221;#0C71C3&#8243; button_border_width=&#8221;0px&#8221; button_font=&#8221;||||||||&#8221; button_icon=&#8221;%%72%%&#8221; button_icon_color=&#8221;#0c71c3&#8243; button_icon_placement=&#8221;left&#8221; button_on_hover=&#8221;off&#8221; custom_margin=&#8221;||0px||false|false&#8221; custom_padding=&#8221;||0px||false|false&#8221;][\/et_pb_button][\/et_pb_column][\/et_pb_row][et_pb_row column_structure=&#8221;1_2,1_2&#8243; _builder_version=&#8221;4.7.7&#8243; _module_preset=&#8221;default&#8221;][et_pb_column type=&#8221;1_2&#8243; _builder_version=&#8221;4.7.7&#8243; _module_preset=&#8221;default&#8221;][et_pb_blurb title=&#8221;C\u00f3digo Trauma&#8221; icon_placement=&#8221;left&#8221; _builder_version=&#8221;4.7.7&#8243; header_level=&#8221;h2&#8243; header_text_color=&#8221;#FFFFFF&#8221; background_color=&#8221;#76c0e0&#8243; custom_margin=&#8221;||10px||false|false&#8221; custom_padding=&#8221;5px||0px|10px|false|false&#8221; border_radii=&#8221;on|3px|3px|3px|3px&#8221;][\/et_pb_blurb][et_pb_button button_url=&#8221;http:\/\/www.areasaludplasencia.es\/docs\/pgc\/ses-plasencia-codigo-trauma.pdf&#8221; url_new_window=&#8221;on&#8221; button_text=&#8221;C\u00f3digo Trauma &#8211; Plasencia, abril 2025&#8243; _builder_version=&#8221;4.7.7&#8243; custom_button=&#8221;on&#8221; button_text_size=&#8221;20px&#8221; button_text_color=&#8221;#0C71C3&#8243; button_border_width=&#8221;0px&#8221; button_icon=&#8221;%%72%%&#8221; button_icon_color=&#8221;#0c71c3&#8243; button_icon_placement=&#8221;left&#8221; button_on_hover=&#8221;off&#8221; custom_margin=&#8221;||0px||false|false&#8221;][\/et_pb_button][\/et_pb_column][et_pb_column type=&#8221;1_2&#8243; _builder_version=&#8221;4.7.7&#8243; _module_preset=&#8221;default&#8221;][et_pb_blurb title=&#8221;Digestivo&#8221; icon_placement=&#8221;left&#8221; _builder_version=&#8221;4.7.7&#8243; header_level=&#8221;h2&#8243; header_text_color=&#8221;#FFFFFF&#8221; background_color=&#8221;#76c0e0&#8243; custom_margin=&#8221;||10px||false|false&#8221; custom_padding=&#8221;5px||0px|10px|false|false&#8221; border_radii=&#8221;on|3px|3px|3px|3px&#8221;][\/et_pb_blurb][et_pb_button button_url=&#8221;https:\/\/areasaludplasencia.es\/aspwp\/protocolos-01\/#digestivo&#8221; url_new_window=&#8221;on&#8221; button_text=&#8221;Preparaci\u00f3n del paciente para colonoscopia&#8221; _builder_version=&#8221;4.7.7&#8243; custom_button=&#8221;on&#8221; button_text_size=&#8221;20px&#8221; button_text_color=&#8221;#0C71C3&#8243; button_border_width=&#8221;0px&#8221; button_icon=&#8221;%%72%%&#8221; button_icon_color=&#8221;#0c71c3&#8243; button_icon_placement=&#8221;left&#8221; button_on_hover=&#8221;off&#8221; custom_margin=&#8221;||0px||false|false&#8221;][\/et_pb_button][\/et_pb_column][\/et_pb_row][\/et_pb_section][et_pb_section fb_built=&#8221;1&#8243; _builder_version=&#8221;4.7.7&#8243; _module_preset=&#8221;default&#8221; min_height=&#8221;49.7px&#8221; custom_margin=&#8221;0px||||false|false&#8221; custom_padding=&#8221;0px||0px||false|false&#8221;][et_pb_row _builder_version=&#8221;4.7.7&#8243; _module_preset=&#8221;default&#8221; min_height=&#8221;52.1px&#8221; custom_padding=&#8221;0px||||false|false&#8221;][et_pb_column type=&#8221;4_4&#8243; _builder_version=&#8221;4.7.7&#8243; _module_preset=&#8221;default&#8221;][et_pb_text _builder_version=&#8221;4.7.7&#8243; header_3_font=&#8221;|700|||||||&#8221; header_3_text_color=&#8221;#FFFFFF&#8221; header_3_letter_spacing=&#8221;1px&#8221; background_color=&#8221;#7CDA24&#8243; custom_margin=&#8221;0px||||false|false&#8221; custom_padding=&#8221;7px||0px||false|false&#8221; border_radii=&#8221;on|3px|3px|3px|3px&#8221;]<\/p>\n<h3 style=\"text-align: center;\"><strong>\u00cdndice<\/strong><\/h3>\n<p>[\/et_pb_text][\/et_pb_column][\/et_pb_row][\/et_pb_section][et_pb_section fb_built=&#8221;1&#8243; _builder_version=&#8221;4.7.7&#8243; _module_preset=&#8221;default&#8221; custom_margin=&#8221;0px||||false|false&#8221; custom_padding=&#8221;0px||||false|false&#8221;][et_pb_row column_structure=&#8221;1_2,1_2&#8243; _builder_version=&#8221;4.7.7&#8243; _module_preset=&#8221;default&#8221; custom_padding=&#8221;5px|||||&#8221;][et_pb_column type=&#8221;1_2&#8243; _builder_version=&#8221;4.7.7&#8243; _module_preset=&#8221;default&#8221;][et_pb_text _builder_version=&#8221;4.7.7&#8243; _module_preset=&#8221;default&#8221; text_text_color=&#8221;#0C71C3&#8243; text_font_size=&#8221;20px&#8221; custom_margin=&#8221;|||30px|false|false&#8221; link_option_url=&#8221;https:\/\/areasaludplasencia.es\/aspwp\/protocolos-01&#8243;]<\/p>\n<ul>\n<li>An\u00e1lisis Cl\u00ednicos<\/li>\n<li>Atenci\u00f3n a la Infancia y Adolescencia<\/li>\n<li>Atenci\u00f3n a la Mujer<\/li>\n<li>Atenci\u00f3n al Paciente Dependiente<\/li>\n<li>Cardiolog\u00eda<\/li>\n<li>Cuidados Paliativos<\/li>\n<li>Dermatolog\u00eda<\/li>\n<li>Digestivo<\/li>\n<li>Unidad del Dolor<\/li>\n<li>Educaci\u00f3n para la Salud<\/li>\n<li>Endocrinolog\u00eda<\/li>\n<li>Farmacia<\/li>\n<li>Farmacia Hospitalaria<\/li>\n<li>Fisioterapia<\/li>\n<li>Ginecolog\u00eda &#8211; Obstetricia &#8211; Paritorios<\/li>\n<\/ul>\n<p>[\/et_pb_text][\/et_pb_column][et_pb_column type=&#8221;1_2&#8243; _builder_version=&#8221;4.7.7&#8243; _module_preset=&#8221;default&#8221;][et_pb_text _builder_version=&#8221;4.7.7&#8243; _module_preset=&#8221;default&#8221; text_text_color=&#8221;#0C71C3&#8243; text_font_size=&#8221;20px&#8221; custom_margin=&#8221;|||35px|false|false&#8221; link_option_url=&#8221;https:\/\/areasaludplasencia.es\/aspwp\/protocolos-02&#8243;]<\/p>\n<ul>\n<li>Hematolog\u00eda<\/li>\n<li>Nefrolog\u00eda \/ Urolog\u00eda<\/li>\n<li>Neurologia<\/li>\n<li><strong><span style=\"color: #ff6600;\">Oftalmolog\u00eda<\/span><\/strong><\/li>\n<li>Planes de Cuidados Estandarizados<\/li>\n<li>Radiolog\u00eda<\/li>\n<li>Rehabilitaci\u00f3n \/ Locomotor<\/li>\n<li>Respiratorio<\/li>\n<li>Salud Bucodental<\/li>\n<li>Salud Mental<\/li>\n<li>Salud P\u00fablica<\/li>\n<li>T\u00e9cnicas<\/li>\n<li>U.C.I. (Medicina Intensiva)<\/li>\n<li>Urgencias<\/li>\n<li>Vacunas<\/li>\n<li>Otros<\/li>\n<\/ul>\n<p>[\/et_pb_text][\/et_pb_column][\/et_pb_row][\/et_pb_section]<\/p>\n","protected":false},"excerpt":{"rendered":"<p>[et_pb_section fb_built=&#8221;1&#8243; disabled_on=&#8221;on|on|on&#8221; admin_label=&#8221;section&#8221; _builder_version=&#8221;4.0.5&#8243; min_height=&#8221;74px&#8221; custom_margin=&#8221;||||false|false&#8221; custom_padding=&#8221;10px||0px||false|false&#8221; disabled=&#8221;on&#8221;][et_pb_row _builder_version=&#8221;4.7.7&#8243; _module_preset=&#8221;default&#8221;][et_pb_column type=&#8221;4_4&#8243; _builder_version=&#8221;4.7.7&#8243; _module_preset=&#8221;default&#8221;][et_pb_text _builder_version=&#8221;4.7.7&#8243; header_3_font=&#8221;|700|||||||&#8221; header_3_text_color=&#8221;#FFFFFF&#8221; header_3_letter_spacing=&#8221;1px&#8221; background_color=&#8221;#E02B20&#8243; custom_margin=&#8221;0px||||false|false&#8221; custom_padding=&#8221;7px||0px||false|false&#8221; border_radii=&#8221;on|3px|3px|3px|3px&#8221;] PARADA LABORATORIO [\/et_pb_text][\/et_pb_column][\/et_pb_row][et_pb_row column_structure=&#8221;3_5,2_5&#8243; _builder_version=&#8221;4.7.7&#8243; _module_preset=&#8221;default&#8221;][et_pb_column type=&#8221;3_5&#8243; _builder_version=&#8221;4.7.7&#8243; _module_preset=&#8221;default&#8221;][et_pb_button button_url=&#8221;http:\/\/www.areasaludplasencia.es\/docs\/pgc\/varios\/Volante-Laboratorio-Microbiologia.pdf&#8221; url_new_window=&#8221;on&#8221; button_text=&#8221;Parada Jara &#8211; Volante de Laboratorio MICROBIOLOG\u00cdA&#8221; disabled_on=&#8221;off|off|off&#8221; _builder_version=&#8221;4.7.7&#8243; _module_preset=&#8221;default&#8221;][\/et_pb_button][et_pb_button button_url=&#8221;http:\/\/www.areasaludplasencia.es\/docs\/pgc\/varios\/Volante-Laboratorio-Urgencias.pdf&#8221; url_new_window=&#8221;on&#8221; button_text=&#8221;Parada Jara &#8211; Volante de Laboratorio URGENCIAS&#8221; disabled_on=&#8221;off|off|off&#8221; _builder_version=&#8221;4.7.7&#8243; _module_preset=&#8221;default&#8221;][\/et_pb_button][et_pb_button &hellip; <a href=\"https:\/\/areasaludplasencia.es\/aspwp\/protocolos-00\/\" class=\"more-link\">Seguir leyendo <span class=\"screen-reader-text\">Protocolos y Gu\u00edas Cl\u00ednicas (0)<\/span> <span class=\"meta-nav\">&rarr;<\/span><\/a><\/p>\n","protected":false},"author":1,"featured_media":0,"parent":0,"menu_order":0,"comment_status":"closed","ping_status":"closed","template":"page-templates\/full-width.php","meta":{"_et_pb_use_builder":"on","_et_pb_old_content":"","_et_gb_content_width":""},"_links":{"self":[{"href":"https:\/\/areasaludplasencia.es\/aspwp\/wp-json\/wp\/v2\/pages\/5669"}],"collection":[{"href":"https:\/\/areasaludplasencia.es\/aspwp\/wp-json\/wp\/v2\/pages"}],"about":[{"href":"https:\/\/areasaludplasencia.es\/aspwp\/wp-json\/wp\/v2\/types\/page"}],"author":[{"embeddable":true,"href":"https:\/\/areasaludplasencia.es\/aspwp\/wp-json\/wp\/v2\/users\/1"}],"replies":[{"embeddable":true,"href":"https:\/\/areasaludplasencia.es\/aspwp\/wp-json\/wp\/v2\/comments?post=5669"}],"version-history":[{"count":41,"href":"https:\/\/areasaludplasencia.es\/aspwp\/wp-json\/wp\/v2\/pages\/5669\/revisions"}],"predecessor-version":[{"id":6077,"href":"https:\/\/areasaludplasencia.es\/aspwp\/wp-json\/wp\/v2\/pages\/5669\/revisions\/6077"}],"wp:attachment":[{"href":"https:\/\/areasaludplasencia.es\/aspwp\/wp-json\/wp\/v2\/media?parent=5669"}],"curies":[{"name":"wp","href":"https:\/\/api.w.org\/{rel}","templated":true}]}}