{"id":49,"date":"2017-02-22T13:55:26","date_gmt":"2017-02-22T13:55:26","guid":{"rendered":"http:\/\/areasaludplasencia.es\/aspwp\/?page_id=49"},"modified":"2020-02-21T08:35:09","modified_gmt":"2020-02-21T08:35:09","slug":"caza","status":"publish","type":"page","link":"https:\/\/areasaludplasencia.es\/aspwp\/caza\/","title":{"rendered":"Caza"},"content":{"rendered":"<p>[et_pb_section fb_built=&#8221;1&#8243; admin_label=&#8221;section&#8221; _builder_version=&#8221;4.0.5&#8243; custom_margin=&#8221;0px||||false|false&#8221; custom_padding=&#8221;0px||8px||false|false&#8221;][et_pb_row _builder_version=&#8221;4.0.5&#8243; custom_margin=&#8221;0px||||false|false&#8221; custom_padding=&#8221;0px||||false|false&#8221;][et_pb_column type=&#8221;4_4&#8243; _builder_version=&#8221;4.0.5&#8243;][et_pb_text _builder_version=&#8221;4.0.5&#8243; text_font=&#8221;||||||||&#8221; text_text_color=&#8221;#2b5183&#8243; text_font_size=&#8221;26px&#8221; custom_margin=&#8221;||0px||false|false&#8221; hover_enabled=&#8221;0&#8243; border_color_all=&#8221;#588cd0&#8243; border_width_bottom=&#8221;4px&#8221; border_color_bottom=&#8221;#5992c1&#8243; border_style_bottom=&#8221;solid&#8221;]<\/p>\n<p>Caza<\/p>\n<p>[\/et_pb_text][\/et_pb_column][\/et_pb_row][\/et_pb_section][et_pb_section fb_built=&#8221;1&#8243; _builder_version=&#8221;4.0.5&#8243;][et_pb_row _builder_version=&#8221;4.0.5&#8243; column_structure=&#8221;1_2,1_2&#8243; custom_margin=&#8221;-26px|auto||auto||&#8221;][et_pb_column _builder_version=&#8221;4.0.5&#8243; type=&#8221;1_2&#8243;][et_pb_text _builder_version=&#8221;4.0.5&#8243; header_3_font=&#8221;||||||||&#8221; header_3_text_color=&#8221;#FFFFFF&#8221; background_color=&#8221;#76c0e0&#8243; custom_margin=&#8221;0px||||false|false&#8221; custom_padding=&#8221;7px||0px||false|false&#8221; hover_enabled=&#8221;0&#8243; border_radii=&#8221;on|3px|3px|3px|3px&#8221;]<\/p>\n<h3 style=\"text-align: center;\">Designaci\u00f3n de Veterinario<\/h3>\n<p>[\/et_pb_text][et_pb_button button_url=&#8221;http:\/\/www.areasaludplasencia.es\/wasp\/pdfs\/2\/242001.pdf&#8221; url_new_window=&#8221;on&#8221; button_text=&#8221;Informaci\u00f3n para solicitud de Servicios Veterinarios.&#8221; _builder_version=&#8221;4.0.5&#8243; custom_button=&#8221;on&#8221; button_text_size=&#8221;16px&#8221; button_text_color=&#8221;#000000&#8243; button_border_width=&#8221;0px&#8221; button_icon=&#8221;%%72%%&#8221; button_icon_color=&#8221;#0c71c3&#8243; button_icon_placement=&#8221;left&#8221; button_on_hover=&#8221;off&#8221; custom_margin=&#8221;||0px||false|false&#8221; hover_enabled=&#8221;0&#8243;][\/et_pb_button][et_pb_button button_url=&#8221;http:\/\/www.areasaludplasencia.es\/wasp\/pdfs\/2\/242002.pdf&#8221; url_new_window=&#8221;on&#8221; button_text=&#8221;Solicitud para la designaci\u00f3n de veterinario oficial en actividad cineg\u00e9tica.&#8221; _builder_version=&#8221;4.0.5&#8243; custom_button=&#8221;on&#8221; button_text_size=&#8221;16px&#8221; button_text_color=&#8221;#000000&#8243; button_border_width=&#8221;0px&#8221; button_icon=&#8221;%%360%%&#8221; button_icon_color=&#8221;#0c71c3&#8243; button_icon_placement=&#8221;left&#8221; button_on_hover=&#8221;off&#8221; custom_margin=&#8221;||0px||false|false&#8221; hover_enabled=&#8221;0&#8243;][\/et_pb_button][et_pb_text _builder_version=&#8221;4.0.5&#8243; header_3_font=&#8221;||||||||&#8221; header_3_text_color=&#8221;#FFFFFF&#8221; background_color=&#8221;#76c0e0&#8243; custom_margin=&#8221;30px||||false|false&#8221; custom_padding=&#8221;7px||0px||false|false&#8221; hover_enabled=&#8221;0&#8243; border_radii=&#8221;on|3px|3px|3px|3px&#8221;]<\/p>\n<h3 style=\"text-align: center;\">Legislaci\u00f3n<\/h3>\n<p>[\/et_pb_text][et_pb_button button_url=&#8221;http:\/\/doe.juntaex.es\/pdfs\/doe\/2006\/90o\/05040289.pdf&#8221; url_new_window=&#8221;on&#8221; button_text=&#8221;CORRECCI\u00d3N de errores al Decreto 230\/2005, de 11 de octubre, de control sanitario de las especies de caza silvestre.&#8221; _builder_version=&#8221;4.0.5&#8243; custom_button=&#8221;on&#8221; button_text_size=&#8221;16px&#8221; button_text_color=&#8221;#000000&#8243; button_border_width=&#8221;0px&#8221; button_icon=&#8221;%%372%%&#8221; button_icon_color=&#8221;#0c71c3&#8243; button_icon_placement=&#8221;left&#8221; button_on_hover=&#8221;off&#8221; custom_margin=&#8221;||0px||false|false&#8221; hover_enabled=&#8221;0&#8243;][\/et_pb_button][et_pb_button button_url=&#8221;http:\/\/doe.juntaex.es\/pdfs\/doe\/2005\/1300o\/05040256.pdf&#8221; url_new_window=&#8221;on&#8221; button_text=&#8221;DECRETO 230\/2005, de 11 de octubre, de control sanitario de las especies de caza silvestre.&#8221; _builder_version=&#8221;4.0.5&#8243; custom_button=&#8221;on&#8221; button_text_size=&#8221;16px&#8221; button_text_color=&#8221;#000000&#8243; button_border_width=&#8221;0px&#8221; button_icon=&#8221;%%372%%&#8221; button_icon_color=&#8221;#0c71c3&#8243; button_icon_placement=&#8221;left&#8221; button_on_hover=&#8221;off&#8221; custom_margin=&#8221;||0px||false|false&#8221; hover_enabled=&#8221;0&#8243;][\/et_pb_button][\/et_pb_column][et_pb_column _builder_version=&#8221;4.0.5&#8243; type=&#8221;1_2&#8243;][et_pb_text _builder_version=&#8221;4.0.5&#8243; header_3_font=&#8221;||||||||&#8221; header_3_text_color=&#8221;#FFFFFF&#8221; background_color=&#8221;#76c0e0&#8243; custom_margin=&#8221;0px||||false|false&#8221; custom_padding=&#8221;7px||0px||false|false&#8221; hover_enabled=&#8221;0&#8243; border_radii=&#8221;on|3px|3px|3px|3px&#8221;]<\/p>\n<h3 style=\"text-align: center;\">Local de Evisceraci\u00f3n<\/h3>\n<p>[\/et_pb_text][et_pb_button button_url=&#8221;http:\/\/www.areasaludplasencia.es\/wasp\/pdfs\/2\/242003.pdf&#8221; url_new_window=&#8221;on&#8221; button_text=&#8221;Informaci\u00f3n para el local de evisceraci\u00f3n e inspecci\u00f3n post-mortem de piezas de caza silvestre.&#8221; _builder_version=&#8221;4.0.5&#8243; custom_button=&#8221;on&#8221; button_text_size=&#8221;16px&#8221; button_text_color=&#8221;#000000&#8243; button_border_width=&#8221;0px&#8221; button_icon=&#8221;%%72%%&#8221; button_icon_color=&#8221;#0c71c3&#8243; button_icon_placement=&#8221;left&#8221; button_on_hover=&#8221;off&#8221; custom_margin=&#8221;||0px||false|false&#8221; hover_enabled=&#8221;0&#8243;][\/et_pb_button][et_pb_button button_url=&#8221;http:\/\/www.areasaludplasencia.es\/docs\/saludpublica\/ses-plasencia-autorizacion-local-evisceracion-caza-silvestre.pdf&#8221; url_new_window=&#8221;on&#8221; button_text=&#8221;Solicitud de autorizaci\u00f3n del local de evisceraci\u00f3n de piezas de caza silvestre.&#8221; _builder_version=&#8221;4.0.5&#8243; custom_button=&#8221;on&#8221; button_text_size=&#8221;16px&#8221; button_text_color=&#8221;#000000&#8243; button_border_width=&#8221;0px&#8221; button_icon=&#8221;%%360%%&#8221; button_icon_color=&#8221;#0c71c3&#8243; button_icon_placement=&#8221;left&#8221; button_on_hover=&#8221;off&#8221; custom_margin=&#8221;||0px||false|false&#8221; hover_enabled=&#8221;0&#8243;][\/et_pb_button][\/et_pb_column][\/et_pb_row][\/et_pb_section]<\/p>\n","protected":false},"excerpt":{"rendered":"<p>[et_pb_section fb_built=&#8221;1&#8243; admin_label=&#8221;section&#8221; _builder_version=&#8221;4.0.5&#8243; custom_margin=&#8221;0px||||false|false&#8221; custom_padding=&#8221;0px||8px||false|false&#8221;][et_pb_row _builder_version=&#8221;4.0.5&#8243; custom_margin=&#8221;0px||||false|false&#8221; custom_padding=&#8221;0px||||false|false&#8221;][et_pb_column type=&#8221;4_4&#8243; _builder_version=&#8221;4.0.5&#8243;][et_pb_text _builder_version=&#8221;4.0.5&#8243; text_font=&#8221;||||||||&#8221; text_text_color=&#8221;#2b5183&#8243; text_font_size=&#8221;26px&#8221; custom_margin=&#8221;||0px||false|false&#8221; hover_enabled=&#8221;0&#8243; border_color_all=&#8221;#588cd0&#8243; border_width_bottom=&#8221;4px&#8221; border_color_bottom=&#8221;#5992c1&#8243; border_style_bottom=&#8221;solid&#8221;] Caza [\/et_pb_text][\/et_pb_column][\/et_pb_row][\/et_pb_section][et_pb_section fb_built=&#8221;1&#8243; _builder_version=&#8221;4.0.5&#8243;][et_pb_row _builder_version=&#8221;4.0.5&#8243; column_structure=&#8221;1_2,1_2&#8243; custom_margin=&#8221;-26px|auto||auto||&#8221;][et_pb_column _builder_version=&#8221;4.0.5&#8243; type=&#8221;1_2&#8243;][et_pb_text _builder_version=&#8221;4.0.5&#8243; header_3_font=&#8221;||||||||&#8221; header_3_text_color=&#8221;#FFFFFF&#8221; background_color=&#8221;#76c0e0&#8243; custom_margin=&#8221;0px||||false|false&#8221; custom_padding=&#8221;7px||0px||false|false&#8221; hover_enabled=&#8221;0&#8243; border_radii=&#8221;on|3px|3px|3px|3px&#8221;] Designaci\u00f3n de Veterinario [\/et_pb_text][et_pb_button button_url=&#8221;http:\/\/www.areasaludplasencia.es\/wasp\/pdfs\/2\/242001.pdf&#8221; url_new_window=&#8221;on&#8221; button_text=&#8221;Informaci\u00f3n para solicitud de Servicios Veterinarios.&#8221; _builder_version=&#8221;4.0.5&#8243; custom_button=&#8221;on&#8221; button_text_size=&#8221;16px&#8221; button_text_color=&#8221;#000000&#8243; button_border_width=&#8221;0px&#8221; &hellip; <a href=\"https:\/\/areasaludplasencia.es\/aspwp\/caza\/\" class=\"more-link\">Seguir leyendo <span class=\"screen-reader-text\">Caza<\/span> <span class=\"meta-nav\">&rarr;<\/span><\/a><\/p>\n","protected":false},"author":1,"featured_media":0,"parent":0,"menu_order":0,"comment_status":"closed","ping_status":"closed","template":"page-templates\/full-width.php","meta":{"_et_pb_use_builder":"on","_et_pb_old_content":"<h1 style=\"color: #223650;\">Caza<\/h1>\r\n\r\n<hr style=\"border: 2px solid #588cd0;\" \/>\r\n\r\n<h3>Designaci\u00f3n de Veterinario<\/h3>\r\n<table class=\"tablasinborde\" width=\"100%\">\r\n<tbody>\r\n<tr>\r\n<td align=\"center\" valign=\"top\" width=\"10%\"><a class=\"aLink1\" href=\"http:\/\/www.areasaludplasencia.es\/wasp\/pdfs\/2\/242001.pdf\" target=\"_blank\"> <img src=\"http:\/\/www.areasaludplasencia.es\/wasp\/images\/verpdf2.gif\" alt=\"Ver pdf\" align=\"bottom\" border=\"0\" \/><\/a><\/td>\r\n<td>Informaci\u00f3n para la solicitud de Servicios Veterinarios<\/td>\r\n<\/tr>\r\n<tr>\r\n<td align=\"center\" valign=\"top\" width=\"10%\"><a class=\"aLink1\" href=\"http:\/\/www.areasaludplasencia.es\/wasp\/pdfs\/2\/242002.pdf\" target=\"_blank\"> <img src=\"http:\/\/www.areasaludplasencia.es\/wasp\/images\/verpdf2.gif\" alt=\"Ver pdf\" align=\"bottom\" border=\"0\" \/><\/a><\/td>\r\n<td>Solicitud designaci\u00f3n veterinario<\/td>\r\n<\/tr>\r\n<\/tbody>\r\n<\/table>\r\n&nbsp;\r\n<h3>Legislaci\u00f3n<\/h3>\r\n<table class=\"tablasinborde\" width=\"100%\">\r\n<tbody>\r\n<tr>\r\n<td align=\"center\" valign=\"top\" width=\"10%\"><a class=\"aLink1\" href=\"http:\/\/doe.juntaex.es\/pdfs\/doe\/2005\/1300O\/05040256.pdf\" target=\"_blank\"> <img src=\"http:\/\/www.areasaludplasencia.es\/wasp\/images\/verdoe2.gif\" alt=\"Ver pdf\" align=\"bottom\" border=\"0\" \/><\/a><\/td>\r\n<td>DECRETO 230\/2005, de 11 de octubre, de control sanitario de las\r\nespecies de caza silvestre<\/td>\r\n<\/tr>\r\n<tr>\r\n<td align=\"center\" valign=\"top\" width=\"10%\"><a class=\"aLink1\" href=\"http:\/\/doe.juntaex.es\/pdfs\/doe\/2006\/90O\/05040289.pdf\" target=\"_blank\"> <img src=\"http:\/\/www.areasaludplasencia.es\/wasp\/images\/verdoe2.gif\" alt=\"Ver pdf\" align=\"bottom\" border=\"0\" \/><\/a><\/td>\r\n<td>CORRECCI\u00d3N de errores al Decreto 230\/2005, de 11 de octubre,\r\nde control sanitario de las especies de caza silvestre<\/td>\r\n<\/tr>\r\n<\/tbody>\r\n<\/table>\r\n&nbsp;\r\n<h3>Local de Evisceraci\u00f3n<\/h3>\r\n<table class=\"tablasinborde\" width=\"100%\">\r\n<tbody>\r\n<tr>\r\n<td align=\"center\" valign=\"top\" width=\"10%\"><a class=\"aLink1\" href=\"http:\/\/www.areasaludplasencia.es\/wasp\/pdfs\/2\/242003.pdf\" target=\"_blank\"> <img src=\"http:\/\/www.areasaludplasencia.es\/wasp\/images\/verpdf2.gif\" alt=\"Ver pdf\" align=\"bottom\" border=\"0\" \/><\/a><\/td>\r\n<td>Informaci\u00f3n para el local de evisceraci\u00f3n e inspecci\u00f3n post-mortem de piezas de caza silvestre<\/td>\r\n<\/tr>\r\n<tr>\r\n<td align=\"center\" valign=\"top\" width=\"10%\"><a class=\"aLink1\" href=\"http:\/\/www.areasaludplasencia.es\/wasp\/pdfs\/2\/242004.pdf\" target=\"_blank\"> <img src=\"http:\/\/www.areasaludplasencia.es\/wasp\/images\/verpdf2.gif\" alt=\"Ver pdf\" align=\"bottom\" border=\"0\" \/><\/a><\/td>\r\n<td>Solicitud de autorizaci\u00f3n del lugar de evisceraci\u00f3n y\/o inspecci\u00f3n post-mortem de piezas de caza silvestre<\/td>\r\n<\/tr>\r\n<\/tbody>\r\n<\/table>\r\n&nbsp;","_et_gb_content_width":""},"_links":{"self":[{"href":"https:\/\/areasaludplasencia.es\/aspwp\/wp-json\/wp\/v2\/pages\/49"}],"collection":[{"href":"https:\/\/areasaludplasencia.es\/aspwp\/wp-json\/wp\/v2\/pages"}],"about":[{"href":"https:\/\/areasaludplasencia.es\/aspwp\/wp-json\/wp\/v2\/types\/page"}],"author":[{"embeddable":true,"href":"https:\/\/areasaludplasencia.es\/aspwp\/wp-json\/wp\/v2\/users\/1"}],"replies":[{"embeddable":true,"href":"https:\/\/areasaludplasencia.es\/aspwp\/wp-json\/wp\/v2\/comments?post=49"}],"version-history":[{"count":10,"href":"https:\/\/areasaludplasencia.es\/aspwp\/wp-json\/wp\/v2\/pages\/49\/revisions"}],"predecessor-version":[{"id":2985,"href":"https:\/\/areasaludplasencia.es\/aspwp\/wp-json\/wp\/v2\/pages\/49\/revisions\/2985"}],"wp:attachment":[{"href":"https:\/\/areasaludplasencia.es\/aspwp\/wp-json\/wp\/v2\/media?parent=49"}],"curies":[{"name":"wp","href":"https:\/\/api.w.org\/{rel}","templated":true}]}}