{"id":3932,"date":"2021-05-11T10:56:27","date_gmt":"2021-05-11T10:56:27","guid":{"rendered":"http:\/\/areasaludplasencia.es\/aspwp\/?page_id=3932"},"modified":"2021-09-13T12:42:36","modified_gmt":"2021-09-13T12:42:36","slug":"estudiantes","status":"publish","type":"page","link":"https:\/\/areasaludplasencia.es\/aspwp\/estudiantes\/","title":{"rendered":"Estudiantes"},"content":{"rendered":"<p>[et_pb_section fb_built=&#8221;1&#8243; admin_label=&#8221;section&#8221; _builder_version=&#8221;4.0.5&#8243; custom_margin=&#8221;0px||||false|false&#8221; custom_padding=&#8221;0px||12px||false|false&#8221;][et_pb_row _builder_version=&#8221;4.0.5&#8243; custom_margin=&#8221;-20px|auto||auto|false|false&#8221; custom_padding=&#8221;||||false|false&#8221;][et_pb_column type=&#8221;4_4&#8243; _builder_version=&#8221;4.0.5&#8243;][et_pb_text _builder_version=&#8221;4.7.7&#8243; text_font=&#8221;||||||||&#8221; text_text_color=&#8221;#2b5183&#8243; text_font_size=&#8221;26px&#8221; custom_margin=&#8221;||0px||false|false&#8221; border_color_all=&#8221;#588cd0&#8243; border_width_bottom=&#8221;4px&#8221; border_color_bottom=&#8221;#5992c1&#8243; border_style_bottom=&#8221;solid&#8221;]<\/p>\n<p>Estudiantes<\/p>\n<p>[\/et_pb_text][\/et_pb_column][\/et_pb_row][\/et_pb_section][et_pb_section fb_built=&#8221;1&#8243; _builder_version=&#8221;4.0.5&#8243; custom_padding=&#8221;15px|||||&#8221;][et_pb_row column_structure=&#8221;1_2,1_2&#8243; _builder_version=&#8221;4.7.7&#8243; _module_preset=&#8221;default&#8221;][et_pb_column type=&#8221;1_2&#8243; _builder_version=&#8221;4.7.7&#8243; _module_preset=&#8221;default&#8221;][et_pb_button button_url=&#8221;http:\/\/www.areasaludplasencia.es\/docs\/docencia\/estudiantes\/ses-plasencia-guia-acogida.pdf&#8221; url_new_window=&#8221;on&#8221; button_text=&#8221;Gu\u00eda de acogida del estudiante&#8221; _builder_version=&#8221;4.7.7&#8243; custom_button=&#8221;on&#8221; button_text_size=&#8221;15px&#8221; button_text_color=&#8221;#000000&#8243; button_border_width=&#8221;0px&#8221; button_icon=&#8221;%%72%%&#8221; button_icon_color=&#8221;#0c71c3&#8243; button_icon_placement=&#8221;left&#8221; button_on_hover=&#8221;off&#8221; custom_margin=&#8221;||0px||false|false&#8221;][\/et_pb_button][et_pb_button button_url=&#8221;http:\/\/www.areasaludplasencia.es\/docs\/docencia\/estudiantes\/ses-plasencia-guia-covid.pdf&#8221; url_new_window=&#8221;on&#8221; button_text=&#8221;Gu\u00eda de acogida del estudiante COVID&#8221; _builder_version=&#8221;4.7.7&#8243; custom_button=&#8221;on&#8221; button_text_size=&#8221;15px&#8221; button_text_color=&#8221;#000000&#8243; button_border_width=&#8221;0px&#8221; button_icon=&#8221;%%72%%&#8221; button_icon_color=&#8221;#0c71c3&#8243; button_icon_placement=&#8221;left&#8221; button_on_hover=&#8221;off&#8221; custom_margin=&#8221;||0px||false|false&#8221;][\/et_pb_button][et_pb_button button_url=&#8221;http:\/\/www.areasaludplasencia.es\/docs\/docencia\/estudiantes\/ses-plasencia-compromiso-adhesion.pdf&#8221; url_new_window=&#8221;on&#8221; button_text=&#8221;Compromiso de Adhesi\u00f3n y Seguimiento de Normas&#8221; _builder_version=&#8221;4.7.7&#8243; custom_button=&#8221;on&#8221; button_text_size=&#8221;15px&#8221; button_text_color=&#8221;#000000&#8243; button_border_width=&#8221;0px&#8221; button_icon=&#8221;%%72%%&#8221; button_icon_color=&#8221;#0c71c3&#8243; button_icon_placement=&#8221;left&#8221; button_on_hover=&#8221;off&#8221; custom_margin=&#8221;||0px||false|false&#8221;][\/et_pb_button][et_pb_button button_url=&#8221;http:\/\/www.areasaludplasencia.es\/docs\/docencia\/estudiantes\/ses-plasencia-declaracion-covid-curso.pdf&#8221; url_new_window=&#8221;on&#8221; button_text=&#8221;Declaraci\u00f3n COVID Curso&#8221; _builder_version=&#8221;4.7.7&#8243; custom_button=&#8221;on&#8221; button_text_size=&#8221;15px&#8221; button_text_color=&#8221;#000000&#8243; button_border_width=&#8221;0px&#8221; button_icon=&#8221;%%72%%&#8221; button_icon_color=&#8221;#0c71c3&#8243; button_icon_placement=&#8221;left&#8221; button_on_hover=&#8221;off&#8221; custom_margin=&#8221;||0px||false|false&#8221;][\/et_pb_button][et_pb_button button_url=&#8221;http:\/\/www.areasaludplasencia.es\/docs\/docencia\/estudiantes\/ses-plasencia-declaracion-covid-residentes.pdf&#8221; url_new_window=&#8221;on&#8221; button_text=&#8221;Declaraci\u00f3n COVID Residentes&#8221; _builder_version=&#8221;4.7.7&#8243; custom_button=&#8221;on&#8221; button_text_size=&#8221;15px&#8221; button_text_color=&#8221;#000000&#8243; button_border_width=&#8221;0px&#8221; button_icon=&#8221;%%72%%&#8221; button_icon_color=&#8221;#0c71c3&#8243; button_icon_placement=&#8221;left&#8221; button_on_hover=&#8221;off&#8221; custom_margin=&#8221;||0px||false|false&#8221;][\/et_pb_button][et_pb_button button_url=&#8221;http:\/\/www.areasaludplasencia.es\/docs\/docencia\/estudiantes\/ses-plasencia-declaracion-covid.pdf&#8221; url_new_window=&#8221;on&#8221; button_text=&#8221;Declaraci\u00f3n COVID&#8221; _builder_version=&#8221;4.7.7&#8243; custom_button=&#8221;on&#8221; button_text_size=&#8221;15px&#8221; button_text_color=&#8221;#000000&#8243; button_border_width=&#8221;0px&#8221; button_icon=&#8221;%%72%%&#8221; button_icon_color=&#8221;#0c71c3&#8243; button_icon_placement=&#8221;left&#8221; button_on_hover=&#8221;off&#8221; custom_margin=&#8221;||0px||false|false&#8221;][\/et_pb_button][\/et_pb_column][et_pb_column type=&#8221;1_2&#8243; _builder_version=&#8221;4.7.7&#8243; _module_preset=&#8221;default&#8221;][et_pb_button button_url=&#8221;https:\/\/www.boe.es\/boe\/dias\/2017\/02\/06\/pdfs\/BOE-A-2017-1200.pdf&#8221; url_new_window=&#8221;on&#8221; button_text=&#8221;Orden SSI\/81\/2017 sobre protocolo intimidad estudiantes y residentes&#8221; _builder_version=&#8221;4.7.7&#8243; custom_button=&#8221;on&#8221; button_text_size=&#8221;16px&#8221; button_text_color=&#8221;#000000&#8243; button_border_width=&#8221;0px&#8221; button_icon=&#8221;%%372%%&#8221; button_icon_color=&#8221;#0c71c3&#8243; button_icon_placement=&#8221;left&#8221; button_on_hover=&#8221;off&#8221; custom_margin=&#8221;||0px||false|false&#8221;][\/et_pb_button][et_pb_button button_url=&#8221;http:\/\/www.areasaludplasencia.es\/wasp\/pdfs\/6\/623011.pdf&#8221; url_new_window=&#8221;on&#8221; button_text=&#8221;Certificado Negativo del Registro Central de Delincuentes Sexuales&#8221; _builder_version=&#8221;4.7.7&#8243; custom_button=&#8221;on&#8221; button_text_size=&#8221;16px&#8221; button_text_color=&#8221;#000000&#8243; button_border_width=&#8221;0px&#8221; button_icon=&#8221;%%372%%&#8221; button_icon_color=&#8221;#0c71c3&#8243; button_icon_placement=&#8221;left&#8221; button_on_hover=&#8221;off&#8221; custom_margin=&#8221;||0px||false|false&#8221;][\/et_pb_button][\/et_pb_column][\/et_pb_row][et_pb_row column_structure=&#8221;2_5,3_5&#8243; _builder_version=&#8221;4.7.7&#8243; _module_preset=&#8221;default&#8221;][et_pb_column type=&#8221;2_5&#8243; _builder_version=&#8221;4.7.7&#8243; _module_preset=&#8221;default&#8221;][et_pb_text _builder_version=&#8221;4.7.7&#8243; header_3_font=&#8221;||||||||&#8221; header_3_text_align=&#8221;right&#8221; header_3_text_color=&#8221;#FFFFFF&#8221; background_color=&#8221;#76c0e0&#8243; custom_margin=&#8221;0px||||false|false&#8221; custom_padding=&#8221;7px||0px||false|false&#8221; border_radii=&#8221;on|3px|3px|3px|3px&#8221;]<\/p>\n<h3 style=\"text-align: right;\">Prevenci\u00f3n de Riesgos Laborales \u2192\u00a0<\/h3>\n<p>[\/et_pb_text][\/et_pb_column][et_pb_column type=&#8221;3_5&#8243; _builder_version=&#8221;4.7.7&#8243; _module_preset=&#8221;default&#8221;][et_pb_button button_url=&#8221;http:\/\/www.areasaludplasencia.es\/docs\/docencia\/estudiantes\/ses-plasencia-accidente-biologico-alumno.pdf&#8221; url_new_window=&#8221;on&#8221; button_text=&#8221;Actuaci\u00f3n ante accidente con riesgo biol\u00f3gico del alumno.&#8221; _builder_version=&#8221;4.7.7&#8243; custom_button=&#8221;on&#8221; button_text_size=&#8221;15px&#8221; button_text_color=&#8221;#000000&#8243; button_border_width=&#8221;0px&#8221; button_icon=&#8221;%%72%%&#8221; button_icon_color=&#8221;#0c71c3&#8243; button_icon_placement=&#8221;left&#8221; button_on_hover=&#8221;off&#8221; custom_margin=&#8221;||0px||false|false&#8221; hover_enabled=&#8221;0&#8243; sticky_enabled=&#8221;0&#8243;][\/et_pb_button][et_pb_button button_url=&#8221;http:\/\/www.areasaludplasencia.es\/docs\/riesgoslaborales\/ses-plasencia-guia-bolsillo-trabajadores.pdf&#8221; url_new_window=&#8221;on&#8221; button_text=&#8221;Actuaci\u00f3n ante un caso de incendio en el hospital.&#8221; _builder_version=&#8221;4.7.7&#8243; custom_button=&#8221;on&#8221; button_text_size=&#8221;15px&#8221; button_text_color=&#8221;#000000&#8243; button_border_width=&#8221;0px&#8221; button_icon=&#8221;%%72%%&#8221; button_icon_color=&#8221;#0c71c3&#8243; button_icon_placement=&#8221;left&#8221; button_on_hover=&#8221;off&#8221; custom_margin=&#8221;||0px||false|false&#8221; hover_enabled=&#8221;0&#8243; sticky_enabled=&#8221;0&#8243;][\/et_pb_button][et_pb_divider _builder_version=&#8221;4.7.7&#8243; _module_preset=&#8221;default&#8221; hover_enabled=&#8221;0&#8243; sticky_enabled=&#8221;0&#8243; custom_margin=&#8221;20px||5px||false|false&#8221; custom_padding=&#8221;||0px|||&#8221;][\/et_pb_divider][et_pb_button button_url=&#8221;https:\/\/areasaludplasencia.es\/aspwp\/prevencion-de-riesgos-laborales\/&#8221; url_new_window=&#8221;on&#8221; button_text=&#8221;COVID-19. Colocaci\u00f3n y Retirada de los Equipos de Protecci\u00f3n Individual (v\u00eddeo)&#8221; _builder_version=&#8221;4.7.7&#8243; custom_button=&#8221;on&#8221; button_text_size=&#8221;16px&#8221; button_text_color=&#8221;#000000&#8243; button_border_width=&#8221;0px&#8221; button_icon=&#8221;%%129%%&#8221; button_icon_color=&#8221;#0c71c3&#8243; button_icon_placement=&#8221;left&#8221; button_on_hover=&#8221;off&#8221; custom_margin=&#8221;||0px||false|false&#8221;][\/et_pb_button][et_pb_button button_url=&#8221;https:\/\/areasaludplasencia.es\/aspwp\/prevencion-de-riesgos-laborales\/#residuos&#8221; url_new_window=&#8221;on&#8221; button_text=&#8221;Gesti\u00f3n de Residuos Sanitarios. Curso de Clasificaci\u00f3n y Gesti\u00f3n de Residuos Peligrosos y BioSanitarios.&#8221; _builder_version=&#8221;4.7.7&#8243; custom_button=&#8221;on&#8221; button_text_size=&#8221;16px&#8221; button_text_color=&#8221;#000000&#8243; button_border_width=&#8221;0px&#8221; button_icon=&#8221;%%129%%&#8221; button_icon_color=&#8221;#0c71c3&#8243; button_icon_placement=&#8221;left&#8221; button_on_hover=&#8221;off&#8221; custom_margin=&#8221;||0px||false|false&#8221;][\/et_pb_button][\/et_pb_column][\/et_pb_row][\/et_pb_section]<\/p>\n","protected":false},"excerpt":{"rendered":"<p>[et_pb_section fb_built=&#8221;1&#8243; admin_label=&#8221;section&#8221; _builder_version=&#8221;4.0.5&#8243; custom_margin=&#8221;0px||||false|false&#8221; custom_padding=&#8221;0px||12px||false|false&#8221;][et_pb_row _builder_version=&#8221;4.0.5&#8243; custom_margin=&#8221;-20px|auto||auto|false|false&#8221; custom_padding=&#8221;||||false|false&#8221;][et_pb_column type=&#8221;4_4&#8243; _builder_version=&#8221;4.0.5&#8243;][et_pb_text _builder_version=&#8221;4.7.7&#8243; text_font=&#8221;||||||||&#8221; text_text_color=&#8221;#2b5183&#8243; text_font_size=&#8221;26px&#8221; custom_margin=&#8221;||0px||false|false&#8221; border_color_all=&#8221;#588cd0&#8243; border_width_bottom=&#8221;4px&#8221; border_color_bottom=&#8221;#5992c1&#8243; border_style_bottom=&#8221;solid&#8221;] Estudiantes [\/et_pb_text][\/et_pb_column][\/et_pb_row][\/et_pb_section][et_pb_section fb_built=&#8221;1&#8243; _builder_version=&#8221;4.0.5&#8243; custom_padding=&#8221;15px|||||&#8221;][et_pb_row column_structure=&#8221;1_2,1_2&#8243; _builder_version=&#8221;4.7.7&#8243; _module_preset=&#8221;default&#8221;][et_pb_column type=&#8221;1_2&#8243; _builder_version=&#8221;4.7.7&#8243; _module_preset=&#8221;default&#8221;][et_pb_button button_url=&#8221;http:\/\/www.areasaludplasencia.es\/docs\/docencia\/estudiantes\/ses-plasencia-guia-acogida.pdf&#8221; url_new_window=&#8221;on&#8221; button_text=&#8221;Gu\u00eda de acogida del estudiante&#8221; _builder_version=&#8221;4.7.7&#8243; custom_button=&#8221;on&#8221; button_text_size=&#8221;15px&#8221; button_text_color=&#8221;#000000&#8243; button_border_width=&#8221;0px&#8221; button_icon=&#8221;%%72%%&#8221; button_icon_color=&#8221;#0c71c3&#8243; button_icon_placement=&#8221;left&#8221; button_on_hover=&#8221;off&#8221; custom_margin=&#8221;||0px||false|false&#8221;][\/et_pb_button][et_pb_button button_url=&#8221;http:\/\/www.areasaludplasencia.es\/docs\/docencia\/estudiantes\/ses-plasencia-guia-covid.pdf&#8221; url_new_window=&#8221;on&#8221; button_text=&#8221;Gu\u00eda de acogida del estudiante &hellip; <a href=\"https:\/\/areasaludplasencia.es\/aspwp\/estudiantes\/\" class=\"more-link\">Seguir leyendo <span class=\"screen-reader-text\">Estudiantes<\/span> <span class=\"meta-nav\">&rarr;<\/span><\/a><\/p>\n","protected":false},"author":1,"featured_media":0,"parent":0,"menu_order":0,"comment_status":"closed","ping_status":"closed","template":"page-templates\/full-width.php","meta":{"_et_pb_use_builder":"on","_et_pb_old_content":"<h1 style=\"color: #223650;\">Unidad Docente<\/h1>\n\n<hr style=\"border: 2px solid #588cd0;\">\n\n<table class=\"tablasinborde\" style=\"width: 100%;\">\n<tbody>\n<tr>\n<td width=\"50%\" style=\"padding-left:5%;\">\nLos profesionales que forman parte de la UDM-AFyC de Plasencia est\u00e1n ubicados en la tercera planta del Hospital Virgen del Puerto de Plasencia (Paraje de Valcorchero S\/N).\n\nExiste un Aula de Docencia en un edificio anexo al Hospital.\n\nLa Unidad Docente pertenece a la Gerencia de \u00c1rea de Plasencia.\n\nemail: udocen.plasencia@ses.gobex.es\n\ntel\u00e9fono: 927 428 370 ext. 74811 y 74814\n\nLa Unidad Docente est\u00e1 incluida en la Gerencia del \u00c1rea de Plasencia a trav\u00e9s de la Direcci\u00f3n de Salud<\/td>\n<td style=\"padding-left:5%;\">La unidad Docente se compone por:\n<ul>\n \t<li>Dra. Alicia Bay\u00f3n Sayago:\nM\u00e9dico especialista en Medicina Familiar y Comunitaria\nT\u00e9cnico de Salud\nJefe de estudios de la UDM \u2013 AF y C\nCoordinadora en funciones de Formaci\u00f3n continuada del \u00c1rea de Plasencia<\/li>\n \t<li>Dr. F\u00e9lix Fernando Arroyo Rodr\u00edguez\nJefe de Estudios de Formaci\u00f3n Especializada<\/li>\n \t<li>Dr. Daniel G\u00f3mez Pizarro\nJefe de Estudios de Salud Mental<\/li>\n \t<li>Florentina Salgueiro Gonz\u00e1lez:\nAuxiliar administrativo<\/li>\n<\/ul>\n<\/td>\n<\/tr>\n<\/tbody>\n<\/table>","_et_gb_content_width":""},"_links":{"self":[{"href":"https:\/\/areasaludplasencia.es\/aspwp\/wp-json\/wp\/v2\/pages\/3932"}],"collection":[{"href":"https:\/\/areasaludplasencia.es\/aspwp\/wp-json\/wp\/v2\/pages"}],"about":[{"href":"https:\/\/areasaludplasencia.es\/aspwp\/wp-json\/wp\/v2\/types\/page"}],"author":[{"embeddable":true,"href":"https:\/\/areasaludplasencia.es\/aspwp\/wp-json\/wp\/v2\/users\/1"}],"replies":[{"embeddable":true,"href":"https:\/\/areasaludplasencia.es\/aspwp\/wp-json\/wp\/v2\/comments?post=3932"}],"version-history":[{"count":13,"href":"https:\/\/areasaludplasencia.es\/aspwp\/wp-json\/wp\/v2\/pages\/3932\/revisions"}],"predecessor-version":[{"id":4221,"href":"https:\/\/areasaludplasencia.es\/aspwp\/wp-json\/wp\/v2\/pages\/3932\/revisions\/4221"}],"wp:attachment":[{"href":"https:\/\/areasaludplasencia.es\/aspwp\/wp-json\/wp\/v2\/media?parent=3932"}],"curies":[{"name":"wp","href":"https:\/\/api.w.org\/{rel}","templated":true}]}}