{"id":362,"date":"2017-03-05T10:26:03","date_gmt":"2017-03-05T10:26:03","guid":{"rendered":"http:\/\/areasaludplasencia.es\/aspwp\/?page_id=362"},"modified":"2019-11-26T12:52:35","modified_gmt":"2019-11-26T12:52:35","slug":"documentos-unidades-administrativas","status":"publish","type":"page","link":"https:\/\/areasaludplasencia.es\/aspwp\/documentos-unidades-administrativas\/","title":{"rendered":"Documentos Unidades Administrativas"},"content":{"rendered":"<p>[et_pb_section fb_built=&#8221;1&#8243; admin_label=&#8221;section&#8221; _builder_version=&#8221;4.0.5&#8243; custom_margin=&#8221;0px||||false|false&#8221; custom_padding=&#8221;0px||10px||false|false&#8221;][et_pb_row _builder_version=&#8221;4.0.5&#8243; custom_margin=&#8221;0px||||false|false&#8221; custom_padding=&#8221;||||false|false&#8221;][et_pb_column type=&#8221;4_4&#8243; _builder_version=&#8221;4.0.5&#8243;][et_pb_text _builder_version=&#8221;4.0.5&#8243; text_font=&#8221;||||||||&#8221; text_text_color=&#8221;#2b5183&#8243; text_font_size=&#8221;26px&#8221; custom_margin=&#8221;||0px||false|false&#8221; hover_enabled=&#8221;0&#8243; border_color_all=&#8221;#588cd0&#8243; border_width_bottom=&#8221;4px&#8221; border_color_bottom=&#8221;#5992c1&#8243; border_style_bottom=&#8221;solid&#8221;]<\/p>\n<p>Documentos Unidades Administrativas<\/p>\n<p>[\/et_pb_text][\/et_pb_column][\/et_pb_row][\/et_pb_section][et_pb_section fb_built=&#8221;1&#8243; _builder_version=&#8221;4.0.5&#8243; custom_padding=&#8221;0px|||||&#8221;][et_pb_row _builder_version=&#8221;4.0.5&#8243; column_structure=&#8221;1_2,1_2&#8243; custom_padding=&#8221;6px|||||&#8221;][et_pb_column _builder_version=&#8221;4.0.5&#8243; type=&#8221;1_2&#8243;][et_pb_code _builder_version=&#8221;4.0.5&#8243; hover_enabled=&#8221;0&#8243;]<\/p>\n<table class=\"texto\" width=\"100%\"><!-- [et_pb_line_break_holder] --><\/p>\n<tr>\n<td width=\"5%\" align=\"center\"><a href=\"http:\/\/areasaludplasencia.es\/aspwp\/7\/718001.pdf\" class=\"aLink1\" target=\"_blank\" rel=\"noopener noreferrer\"><!-- [et_pb_line_break_holder] -->\t\t\t<img src=\"\/wasp\/images\/verpdf2.gif\" border=\"0\" align=\"bottom\" alt=\"Ver pdf\"\/><\/a><\/td>\n<p><!-- [et_pb_line_break_holder] -->     <\/p>\n<td colspan=\"2\" style=\"line-height:normal\">Solicitud Ayuda Productos Farmac\u00e9uticos Uso Pedi\u00e1trico<\/td>\n<p><!-- [et_pb_line_break_holder] --><\/tr>\n<p><!-- [et_pb_line_break_holder] --><!-- [et_pb_line_break_holder] --><\/p>\n<tr>\n<td width=\"5%\" align=\"center\"><a href=\"http:\/\/areasaludplasencia.es\/aspwp\/7\/718004.pdf\" class=\"aLink1\" target=\"_blank\" rel=\"noopener noreferrer\"><!-- [et_pb_line_break_holder] -->\t\t\t<img src=\"\/wasp\/images\/verpdf2.gif\" border=\"0\" align=\"bottom\" alt=\"Ver pdf\"\/><\/a><\/td>\n<p><!-- [et_pb_line_break_holder] -->     <\/p>\n<td colspan=\"2\">Solicitud renovaci\u00f3n Orden de Asistencia<\/td>\n<p><!-- [et_pb_line_break_holder] --><\/tr>\n<p><!-- [et_pb_line_break_holder] --><\/p>\n<tr>\n<td width=\"5%\" align=\"center\"><a href=\"http:\/\/www.boe.es\/boe\/dias\/2003\/03\/28\/pdfs\/A12201-12206.pdf\" class=\"aLink1\" target=\"_blank\" rel=\"noopener noreferrer\"><!-- [et_pb_line_break_holder] -->\t\t\t<img src=\"\/wasp\/images\/verboe.gif\" border=\"0\" align=\"bottom\" alt=\"Acceso a BOE\"\/><\/a><\/td>\n<p><!-- [et_pb_line_break_holder] -->     <\/p>\n<td colspan=\"2\">Convenio ISFAS, MUFACE y MUGEJU con el SES<\/td>\n<p><!-- [et_pb_line_break_holder] --><\/tr>\n<p><!-- [et_pb_line_break_holder] --><\/p>\n<tr>\n<td width=\"5%\" align=\"center\"><a href=\"http:\/\/www.boe.es\/boe\/dias\/2009\/02\/17\/pdfs\/BOE-A-2009-2700.pdf\" class=\"aLink1\" target=\"_blank\" rel=\"noopener noreferrer\"><!-- [et_pb_line_break_holder] -->\t\t\t<img src=\"\/wasp\/images\/verboe.gif\" border=\"0\" align=\"bottom\" alt=\"Acceso a BOE\"\/><\/a><\/td>\n<p><!-- [et_pb_line_break_holder] -->     <\/p>\n<td colspan=\"2\">Renovaci\u00f3n convenio anterior para 2009<\/td>\n<p><!-- [et_pb_line_break_holder] --><\/tr>\n<p><!-- [et_pb_line_break_holder] --><!-- [et_pb_line_break_holder] --><\/p>\n<tr>\n<td>&nbsp;<\/td>\n<\/tr>\n<p><!-- [et_pb_line_break_holder] --><!-- [et_pb_line_break_holder] --><\/p>\n<tr>\n<td colspan=\"3\"><u>REINTEGRO de APORTACIONES FARMAC\u00c9UTICAS<\/u>:<\/td>\n<\/tr>\n<p><!-- [et_pb_line_break_holder] --><!-- [et_pb_line_break_holder] --><\/p>\n<tr>\n<td width=\"5%\">&nbsp;<\/td>\n<p><!-- [et_pb_line_break_holder] -->    <\/p>\n<td width=\"5%\" align=\"center\"><a href=\"http:\/\/areasaludplasencia.es\/aspwp\/7\/718005.pdf\" class=\"aLink1\" target=\"_blank\" rel=\"noopener noreferrer\"><!-- [et_pb_line_break_holder] -->\t\t\t<img src=\"\/wasp\/images\/verpdf2.gif\" border=\"0\" align=\"bottom\" alt=\"Acceso a BOE\"\/><\/a><\/td>\n<p><!-- [et_pb_line_break_holder] -->    <\/p>\n<td colspan=\"2\">Instrucciones<\/td>\n<p><!-- [et_pb_line_break_holder] --><\/tr>\n<p><!-- [et_pb_line_break_holder] --><\/p>\n<tr>\n<td width=\"5%\">&nbsp;<\/td>\n<p><!-- [et_pb_line_break_holder] -->    <\/p>\n<td width=\"5%\" align=\"center\"><a href=\"http:\/\/areasaludplasencia.es\/aspwp\/7\/718006.pdf\" class=\"aLink1\" target=\"_blank\" rel=\"noopener noreferrer\"><!-- [et_pb_line_break_holder] -->\t\t\t<img src=\"\/wasp\/images\/verpdf2.gif\" border=\"0\" align=\"bottom\" alt=\"Acceso a BOE\"\/><\/a><\/td>\n<p><!-- [et_pb_line_break_holder] -->    <\/p>\n<td colspan=\"2\">Solicitud<\/td>\n<p><!-- [et_pb_line_break_holder] --><\/tr>\n<p><!-- [et_pb_line_break_holder] --><\/p>\n<tr>\n<td width=\"5%\">&nbsp;<\/td>\n<p><!-- [et_pb_line_break_holder] -->    <\/p>\n<td width=\"5%\" align=\"center\"><a href=\"http:\/\/areasaludplasencia.es\/aspwp\/7\/718007.pdf\" class=\"aLink1\" target=\"_blank\" rel=\"noopener noreferrer\"><!-- [et_pb_line_break_holder] -->\t\t\t<img src=\"\/wasp\/images\/verpdf2.gif\" border=\"0\" align=\"bottom\" alt=\"Acceso a BOE\"\/><\/a><\/td>\n<p><!-- [et_pb_line_break_holder] -->    <\/p>\n<td colspan=\"2\">Declaraci\u00f3n Jurada<\/td>\n<p><!-- [et_pb_line_break_holder] --><\/tr>\n<p><!-- [et_pb_line_break_holder] --><!-- [et_pb_line_break_holder] --><!-- [et_pb_line_break_holder] --><!-- [et_pb_line_break_holder] --><!-- [et_pb_line_break_holder] --><!-- [et_pb_line_break_holder] --><\/table>\n<p><!-- [et_pb_line_break_holder] -->[\/et_pb_code][\/et_pb_column][et_pb_column _builder_version=&#8221;4.0.5&#8243; type=&#8221;1_2&#8243;][\/et_pb_column][\/et_pb_row][\/et_pb_section]<\/p>\n","protected":false},"excerpt":{"rendered":"<p>[et_pb_section fb_built=&#8221;1&#8243; admin_label=&#8221;section&#8221; _builder_version=&#8221;4.0.5&#8243; custom_margin=&#8221;0px||||false|false&#8221; custom_padding=&#8221;0px||10px||false|false&#8221;][et_pb_row _builder_version=&#8221;4.0.5&#8243; custom_margin=&#8221;0px||||false|false&#8221; custom_padding=&#8221;||||false|false&#8221;][et_pb_column type=&#8221;4_4&#8243; _builder_version=&#8221;4.0.5&#8243;][et_pb_text _builder_version=&#8221;4.0.5&#8243; text_font=&#8221;||||||||&#8221; text_text_color=&#8221;#2b5183&#8243; text_font_size=&#8221;26px&#8221; custom_margin=&#8221;||0px||false|false&#8221; hover_enabled=&#8221;0&#8243; border_color_all=&#8221;#588cd0&#8243; border_width_bottom=&#8221;4px&#8221; border_color_bottom=&#8221;#5992c1&#8243; border_style_bottom=&#8221;solid&#8221;] Documentos Unidades Administrativas [\/et_pb_text][\/et_pb_column][\/et_pb_row][\/et_pb_section][et_pb_section fb_built=&#8221;1&#8243; _builder_version=&#8221;4.0.5&#8243; custom_padding=&#8221;0px|||||&#8221;][et_pb_row _builder_version=&#8221;4.0.5&#8243; column_structure=&#8221;1_2,1_2&#8243; custom_padding=&#8221;6px|||||&#8221;][et_pb_column _builder_version=&#8221;4.0.5&#8243; type=&#8221;1_2&#8243;][et_pb_code _builder_version=&#8221;4.0.5&#8243; hover_enabled=&#8221;0&#8243;] Solicitud Ayuda Productos Farmac\u00e9uticos Uso Pedi\u00e1trico Solicitud renovaci\u00f3n Orden de Asistencia Convenio ISFAS, MUFACE y MUGEJU con el SES Renovaci\u00f3n &hellip; <a href=\"https:\/\/areasaludplasencia.es\/aspwp\/documentos-unidades-administrativas\/\" class=\"more-link\">Seguir leyendo <span class=\"screen-reader-text\">Documentos Unidades Administrativas<\/span> <span class=\"meta-nav\">&rarr;<\/span><\/a><\/p>\n","protected":false},"author":1,"featured_media":0,"parent":0,"menu_order":0,"comment_status":"closed","ping_status":"closed","template":"page-templates\/full-width.php","meta":{"_et_pb_use_builder":"on","_et_pb_old_content":"","_et_gb_content_width":""},"_links":{"self":[{"href":"https:\/\/areasaludplasencia.es\/aspwp\/wp-json\/wp\/v2\/pages\/362"}],"collection":[{"href":"https:\/\/areasaludplasencia.es\/aspwp\/wp-json\/wp\/v2\/pages"}],"about":[{"href":"https:\/\/areasaludplasencia.es\/aspwp\/wp-json\/wp\/v2\/types\/page"}],"author":[{"embeddable":true,"href":"https:\/\/areasaludplasencia.es\/aspwp\/wp-json\/wp\/v2\/users\/1"}],"replies":[{"embeddable":true,"href":"https:\/\/areasaludplasencia.es\/aspwp\/wp-json\/wp\/v2\/comments?post=362"}],"version-history":[{"count":3,"href":"https:\/\/areasaludplasencia.es\/aspwp\/wp-json\/wp\/v2\/pages\/362\/revisions"}],"predecessor-version":[{"id":2557,"href":"https:\/\/areasaludplasencia.es\/aspwp\/wp-json\/wp\/v2\/pages\/362\/revisions\/2557"}],"wp:attachment":[{"href":"https:\/\/areasaludplasencia.es\/aspwp\/wp-json\/wp\/v2\/media?parent=362"}],"curies":[{"name":"wp","href":"https:\/\/api.w.org\/{rel}","templated":true}]}}