{"id":358,"date":"2017-03-05T10:25:16","date_gmt":"2017-03-05T10:25:16","guid":{"rendered":"http:\/\/areasaludplasencia.es\/aspwp\/?page_id=358"},"modified":"2026-03-17T09:00:01","modified_gmt":"2026-03-17T09:00:01","slug":"informacion-medicamentos","status":"publish","type":"page","link":"https:\/\/areasaludplasencia.es\/aspwp\/informacion-medicamentos\/","title":{"rendered":"Informaci\u00f3n de Medicamentos"},"content":{"rendered":"<p>[et_pb_section fb_built=&#8221;1&#8243; admin_label=&#8221;section&#8221; _builder_version=&#8221;4.0.5&#8243; custom_margin=&#8221;0px||||false|false&#8221; custom_padding=&#8221;0px||10px||false|false&#8221;][et_pb_row _builder_version=&#8221;4.0.5&#8243; custom_margin=&#8221;0px||||false|false&#8221; custom_padding=&#8221;||||false|false&#8221;][et_pb_column type=&#8221;4_4&#8243; _builder_version=&#8221;4.0.5&#8243;][et_pb_text _builder_version=&#8221;4.0.5&#8243; text_font=&#8221;||||||||&#8221; text_text_color=&#8221;#2b5183&#8243; text_font_size=&#8221;26px&#8221; custom_margin=&#8221;||0px||false|false&#8221; border_color_all=&#8221;#588cd0&#8243; border_width_bottom=&#8221;4px&#8221; border_color_bottom=&#8221;#5992c1&#8243; border_style_bottom=&#8221;solid&#8221;]<\/p>\n<p>Informaci\u00f3n de Medicamentos<\/p>\n<p>[\/et_pb_text][\/et_pb_column][\/et_pb_row][\/et_pb_section][et_pb_section fb_built=&#8221;1&#8243; _builder_version=&#8221;4.0.5&#8243; custom_padding=&#8221;0px|||||&#8221;][et_pb_row column_structure=&#8221;1_2,1_2&#8243; _builder_version=&#8221;4.0.5&#8243;][et_pb_column type=&#8221;1_2&#8243; _builder_version=&#8221;4.0.5&#8243;][et_pb_blurb title=&#8221;Sensibilidad Antibi\u00f3tica&#8221; icon_placement=&#8221;left&#8221; _builder_version=&#8221;4.7.7&#8243; header_level=&#8221;h2&#8243; header_text_color=&#8221;#FFFFFF&#8221; background_color=&#8221;#76c0e0&#8243; custom_padding=&#8221;8px||0px|10px|false|false&#8221; border_radii=&#8221;on|3px|3px|3px|3px&#8221;][\/et_pb_blurb][et_pb_button button_url=&#8221;http:\/\/www.areasaludplasencia.es\/docs\/pgc\/farmacia\/ses-plasencia-sensibilidad-antibiotica-informe-2025.pdf&#8221; url_new_window=&#8221;on&#8221; button_text=&#8221;Informe de Sensibilidad Antibi\u00f3tica de muestras extrahospitalarias 2025&#8243; _builder_version=&#8221;4.7.7&#8243; custom_button=&#8221;on&#8221; button_text_size=&#8221;17px&#8221; button_text_color=&#8221;#0C71C3&#8243; button_border_width=&#8221;0px&#8221; button_icon=&#8221;%%72%%&#8221; button_icon_color=&#8221;#0c71c3&#8243; button_icon_placement=&#8221;left&#8221; button_on_hover=&#8221;off&#8221; custom_margin=&#8221;||0px|20px|false|false&#8221; hover_enabled=&#8221;0&#8243; sticky_enabled=&#8221;0&#8243;][\/et_pb_button][et_pb_button button_url=&#8221;http:\/\/www.areasaludplasencia.es\/docs\/pgc\/farmacia\/ses-plasencia-sensibilidad-antibiotica-resumen-2025.pdf&#8221; url_new_window=&#8221;on&#8221; button_text=&#8221;Resumen Informe de Sensibilidad Antibi\u00f3ticaias 2025&#8243; _builder_version=&#8221;4.7.7&#8243; custom_button=&#8221;on&#8221; button_text_size=&#8221;17px&#8221; button_text_color=&#8221;#0C71C3&#8243; button_border_width=&#8221;0px&#8221; button_icon=&#8221;%%72%%&#8221; button_icon_color=&#8221;#0c71c3&#8243; button_icon_placement=&#8221;left&#8221; button_on_hover=&#8221;off&#8221; custom_margin=&#8221;||0px|20px|false|false&#8221; hover_enabled=&#8221;0&#8243; sticky_enabled=&#8221;0&#8243;][\/et_pb_button][et_pb_divider disabled_on=&#8221;on|on|on&#8221; _builder_version=&#8221;4.7.7&#8243; _module_preset=&#8221;default&#8221; custom_margin=&#8221;||6px|||&#8221; disabled=&#8221;on&#8221;][\/et_pb_divider][et_pb_button button_url=&#8221;http:\/\/www.areasaludplasencia.es\/docs\/pgc\/farmacia\/ses-plasencia-sensibilidad-antibiotica-informe-250402.pdf&#8221; url_new_window=&#8221;on&#8221; button_text=&#8221;Informe de Sensibilidad Antibi\u00f3tica de muestras extrahospitalarias 2024&#8243; disabled_on=&#8221;on|on|on&#8221; _builder_version=&#8221;4.7.7&#8243; custom_button=&#8221;on&#8221; button_text_size=&#8221;16px&#8221; button_text_color=&#8221;#0C71C3&#8243; button_border_width=&#8221;0px&#8221; button_icon=&#8221;%%72%%&#8221; button_icon_color=&#8221;#0c71c3&#8243; button_icon_placement=&#8221;left&#8221; button_on_hover=&#8221;off&#8221; custom_margin=&#8221;||0px|20px|false|false&#8221; disabled=&#8221;on&#8221;][\/et_pb_button][et_pb_button button_url=&#8221;http:\/\/www.areasaludplasencia.es\/docs\/pgc\/farmacia\/ses-plasencia-sensibilidad-antibiotica-resumen-250402.pdf&#8221; url_new_window=&#8221;on&#8221; button_text=&#8221;Resumen Informe de Sensibilidad Antibi\u00f3ticaias 2024&#8243; disabled_on=&#8221;on|on|on&#8221; _builder_version=&#8221;4.7.7&#8243; custom_button=&#8221;on&#8221; button_text_size=&#8221;16px&#8221; button_text_color=&#8221;#0C71C3&#8243; button_border_width=&#8221;0px&#8221; button_icon=&#8221;%%72%%&#8221; button_icon_color=&#8221;#0c71c3&#8243; button_icon_placement=&#8221;left&#8221; button_on_hover=&#8221;off&#8221; custom_margin=&#8221;||0px|20px|false|false&#8221; disabled=&#8221;on&#8221;][\/et_pb_button][et_pb_blurb title=&#8221;Actualizaciones, Boletines&#8230;&#8221; icon_placement=&#8221;left&#8221; _builder_version=&#8221;4.7.7&#8243; header_level=&#8221;h2&#8243; header_text_color=&#8221;#FFFFFF&#8221; background_color=&#8221;#76c0e0&#8243; custom_margin=&#8221;20px||||false|false&#8221; custom_padding=&#8221;5px||0px|10px|false|false&#8221; border_radii=&#8221;on|3px|3px|3px|3px&#8221;][\/et_pb_blurb][et_pb_code _builder_version=&#8221;4.0.5&#8243;]<\/p>\n<table class=\"texto\" width=\"100%\"><!-- [et_pb_line_break_holder] --><!-- [et_pb_line_break_holder] --><\/p>\n<tr>\n<td width=\"5%\" align=\"center\"><a href=\"http:\/\/www.areasaludplasencia.es\/wasp\/pdfs\/7\/716005.pdf\" class=\"aLink1\" target=\"_blank\" rel=\"noopener noreferrer\"><!-- [et_pb_line_break_holder] -->\t\t\t<img src=\"\/wasp\/images\/verpdf2.gif\" border=\"0\" align=\"bottom\" alt=\"Acceso a web\"\/><\/a><\/td>\n<p><!-- [et_pb_line_break_holder] -->     <\/p>\n<td colspan=\"2\">BoEx PAPP num. 5 <b style=\"color:#990000\">(Diciembre 2013)<\/td>\n<\/tr>\n<p><!-- [et_pb_line_break_holder] --><!-- [et_pb_line_break_holder] --><\/p>\n<tr>\n<td width=\"5%\" align=\"center\"><a href=\"http:\/\/www.areasaludplasencia.es\/wasp\/pdfs\/7\/716004.pdf\" class=\"aLink1\" target=\"_blank\" rel=\"noopener noreferrer\"><!-- [et_pb_line_break_holder] -->\t\t\t<img src=\"\/wasp\/images\/verpdf2.gif\" border=\"0\" align=\"bottom\" alt=\"Acceso a web\"\/><\/a><\/td>\n<p><!-- [et_pb_line_break_holder] -->     <\/p>\n<td colspan=\"2\">BoEx PAPP num. 4<\/td>\n<\/tr>\n<p><!-- [et_pb_line_break_holder] -->     <!-- [et_pb_line_break_holder] --><\/p>\n<tr>\n<td width=\"5%\" align=\"center\"><a href=\"http:\/\/www.areasaludplasencia.es\/wasp\/pdfs\/7\/716003.pdf\" class=\"aLink1\" target=\"_blank\" rel=\"noopener noreferrer\"><!-- [et_pb_line_break_holder] -->\t\t\t<img src=\"\/wasp\/images\/verpdf2.gif\" border=\"0\" align=\"bottom\" alt=\"Acceso a web\"\/><\/a><\/td>\n<p><!-- [et_pb_line_break_holder] -->     <\/p>\n<td colspan=\"2\">BoEx PAPP num. 3<\/td>\n<\/tr>\n<p><!-- [et_pb_line_break_holder] -->     <!-- [et_pb_line_break_holder] --><\/p>\n<tr>\n<td width=\"5%\" align=\"center\"><a href=\"http:\/\/www.areasaludplasencia.es\/wasp\/pdfs\/7\/716002.pdf\" class=\"aLink1\" target=\"_blank\" rel=\"noopener noreferrer\"><!-- [et_pb_line_break_holder] -->\t\t\t<img src=\"\/wasp\/images\/verpdf2.gif\" border=\"0\" align=\"bottom\" alt=\"Acceso a web\"\/><\/a><\/td>\n<p><!-- [et_pb_line_break_holder] -->     <\/p>\n<td colspan=\"2\">BoEx PAPP num. 2<\/td>\n<\/tr>\n<p><!-- [et_pb_line_break_holder] -->     <!-- [et_pb_line_break_holder] --><\/p>\n<tr>\n<td width=\"5%\" align=\"center\"><a href=\"http:\/\/www.areasaludplasencia.es\/wasp\/pdfs\/7\/716001.pdf\" class=\"aLink1\" target=\"_blank\" rel=\"noopener noreferrer\"><!-- [et_pb_line_break_holder] -->\t\t\t<img src=\"\/wasp\/images\/verpdf2.gif\" border=\"0\" align=\"bottom\" alt=\"Acceso a web\"\/><\/a><\/td>\n<p><!-- [et_pb_line_break_holder] -->     <\/p>\n<td colspan=\"2\">BoEx PAPP num. 1<\/td>\n<\/tr>\n<p><!-- [et_pb_line_break_holder] -->     <!-- [et_pb_line_break_holder] --><!-- [et_pb_line_break_holder] --><\/p>\n<tr>\n<td width=\"5%\" align=\"center\"><a href=\"http:\/\/www.elcomprimido.com\/elcomprimido_links.htm\" class=\"aLink1\" target=\"_blank\" rel=\"noopener noreferrer\"><!-- [et_pb_line_break_holder] -->\t\t\t<img src=\"\/wasp\/images\/verweb.png\" border=\"0\" align=\"bottom\" alt=\"Acceso a web\"\/><\/a><\/td>\n<p><!-- [et_pb_line_break_holder] -->     <\/p>\n<td colspan=\"2\">Informaci\u00f3n Farmacoterape\u00fatica<\/td>\n<p><!-- [et_pb_line_break_holder] --><\/tr>\n<p><!-- [et_pb_line_break_holder] --><\/p>\n<tr>\n<td width=\"5%\" align=\"center\"><a href=\"http:\/\/www.elcomprimido.com\" class=\"aLink1\" target=\"_blank\" rel=\"noopener noreferrer\"><!-- [et_pb_line_break_holder] -->\t\t\t<img src=\"\/wasp\/images\/verweb.png\" border=\"0\" align=\"bottom\" alt=\"Acceso a web\"\/><\/a><\/td>\n<p><!-- [et_pb_line_break_holder] -->     <\/p>\n<td colspan=\"2\">El Comprimido<\/td>\n<p><!-- [et_pb_line_break_holder] --><\/tr>\n<p><!-- [et_pb_line_break_holder] --><\/p>\n<tr>\n<td width=\"5%\" align=\"center\"><a href=\"http:\/\/www.easp.es\/web\/cadime\/index.asp?idSub=303&#038;idSec=303&#038;idCab=303\" class=\"aLink1\" target=\"_blank\" rel=\"noopener noreferrer\"><!-- [et_pb_line_break_holder] -->\t\t\t<img src=\"\/wasp\/images\/verweb.png\" border=\"0\" align=\"bottom\" alt=\"Acceso a web\"\/><\/a><\/td>\n<p><!-- [et_pb_line_break_holder] -->     <\/p>\n<td colspan=\"2\">CADIME<\/td>\n<p><!-- [et_pb_line_break_holder] --><\/tr>\n<p><!-- [et_pb_line_break_holder] --><\/p>\n<tr>\n<td width=\"5%\" align=\"center\"><a href=\"http:\/\/www.fcq.unc.edu.ar\/cime\/index.htm\" class=\"aLink1\" target=\"_blank\" rel=\"noopener noreferrer\"><!-- [et_pb_line_break_holder] -->\t\t\t<img src=\"\/wasp\/images\/verweb.png\" border=\"0\" align=\"bottom\" alt=\"Acceso a web\"\/><\/a><\/td>\n<p><!-- [et_pb_line_break_holder] -->     <\/p>\n<td colspan=\"2\">Centro de Informaci\u00f3n de Medicamentos (CIME)<\/td>\n<p><!-- [et_pb_line_break_holder] --><\/tr>\n<p><!-- [et_pb_line_break_holder] --><\/p>\n<tr>\n<td width=\"5%\" align=\"center\">?<\/td>\n<p><!-- [et_pb_line_break_holder] -->     <\/p>\n<td colspan=\"2\">Centro de Informaci\u00f3n del Medicamento de Extremadura<\/td>\n<p><!-- [et_pb_line_break_holder] --><\/tr>\n<p><!-- [et_pb_line_break_holder] --><!-- [et_pb_line_break_holder] --><\/table>\n<p><!-- [et_pb_line_break_holder] -->[\/et_pb_code][et_pb_blurb title=&#8221;Programa de Apoyo al Paciente Polimedicado&#8221; icon_placement=&#8221;left&#8221; _builder_version=&#8221;4.0.5&#8243; header_level=&#8221;h2&#8243; header_text_color=&#8221;#FFFFFF&#8221; background_color=&#8221;#76c0e0&#8243; custom_padding=&#8221;5px||0px|10px|false|false&#8221; border_radii=&#8221;on|3px|3px|3px|3px&#8221;][\/et_pb_blurb][et_pb_code _builder_version=&#8221;4.0.5&#8243;]<\/p>\n<table class=\"texto\" width=\"100%\"><!-- [et_pb_line_break_holder] --> <!-- [et_pb_line_break_holder] --><!-- [et_pb_line_break_holder] --><\/p>\n<tr>\n<td width=\"5%\" align=\"center\"><a href=\"http:\/\/www.areasaludplasencia.es\/wasp\/pdfs\/7\/711041.pdf\" class=\"aLink1\" target=\"_blank\" rel=\"noopener noreferrer\"><!-- [et_pb_line_break_holder] -->\t\t\t<img src=\"\/wasp\/images\/verpdf2.gif\" border=\"0\" align=\"bottom\" alt=\"ver pdf\"\/><\/a><\/td>\n<p><!-- [et_pb_line_break_holder] -->     <\/p>\n<td colspan=\"2\">Programa de Apoyo al Paciente Polimedicado<\/td>\n<p><!-- [et_pb_line_break_holder] --><\/tr>\n<p><!-- [et_pb_line_break_holder] --><!-- [et_pb_line_break_holder] -->[\/et_pb_code][et_pb_blurb title=&#8221;Sociedades Cient\u00edficas&#8221; icon_placement=&#8221;left&#8221; _builder_version=&#8221;4.0.5&#8243; header_level=&#8221;h2&#8243; header_text_color=&#8221;#FFFFFF&#8221; background_color=&#8221;#76c0e0&#8243; custom_padding=&#8221;5px||0px|10px|false|false&#8221; border_radii=&#8221;on|3px|3px|3px|3px&#8221;][\/et_pb_blurb][et_pb_code _builder_version=&#8221;4.0.5&#8243;]<\/p>\n<table class=\"texto\" width=\"100%\"><!-- [et_pb_line_break_holder] --><\/p>\n<tr>\n<td width=\"5%\" align=\"center\"><a href=\"http:\/\/www.pharmaceutical-care.org\/index.php?res=1024\" class=\"aLink1\" target=\"_blank\" rel=\"noopener noreferrer\"><!-- [et_pb_line_break_holder] -->\t\t\t<img src=\"\/wasp\/images\/verweb.png\" border=\"0\" align=\"bottom\" alt=\"Acceso a web\"\/><\/a><\/td>\n<p><!-- [et_pb_line_break_holder] -->     <\/p>\n<td colspan=\"2\">Funcaci\u00f3n Pharmaceutical Care<\/td>\n<p><!-- [et_pb_line_break_holder] --><\/tr>\n<p><!-- [et_pb_line_break_holder] --><\/p>\n<tr>\n<td width=\"5%\" align=\"center\"><a href=\"http:\/\/www.sefap.org\" class=\"aLink1\" target=\"_blank\" rel=\"noopener noreferrer\"><!-- [et_pb_line_break_holder] -->\t\t\t<img src=\"\/wasp\/images\/verweb.png\" border=\"0\" align=\"bottom\" alt=\"Acceso a web\"\/><\/a><\/td>\n<p><!-- [et_pb_line_break_holder] -->     <\/p>\n<td colspan=\"2\">Sociedad Espa\u00f1ola de Farmac\u00e9uticos de Atenci\u00f3n Primaria<\/td>\n<p><!-- [et_pb_line_break_holder] --><\/tr>\n<p><!-- [et_pb_line_break_holder] --><\/p>\n<tr>\n<td width=\"5%\" align=\"center\"><a href=\"http:\/\/www.sefh.es\" class=\"aLink1\" target=\"_blank\" rel=\"noopener noreferrer\"><!-- [et_pb_line_break_holder] -->\t\t\t<img src=\"\/wasp\/images\/verweb.png\" border=\"0\" align=\"bottom\" alt=\"Acceso a web\"\/><\/a><\/td>\n<p><!-- [et_pb_line_break_holder] -->     <\/p>\n<td colspan=\"2\">Sociedad Espa\u00f1ola de Farmacia Hospitalaria<\/td>\n<p><!-- [et_pb_line_break_holder] --><\/tr>\n<p><!-- [et_pb_line_break_holder] --><\/p>\n<tr>\n<td width=\"5%\" align=\"center\"><a href=\"http:\/\/www.sefac.org\" class=\"aLink1\" target=\"_blank\" rel=\"noopener noreferrer\"><!-- [et_pb_line_break_holder] -->\t\t\t<img src=\"\/wasp\/images\/verweb.png\" border=\"0\" align=\"bottom\" alt=\"Acceso a web\"\/><\/a><\/td>\n<p><!-- [et_pb_line_break_holder] -->     <\/p>\n<td colspan=\"2\">Sociedad Espa\u00f1ola de Farmacia Comunitaria<\/td>\n<p><!-- [et_pb_line_break_holder] --><\/tr>\n<p><!-- [et_pb_line_break_holder] --><\/table>\n<p><!-- [et_pb_line_break_holder] -->[\/et_pb_code][\/et_pb_column][et_pb_column type=&#8221;1_2&#8243; _builder_version=&#8221;4.0.5&#8243;][et_pb_blurb title=&#8221;Agencias de Evaluaci\u00f3n de Tecnolog\u00edas Sanitarias&#8221; icon_placement=&#8221;left&#8221; _builder_version=&#8221;4.0.5&#8243; header_level=&#8221;h2&#8243; header_text_color=&#8221;#FFFFFF&#8221; background_color=&#8221;#76c0e0&#8243; custom_padding=&#8221;5px||0px|10px|false|false&#8221; border_radii=&#8221;on|3px|3px|3px|3px&#8221;][\/et_pb_blurb][et_pb_code _builder_version=&#8221;4.0.5&#8243;]<\/p>\n<table class=\"texto\" width=\"100%\"><!-- [et_pb_line_break_holder] --><\/p>\n<tr>\n<td width=\"5%\" align=\"center\"><a href=\"http:\/\/www.inahta.org\" class=\"aLink1\" target=\"_blank\" rel=\"noopener noreferrer\"><!-- [et_pb_line_break_holder] -->\t\t\t<img src=\"\/wasp\/images\/verweb.png\" border=\"0\" align=\"bottom\" alt=\"Acceso a web\"\/><\/a><\/td>\n<p><!-- [et_pb_line_break_holder] -->     <\/p>\n<td colspan=\"2\">INAHTA<\/td>\n<p><!-- [et_pb_line_break_holder] --><\/tr>\n<p><!-- [et_pb_line_break_holder] --><\/table>\n<p><!-- [et_pb_line_break_holder] -->[\/et_pb_code][et_pb_blurb title=&#8221;Gu\u00edas Cl\u00ednicas&#8221; icon_placement=&#8221;left&#8221; _builder_version=&#8221;4.0.5&#8243; header_level=&#8221;h2&#8243; header_text_color=&#8221;#FFFFFF&#8221; background_color=&#8221;#76c0e0&#8243; custom_padding=&#8221;5px||0px|10px|false|false&#8221; border_radii=&#8221;on|3px|3px|3px|3px&#8221;][\/et_pb_blurb][et_pb_code _builder_version=&#8221;4.0.5&#8243;]<\/p>\n<table class=\"texto\" width=\"100%\"><!-- [et_pb_line_break_holder] --><\/p>\n<tr>\n<td width=\"5%\" align=\"center\"><a href=\"http:\/\/www.guidelines.gov\" class=\"aLink1\" target=\"_blank\" rel=\"noopener noreferrer\"><!-- [et_pb_line_break_holder] -->\t\t\t<img src=\"\/wasp\/images\/verweb.png\" border=\"0\" align=\"bottom\" alt=\"Acceso a web\"\/><\/a><\/td>\n<p><!-- [et_pb_line_break_holder] -->     <\/p>\n<td colspan=\"2\">National Guideline Clearinghouse<\/td>\n<p><!-- [et_pb_line_break_holder] --><\/tr>\n<p><!-- [et_pb_line_break_holder] --><\/p>\n<tr>\n<td width=\"5%\" align=\"center\"><a href=\"http:\/\/www.nzgg.org.nz\" class=\"aLink1\" target=\"_blank\" rel=\"noopener noreferrer\"><!-- [et_pb_line_break_holder] -->\t\t\t<img src=\"\/wasp\/images\/verweb.png\" border=\"0\" align=\"bottom\" alt=\"Acceso a web\"\/><\/a><\/td>\n<p><!-- [et_pb_line_break_holder] -->     <\/p>\n<td colspan=\"2\">New Zealand Guidelines Group<\/td>\n<p><!-- [et_pb_line_break_holder] --><\/tr>\n<p><!-- [et_pb_line_break_holder] --><\/p>\n<tr>\n<td width=\"5%\" align=\"center\"><a href=\"http:\/\/www.sign.ac.uk\" class=\"aLink1\" target=\"_blank\" rel=\"noopener noreferrer\"><!-- [et_pb_line_break_holder] -->\t\t\t<img src=\"\/wasp\/images\/verweb.png\" border=\"0\" align=\"bottom\" alt=\"Acceso a web\"\/><\/a><\/td>\n<p><!-- [et_pb_line_break_holder] -->     <\/p>\n<td colspan=\"2\">Scottish Intercollegiate Guidelines Network<\/td>\n<p><!-- [et_pb_line_break_holder] --><\/tr>\n<p><!-- [et_pb_line_break_holder] --><\/table>\n<p><!-- [et_pb_line_break_holder] -->[\/et_pb_code][et_pb_blurb title=&#8221;Medicina basada en la evidencia&#8221; icon_placement=&#8221;left&#8221; _builder_version=&#8221;4.0.5&#8243; header_level=&#8221;h2&#8243; header_text_color=&#8221;#FFFFFF&#8221; background_color=&#8221;#76c0e0&#8243; custom_padding=&#8221;5px||0px|10px|false|false&#8221; border_radii=&#8221;on|3px|3px|3px|3px&#8221;][\/et_pb_blurb][et_pb_code _builder_version=&#8221;4.0.5&#8243;]<\/p>\n<table class=\"texto\" width=\"100%\"><!-- [et_pb_line_break_holder] --><\/p>\n<tr>\n<td width=\"5%\" align=\"center\"><a href=\"http:\/\/www.ahrq.gov\/clinic\/epcix.htm\" class=\"aLink1\" target=\"_blank\" rel=\"noopener noreferrer\"><!-- [et_pb_line_break_holder] -->\t\t\t<img src=\"\/wasp\/images\/verweb.png\" border=\"0\" align=\"bottom\" alt=\"Acceso a web\"\/><\/a><\/td>\n<p><!-- [et_pb_line_break_holder] -->     <\/p>\n<td colspan=\"2\">Agency for Healthcare Research and Quality<\/td>\n<p><!-- [et_pb_line_break_holder] --><\/tr>\n<p><!-- [et_pb_line_break_holder] --><\/p>\n<tr>\n<td width=\"5%\" align=\"center\"><a href=\"http:\/\/clinicalevidence.bmj.com\/ceweb\/index.jsp\" class=\"aLink1\" target=\"_blank\" rel=\"noopener noreferrer\"><!-- [et_pb_line_break_holder] -->\t\t\t<img src=\"\/wasp\/images\/verweb.png\" border=\"0\" align=\"bottom\" alt=\"Acceso a web\"\/><\/a><\/td>\n<p><!-- [et_pb_line_break_holder] -->     <\/p>\n<td colspan=\"2\">Clinical Evidence<\/td>\n<p><!-- [et_pb_line_break_holder] --><\/tr>\n<p><!-- [et_pb_line_break_holder] --><\/p>\n<tr>\n<td width=\"5%\" align=\"center\"><a href=\"http:\/\/www.evidenciaclinica.es\/\" class=\"aLink1\" target=\"_blank\" rel=\"noopener noreferrer\"><!-- [et_pb_line_break_holder] -->\t\t\t<img src=\"\/wasp\/images\/verweb.png\" border=\"0\" align=\"bottom\" alt=\"Acceso a web\"\/><\/a><\/td>\n<p><!-- [et_pb_line_break_holder] -->     <\/p>\n<td colspan=\"2\">Evidencia Cl\u00ednica<\/td>\n<p><!-- [et_pb_line_break_holder] --><\/tr>\n<p><!-- [et_pb_line_break_holder] --><\/p>\n<tr>\n<td width=\"5%\" align=\"center\"><a href=\"http:\/\/www.medicine.ox.ac.uk\/bandolier\" class=\"aLink1\" target=\"_blank\" rel=\"noopener noreferrer\"><!-- [et_pb_line_break_holder] -->\t\t\t<img src=\"\/wasp\/images\/verweb.png\" border=\"0\" align=\"bottom\" alt=\"Acceso a web\"\/><\/a><\/td>\n<p><!-- [et_pb_line_break_holder] -->     <\/p>\n<td colspan=\"2\">Bandolier. &#8220;Evidence based thinking about health care&#8221;<\/td>\n<p><!-- [et_pb_line_break_holder] --><\/tr>\n<p><!-- [et_pb_line_break_holder] --><\/p>\n<tr>\n<td width=\"5%\" align=\"center\"><a href=\"http:\/\/www.it.ubc.ca\/service_catalogue\/email_calendaring\/netinfo_interchange.html\" class=\"aLink1\" target=\"_blank\" rel=\"noopener noreferrer\"><!-- [et_pb_line_break_holder] -->\t\t\t<img src=\"\/wasp\/images\/verweb.png\" border=\"0\" align=\"bottom\" alt=\"Acceso a web\"\/><\/a><\/td>\n<p><!-- [et_pb_line_break_holder] -->     <\/p>\n<td colspan=\"2\">UBC Information Technology<\/td>\n<p><!-- [et_pb_line_break_holder] --><\/tr>\n<p><!-- [et_pb_line_break_holder] --><\/p>\n<tr>\n<td width=\"5%\" align=\"center\"><a href=\"http:\/\/www.npc.co.uk\/merec.htm\" class=\"aLink1\" target=\"_blank\" rel=\"noopener noreferrer\"><!-- [et_pb_line_break_holder] -->\t\t\t<img src=\"\/wasp\/images\/verweb.png\" border=\"0\" align=\"bottom\" alt=\"Acceso a web\"\/><\/a><\/td>\n<p><!-- [et_pb_line_break_holder] -->     <\/p>\n<td colspan=\"2\">National Prescribing Center<\/td>\n<p><!-- [et_pb_line_break_holder] --><\/tr>\n<p><!-- [et_pb_line_break_holder] --><\/p>\n<tr>\n<td width=\"5%\" align=\"center\"><a href=\"http:\/\/www.jamaevidence.com\" class=\"aLink1\" target=\"_blank\" rel=\"noopener noreferrer\"><!-- [et_pb_line_break_holder] -->\t\t\t<img src=\"\/wasp\/images\/verweb.png\" border=\"0\" align=\"bottom\" alt=\"Acceso a web\"\/><\/a><\/td>\n<p><!-- [et_pb_line_break_holder] -->     <\/p>\n<td colspan=\"2\">JAMA Evidence. Using Evidence to Improve Care<\/td>\n<p><!-- [et_pb_line_break_holder] --><\/tr>\n<p><!-- [et_pb_line_break_holder] --><\/p>\n<tr>\n<td width=\"5%\" align=\"center\"><a href=\"http:\/\/acpjc.acponline.org\" class=\"aLink1\" target=\"_blank\" rel=\"noopener noreferrer\"><!-- [et_pb_line_break_holder] -->\t\t\t<img src=\"\/wasp\/images\/verweb.png\" border=\"0\" align=\"bottom\" alt=\"Acceso a web\"\/><\/a><\/td>\n<p><!-- [et_pb_line_break_holder] -->     <\/p>\n<td colspan=\"2\">ACP Journal Club. The Best New Evidence for Patient Care<\/td>\n<p><!-- [et_pb_line_break_holder] --><\/tr>\n<p><!-- [et_pb_line_break_holder] --><\/p>\n<tr>\n<td width=\"5%\" align=\"center\"><a href=\"http:\/\/ebm.bmj.com\" class=\"aLink1\" target=\"_blank\" rel=\"noopener noreferrer\"><!-- [et_pb_line_break_holder] -->\t\t\t<img src=\"\/wasp\/images\/verweb.png\" border=\"0\" align=\"bottom\" alt=\"Acceso a web\"\/><\/a><\/td>\n<p><!-- [et_pb_line_break_holder] -->     <\/p>\n<td colspan=\"2\">Evidence Based Medicine for Primary Care and Internal Medicine<\/td>\n<p><!-- [et_pb_line_break_holder] --><\/tr>\n<p><!-- [et_pb_line_break_holder] --><\/p>\n<tr>\n<td width=\"5%\" align=\"center\"><a href=\"http:\/\/www.foroaps.org\/hitalba-home-evidencia.php\" class=\"aLink1\" target=\"_blank\" rel=\"noopener noreferrer\"><!-- [et_pb_line_break_holder] -->\t\t\t<img src=\"\/wasp\/images\/verweb.png\" border=\"0\" align=\"bottom\" alt=\"Acceso a web\"\/><\/a><\/td>\n<p><!-- [et_pb_line_break_holder] -->     <\/p>\n<td colspan=\"2\">EVIDENCIA. Actualizaci\u00f3n en la pr\u00e1ctica ambulatoria<\/td>\n<p><!-- [et_pb_line_break_holder] --><\/tr>\n<p><!-- [et_pb_line_break_holder] --><\/p>\n<tr>\n<td width=\"5%\" align=\"center\"><a href=\"http:\/\/www.update-software.com\/Clibplus\/ClibPlus.asp\" class=\"aLink1\" target=\"_blank\" rel=\"noopener noreferrer\"><!-- [et_pb_line_break_holder] -->\t\t\t<img src=\"\/wasp\/images\/verweb.png\" border=\"0\" align=\"bottom\" alt=\"Acceso a web\"\/><\/a><\/td>\n<p><!-- [et_pb_line_break_holder] -->     <\/p>\n<td colspan=\"2\">La Biblioteca Cochrane Plus<\/td>\n<p><!-- [et_pb_line_break_holder] --><\/tr>\n<p><!-- [et_pb_line_break_holder] --><\/table>\n<p>[\/et_pb_code][\/et_pb_column][\/et_pb_row][\/et_pb_section]<\/p>\n","protected":false},"excerpt":{"rendered":"<p>[et_pb_section fb_built=&#8221;1&#8243; admin_label=&#8221;section&#8221; _builder_version=&#8221;4.0.5&#8243; custom_margin=&#8221;0px||||false|false&#8221; custom_padding=&#8221;0px||10px||false|false&#8221;][et_pb_row _builder_version=&#8221;4.0.5&#8243; custom_margin=&#8221;0px||||false|false&#8221; custom_padding=&#8221;||||false|false&#8221;][et_pb_column type=&#8221;4_4&#8243; _builder_version=&#8221;4.0.5&#8243;][et_pb_text _builder_version=&#8221;4.0.5&#8243; text_font=&#8221;||||||||&#8221; text_text_color=&#8221;#2b5183&#8243; text_font_size=&#8221;26px&#8221; custom_margin=&#8221;||0px||false|false&#8221; border_color_all=&#8221;#588cd0&#8243; border_width_bottom=&#8221;4px&#8221; border_color_bottom=&#8221;#5992c1&#8243; border_style_bottom=&#8221;solid&#8221;] Informaci\u00f3n de Medicamentos [\/et_pb_text][\/et_pb_column][\/et_pb_row][\/et_pb_section][et_pb_section fb_built=&#8221;1&#8243; _builder_version=&#8221;4.0.5&#8243; custom_padding=&#8221;0px|||||&#8221;][et_pb_row column_structure=&#8221;1_2,1_2&#8243; _builder_version=&#8221;4.0.5&#8243;][et_pb_column type=&#8221;1_2&#8243; _builder_version=&#8221;4.0.5&#8243;][et_pb_blurb title=&#8221;Sensibilidad Antibi\u00f3tica&#8221; icon_placement=&#8221;left&#8221; _builder_version=&#8221;4.7.7&#8243; header_level=&#8221;h2&#8243; header_text_color=&#8221;#FFFFFF&#8221; background_color=&#8221;#76c0e0&#8243; custom_padding=&#8221;8px||0px|10px|false|false&#8221; border_radii=&#8221;on|3px|3px|3px|3px&#8221;][\/et_pb_blurb][et_pb_button button_url=&#8221;http:\/\/www.areasaludplasencia.es\/docs\/pgc\/farmacia\/ses-plasencia-sensibilidad-antibiotica-informe-2025.pdf&#8221; url_new_window=&#8221;on&#8221; button_text=&#8221;Informe de Sensibilidad Antibi\u00f3tica de muestras extrahospitalarias 2025&#8243; _builder_version=&#8221;4.7.7&#8243; custom_button=&#8221;on&#8221; button_text_size=&#8221;17px&#8221; button_text_color=&#8221;#0C71C3&#8243; button_border_width=&#8221;0px&#8221; &hellip; <a href=\"https:\/\/areasaludplasencia.es\/aspwp\/informacion-medicamentos\/\" class=\"more-link\">Seguir leyendo <span class=\"screen-reader-text\">Informaci\u00f3n de Medicamentos<\/span> <span class=\"meta-nav\">&rarr;<\/span><\/a><\/p>\n","protected":false},"author":1,"featured_media":0,"parent":0,"menu_order":0,"comment_status":"closed","ping_status":"closed","template":"page-templates\/full-width.php","meta":{"_et_pb_use_builder":"on","_et_pb_old_content":"","_et_gb_content_width":""},"_links":{"self":[{"href":"https:\/\/areasaludplasencia.es\/aspwp\/wp-json\/wp\/v2\/pages\/358"}],"collection":[{"href":"https:\/\/areasaludplasencia.es\/aspwp\/wp-json\/wp\/v2\/pages"}],"about":[{"href":"https:\/\/areasaludplasencia.es\/aspwp\/wp-json\/wp\/v2\/types\/page"}],"author":[{"embeddable":true,"href":"https:\/\/areasaludplasencia.es\/aspwp\/wp-json\/wp\/v2\/users\/1"}],"replies":[{"embeddable":true,"href":"https:\/\/areasaludplasencia.es\/aspwp\/wp-json\/wp\/v2\/comments?post=358"}],"version-history":[{"count":11,"href":"https:\/\/areasaludplasencia.es\/aspwp\/wp-json\/wp\/v2\/pages\/358\/revisions"}],"predecessor-version":[{"id":6028,"href":"https:\/\/areasaludplasencia.es\/aspwp\/wp-json\/wp\/v2\/pages\/358\/revisions\/6028"}],"wp:attachment":[{"href":"https:\/\/areasaludplasencia.es\/aspwp\/wp-json\/wp\/v2\/media?parent=358"}],"curies":[{"name":"wp","href":"https:\/\/api.w.org\/{rel}","templated":true}]}}