{"id":354,"date":"2017-03-05T10:24:48","date_gmt":"2017-03-05T10:24:48","guid":{"rendered":"http:\/\/areasaludplasencia.es\/aspwp\/?page_id=354"},"modified":"2019-11-25T13:53:26","modified_gmt":"2019-11-25T13:53:26","slug":"planes-salud","status":"publish","type":"page","link":"https:\/\/areasaludplasencia.es\/aspwp\/planes-salud\/","title":{"rendered":"Planes de Salud"},"content":{"rendered":"<p>[et_pb_section fb_built=&#8221;1&#8243; admin_label=&#8221;section&#8221; _builder_version=&#8221;4.0.5&#8243; custom_margin=&#8221;0px||||false|false&#8221; custom_padding=&#8221;0px||9px||false|false&#8221;][et_pb_row _builder_version=&#8221;4.0.5&#8243; custom_margin=&#8221;0px||||false|false&#8221; custom_padding=&#8221;||||false|false&#8221;][et_pb_column type=&#8221;4_4&#8243; _builder_version=&#8221;4.0.5&#8243;][et_pb_text _builder_version=&#8221;4.0.5&#8243; text_font=&#8221;||||||||&#8221; text_text_color=&#8221;#2b5183&#8243; text_font_size=&#8221;26px&#8221; custom_margin=&#8221;||0px||false|false&#8221; hover_enabled=&#8221;0&#8243; border_color_all=&#8221;#588cd0&#8243; border_width_bottom=&#8221;4px&#8221; border_color_bottom=&#8221;#5992c1&#8243; border_style_bottom=&#8221;solid&#8221;]<\/p>\n<p>Planes de Salud<\/p>\n<p>[\/et_pb_text][\/et_pb_column][\/et_pb_row][\/et_pb_section][et_pb_section fb_built=&#8221;1&#8243; _builder_version=&#8221;4.0.5&#8243; custom_padding=&#8221;11px|||||&#8221;][et_pb_row _builder_version=&#8221;4.0.5&#8243; column_structure=&#8221;3_5,2_5&#8243;][et_pb_column _builder_version=&#8221;4.0.5&#8243; type=&#8221;3_5&#8243;][et_pb_code _builder_version=&#8221;4.0.5&#8243; hover_enabled=&#8221;0&#8243;]<\/p>\n<div id=\"central\"><!-- [et_pb_line_break_holder] --><!-- [et_pb_line_break_holder] --><!-- [et_pb_line_break_holder] --><!-- [et_pb_line_break_holder] --><\/p>\n<table class=\"texto\" width=\"100%\"><!-- [et_pb_line_break_holder] --><\/p>\n<tr>\n<td width=\"5%\" align=\"center\" valign=\"top\"><a href=\"http:\/\/www.areasaludplasencia.es\/wasp\/pdfs\/7\/714001.pdf\" class=\"aLink1\" target=\"_blank\" rel=\"noopener noreferrer\"><!-- [et_pb_line_break_holder] -->\t\t\t<img src=\"\/wasp\/images\/verpdf2.gif\" border=\"0\" align=\"bottom\" alt=\"Ver pdf\"\/><\/a><\/td>\n<p><!-- [et_pb_line_break_holder] -->     <\/p>\n<td style=\"line-height:normal\">Plan Integral de Drogodependencias y otras Conductas Adictivas 2008 &#8211; 2012 (PIDCA)<\/td>\n<p><!-- [et_pb_line_break_holder] --><\/tr>\n<p><!-- [et_pb_line_break_holder] --><\/p>\n<tr>\n<td width=\"5%\" align=\"center\"><a href=\"http:\/\/www.areasaludplasencia.es\/wasp\/pdfs\/7\/714002.pdf\" class=\"aLink1\" target=\"_blank\" rel=\"noopener noreferrer\"><!-- [et_pb_line_break_holder] -->\t\t\t<img src=\"\/wasp\/images\/verpdf2.gif\" border=\"0\" align=\"bottom\" alt=\"Ver pdf\"\/><\/a><\/td>\n<p><!-- [et_pb_line_break_holder] -->     <\/p>\n<td>Estad\u00edsticas de Centros Sanitarios 2005<\/td>\n<p><!-- [et_pb_line_break_holder] --><\/tr>\n<p><!-- [et_pb_line_break_holder] --><\/p>\n<tr>\n<td width=\"5%\" align=\"center\" valign=\"top\"><a href=\"http:\/\/www.areasaludplasencia.es\/wasp\/pdfs\/7\/714003.pdf\" class=\"aLink1\" target=\"_blank\" rel=\"noopener noreferrer\"><!-- [et_pb_line_break_holder] -->\t\t\t<img src=\"\/wasp\/images\/verpdf2.gif\" border=\"0\" align=\"bottom\" alt=\"Ver pdf\"\/><\/a><\/td>\n<p><!-- [et_pb_line_break_holder] -->     <\/p>\n<td style=\"line-height:normal\">Plan de Humanizaci\u00f3n de la Atenci\u00f3n Sanitaria del Sistema Sanitario P\u00fablico de Extremadura<\/td>\n<p><!-- [et_pb_line_break_holder] --><\/tr>\n<p><!-- [et_pb_line_break_holder] --><\/p>\n<tr>\n<td width=\"5%\" align=\"center\"><a href=\"http:\/\/www.areasaludplasencia.es\/wasp\/pdfs\/7\/714004.pdf\" class=\"aLink1\" target=\"_blank\" rel=\"noopener noreferrer\"><!-- [et_pb_line_break_holder] -->\t\t\t<img src=\"\/wasp\/images\/verpdf2.gif\" border=\"0\" align=\"bottom\" alt=\"Ver pdf\"\/><\/a><\/td>\n<p><!-- [et_pb_line_break_holder] -->     <\/p>\n<td>Plan Integral contra el C\u00e1ncer en Extremadura 2007-2011<\/td>\n<p><!-- [et_pb_line_break_holder] --><\/tr>\n<p><!-- [et_pb_line_break_holder] --><\/p>\n<tr>\n<td width=\"5%\" align=\"center\"><a href=\"http:\/\/www.areasaludplasencia.es\/wasp\/pdfs\/7\/714005.pdf\" class=\"aLink1\" target=\"_blank\" rel=\"noopener noreferrer\"><!-- [et_pb_line_break_holder] -->\t\t\t<img src=\"\/wasp\/images\/verpdf2.gif\" border=\"0\" align=\"bottom\" alt=\"Ver pdf\"\/><\/a><\/td>\n<p><!-- [et_pb_line_break_holder] -->     <\/p>\n<td>Plan Integral de Diabetes 2007-2012<\/td>\n<p><!-- [et_pb_line_break_holder] --><\/tr>\n<p><!-- [et_pb_line_break_holder] --><\/p>\n<tr>\n<td width=\"5%\" align=\"center\"><a href=\"http:\/\/www.areasaludplasencia.es\/wasp\/pdfs\/7\/714006.pdf\" class=\"aLink1\" target=\"_blank\" rel=\"noopener noreferrer\"><!-- [et_pb_line_break_holder] -->\t\t\t<img src=\"\/wasp\/images\/verpdf2.gif\" border=\"0\" align=\"bottom\" alt=\"Ver pdf\"\/><\/a><\/td>\n<p><!-- [et_pb_line_break_holder] -->     <\/p>\n<td>Plan Integral sobre Enfermedades Cardiovasculares 2007-2011<\/td>\n<p><!-- [et_pb_line_break_holder] --><\/tr>\n<p><!-- [et_pb_line_break_holder] --><\/p>\n<tr>\n<td width=\"5%\" align=\"center\"><a href=\"http:\/\/www.areasaludplasencia.es\/wasp\/pdfs\/7\/714007.pdf\" class=\"aLink1\" target=\"_blank\" rel=\"noopener noreferrer\"><!-- [et_pb_line_break_holder] -->\t\t\t<img src=\"\/wasp\/images\/verpdf2.gif\" border=\"0\" align=\"bottom\" alt=\"Ver pdf\"\/><\/a><\/td>\n<p><!-- [et_pb_line_break_holder] -->     <\/p>\n<td>Plan Marco de Educaci\u00f3n para la salud de Extremadura 2007-2012<\/td>\n<p><!-- [et_pb_line_break_holder] --><\/tr>\n<p><!-- [et_pb_line_break_holder] --><\/p>\n<tr>\n<td width=\"5%\" align=\"center\"><a href=\"http:\/\/62.175.249.88\/syc\/Inicio.pdf\" class=\"aLink1\" target=\"_blank\" rel=\"noopener noreferrer\"><!-- [et_pb_line_break_holder] -->\t\t\t<img src=\"\/wasp\/images\/verpdf2.gif\" border=\"0\" align=\"bottom\" alt=\"Ver pdf\"\/><\/a><\/td>\n<p><!-- [et_pb_line_break_holder] -->     <\/p>\n<td>Plan de Salud 05\/08<\/td>\n<p><!-- [et_pb_line_break_holder] --><\/tr>\n<p><!-- [et_pb_line_break_holder] --><\/p>\n<tr>\n<td width=\"5%\" align=\"center\"><a href=\"http:\/\/www.areasaludplasencia.es\/wasp\/pdfs\/7\/714008.pdf\" class=\"aLink1\" target=\"_blank\" rel=\"noopener noreferrer\"><!-- [et_pb_line_break_holder] -->\t\t\t<img src=\"\/wasp\/images\/verpdf2.gif\" border=\"0\" align=\"bottom\" alt=\"Ver pdf\"\/><\/a><\/td>\n<p><!-- [et_pb_line_break_holder] -->     <\/p>\n<td>Plan de Salud 2009-2012<\/td>\n<p><!-- [et_pb_line_break_holder] --><\/tr>\n<p><!-- [et_pb_line_break_holder] --><\/p>\n<tr>\n<td width=\"5%\" align=\"center\"><a href=\"http:\/\/www.areasaludplasencia.es\/wasp\/pdfs\/7\/714009.pdf\" class=\"aLink1\" target=\"_blank\" rel=\"noopener noreferrer\"><!-- [et_pb_line_break_holder] -->\t\t\t<img src=\"\/wasp\/images\/verpdf2.gif\" border=\"0\" align=\"bottom\" alt=\"Ver pdf\"\/><\/a><\/td>\n<p><!-- [et_pb_line_break_holder] -->     <\/p>\n<td>Plan Integral de Enfermedades Raras de Extremadura 2010-2014<\/td>\n<p><!-- [et_pb_line_break_holder] --><\/tr>\n<p><!-- [et_pb_line_break_holder] --><!-- [et_pb_line_break_holder] --><!-- [et_pb_line_break_holder] --><!-- [et_pb_line_break_holder] --><\/table>\n<p><!-- [et_pb_line_break_holder] --><!-- [et_pb_line_break_holder] --><\/div>\n<p><!-- #central -->[\/et_pb_code][\/et_pb_column][et_pb_column _builder_version=&#8221;4.0.5&#8243; type=&#8221;2_5&#8243;][\/et_pb_column][\/et_pb_row][\/et_pb_section]<\/p>\n","protected":false},"excerpt":{"rendered":"<p>[et_pb_section fb_built=&#8221;1&#8243; admin_label=&#8221;section&#8221; _builder_version=&#8221;4.0.5&#8243; custom_margin=&#8221;0px||||false|false&#8221; custom_padding=&#8221;0px||9px||false|false&#8221;][et_pb_row _builder_version=&#8221;4.0.5&#8243; custom_margin=&#8221;0px||||false|false&#8221; custom_padding=&#8221;||||false|false&#8221;][et_pb_column type=&#8221;4_4&#8243; _builder_version=&#8221;4.0.5&#8243;][et_pb_text _builder_version=&#8221;4.0.5&#8243; text_font=&#8221;||||||||&#8221; text_text_color=&#8221;#2b5183&#8243; text_font_size=&#8221;26px&#8221; custom_margin=&#8221;||0px||false|false&#8221; hover_enabled=&#8221;0&#8243; border_color_all=&#8221;#588cd0&#8243; border_width_bottom=&#8221;4px&#8221; border_color_bottom=&#8221;#5992c1&#8243; border_style_bottom=&#8221;solid&#8221;] Planes de Salud [\/et_pb_text][\/et_pb_column][\/et_pb_row][\/et_pb_section][et_pb_section fb_built=&#8221;1&#8243; _builder_version=&#8221;4.0.5&#8243; custom_padding=&#8221;11px|||||&#8221;][et_pb_row _builder_version=&#8221;4.0.5&#8243; column_structure=&#8221;3_5,2_5&#8243;][et_pb_column _builder_version=&#8221;4.0.5&#8243; type=&#8221;3_5&#8243;][et_pb_code _builder_version=&#8221;4.0.5&#8243; hover_enabled=&#8221;0&#8243;] Plan Integral de Drogodependencias y otras Conductas Adictivas 2008 &#8211; 2012 (PIDCA) Estad\u00edsticas de Centros Sanitarios 2005 Plan de Humanizaci\u00f3n de &hellip; <a href=\"https:\/\/areasaludplasencia.es\/aspwp\/planes-salud\/\" class=\"more-link\">Seguir leyendo <span class=\"screen-reader-text\">Planes de Salud<\/span> <span class=\"meta-nav\">&rarr;<\/span><\/a><\/p>\n","protected":false},"author":1,"featured_media":0,"parent":0,"menu_order":0,"comment_status":"closed","ping_status":"closed","template":"page-templates\/full-width.php","meta":{"_et_pb_use_builder":"on","_et_pb_old_content":"","_et_gb_content_width":""},"_links":{"self":[{"href":"https:\/\/areasaludplasencia.es\/aspwp\/wp-json\/wp\/v2\/pages\/354"}],"collection":[{"href":"https:\/\/areasaludplasencia.es\/aspwp\/wp-json\/wp\/v2\/pages"}],"about":[{"href":"https:\/\/areasaludplasencia.es\/aspwp\/wp-json\/wp\/v2\/types\/page"}],"author":[{"embeddable":true,"href":"https:\/\/areasaludplasencia.es\/aspwp\/wp-json\/wp\/v2\/users\/1"}],"replies":[{"embeddable":true,"href":"https:\/\/areasaludplasencia.es\/aspwp\/wp-json\/wp\/v2\/comments?post=354"}],"version-history":[{"count":3,"href":"https:\/\/areasaludplasencia.es\/aspwp\/wp-json\/wp\/v2\/pages\/354\/revisions"}],"predecessor-version":[{"id":2532,"href":"https:\/\/areasaludplasencia.es\/aspwp\/wp-json\/wp\/v2\/pages\/354\/revisions\/2532"}],"wp:attachment":[{"href":"https:\/\/areasaludplasencia.es\/aspwp\/wp-json\/wp\/v2\/media?parent=354"}],"curies":[{"name":"wp","href":"https:\/\/api.w.org\/{rel}","templated":true}]}}