{"id":241,"date":"2017-03-05T09:45:02","date_gmt":"2017-03-05T09:45:02","guid":{"rendered":"http:\/\/areasaludplasencia.es\/aspwp\/?page_id=241"},"modified":"2017-04-24T09:46:33","modified_gmt":"2017-04-24T09:46:33","slug":"toros","status":"publish","type":"page","link":"https:\/\/areasaludplasencia.es\/aspwp\/toros\/","title":{"rendered":"Toros"},"content":{"rendered":"<h1 style=\"color: #223650;\">Toros<\/h1>\n<hr style=\"border: 2px solid #588cd0;\" \/>\n<h3>Designaci\u00f3n Veterinario<\/h3>\n<table class=\"tablasinborde\" width=\"100%\">\n<tbody>\n<tr>\n<td align=\"center\" valign=\"top\" width=\"10%\"><a class=\"aLink1\" href=\"http:\/\/www.areasaludplasencia.es\/wasp\/pdfs\/2\/24D001.pdf\" target=\"_blank\"> <img src=\"http:\/\/www.areasaludplasencia.es\/wasp\/images\/verpdf2.gif\" alt=\"Ver pdf\" align=\"bottom\" border=\"0\" \/><\/a><\/td>\n<td>Solicitud desgnaci\u00f3n Veterinario Toros<\/td>\n<\/tr>\n<\/tbody>\n<\/table>\n<h3>Legislaci\u00f3n<\/h3>\n<table class=\"tablasinborde\" width=\"100%\">\n<tbody>\n<tr>\n<td align=\"center\" valign=\"top\" width=\"10%\"><a class=\"aLink1\" href=\"http:\/\/doe.juntaex.es\/pdfs\/doe\/2009\/1860O\/09050443.pdf\" target=\"_blank\"> <img src=\"http:\/\/www.areasaludplasencia.es\/wasp\/images\/verdoe2.gif\" alt=\"Ver pdf\" align=\"bottom\" border=\"0\" \/><\/a><\/td>\n<td>ORDEN de 9 de septiembre de 2009 por la que se establecen las condiciones<br \/>\ndel control sanitario de la producci\u00f3n de carne de animales de la especie<br \/>\nbovina en relaci\u00f3n con la encefalopat\u00eda espongiforme bovina y con la<br \/>\ncomercializaci\u00f3n de carne de reses de lidia<\/td>\n<\/tr>\n<tr>\n<td align=\"center\" valign=\"top\" width=\"10%\"><a class=\"aLink1\" href=\"http:\/\/doe.juntaex.es\/pdfs\/doe\/2010\/1020O\/10050177.pdf\" target=\"_blank\"> <img src=\"http:\/\/www.areasaludplasencia.es\/wasp\/images\/verdoe2.gif\" alt=\"Ver pdf\" align=\"bottom\" border=\"0\" \/><\/a><\/td>\n<td>CORRECCI\u00d3N de errores a la Orden de 9 de septiembre de 2009 por la que se<br \/>\nestablecen las condiciones del control sanitario de la producci\u00f3n de carne de<br \/>\nanimales de la especie bovina en relaci\u00f3n con la encefalopat\u00eda espongiforme<br \/>\nbovina y con la comercializaci\u00f3n de carne de reses de lidia<\/td>\n<\/tr>\n<tr>\n<td align=\"center\" valign=\"top\" width=\"10%\"><a class=\"aLink1\" href=\"http:\/\/boe.es\/boe\/dias\/2002\/03\/15\/pdfs\/A10824-10834.pdf\" target=\"_blank\"> <img src=\"http:\/\/www.areasaludplasencia.es\/wasp\/images\/verboe2.gif\" alt=\"Ver pdf\" align=\"bottom\" border=\"0\" \/><\/a><\/td>\n<td>REAL DECRETO 260\/2002, de 8 de marzo, por el que se fijan las condiciones<br \/>\nsanitarias aplicables a la producci\u00f3n y comercializaci\u00f3n de carnes de<br \/>\nreses de lidia<\/td>\n<\/tr>\n<\/tbody>\n<\/table>\n","protected":false},"excerpt":{"rendered":"<p>Toros Designaci\u00f3n Veterinario Solicitud desgnaci\u00f3n Veterinario Toros Legislaci\u00f3n ORDEN de 9 de septiembre de 2009 por la que se establecen las condiciones del control sanitario de la producci\u00f3n de carne de animales de la especie bovina en relaci\u00f3n con la encefalopat\u00eda espongiforme bovina y con la comercializaci\u00f3n de carne de reses de lidia CORRECCI\u00d3N de &hellip; <a href=\"https:\/\/areasaludplasencia.es\/aspwp\/toros\/\" class=\"more-link\">Seguir leyendo <span class=\"screen-reader-text\">Toros<\/span> <span class=\"meta-nav\">&rarr;<\/span><\/a><\/p>\n","protected":false},"author":1,"featured_media":0,"parent":0,"menu_order":0,"comment_status":"closed","ping_status":"closed","template":"","meta":{"_et_pb_use_builder":"","_et_pb_old_content":"","_et_gb_content_width":""},"_links":{"self":[{"href":"https:\/\/areasaludplasencia.es\/aspwp\/wp-json\/wp\/v2\/pages\/241"}],"collection":[{"href":"https:\/\/areasaludplasencia.es\/aspwp\/wp-json\/wp\/v2\/pages"}],"about":[{"href":"https:\/\/areasaludplasencia.es\/aspwp\/wp-json\/wp\/v2\/types\/page"}],"author":[{"embeddable":true,"href":"https:\/\/areasaludplasencia.es\/aspwp\/wp-json\/wp\/v2\/users\/1"}],"replies":[{"embeddable":true,"href":"https:\/\/areasaludplasencia.es\/aspwp\/wp-json\/wp\/v2\/comments?post=241"}],"version-history":[{"count":5,"href":"https:\/\/areasaludplasencia.es\/aspwp\/wp-json\/wp\/v2\/pages\/241\/revisions"}],"predecessor-version":[{"id":1559,"href":"https:\/\/areasaludplasencia.es\/aspwp\/wp-json\/wp\/v2\/pages\/241\/revisions\/1559"}],"wp:attachment":[{"href":"https:\/\/areasaludplasencia.es\/aspwp\/wp-json\/wp\/v2\/media?parent=241"}],"curies":[{"name":"wp","href":"https:\/\/api.w.org\/{rel}","templated":true}]}}