{"id":229,"date":"2017-03-05T09:43:17","date_gmt":"2017-03-05T09:43:17","guid":{"rendered":"http:\/\/areasaludplasencia.es\/aspwp\/?page_id=229"},"modified":"2020-02-26T08:35:39","modified_gmt":"2020-02-26T08:35:39","slug":"manipuladores-alimentos","status":"publish","type":"page","link":"https:\/\/areasaludplasencia.es\/aspwp\/manipuladores-alimentos\/","title":{"rendered":"Manipuladores de alimentos"},"content":{"rendered":"<p>[et_pb_section fb_built=&#8221;1&#8243; admin_label=&#8221;section&#8221; _builder_version=&#8221;4.0.5&#8243; custom_margin=&#8221;0px||||false|false&#8221; custom_padding=&#8221;0px||8px||false|false&#8221;][et_pb_row _builder_version=&#8221;4.0.5&#8243; custom_margin=&#8221;-20px|auto||auto|false|false&#8221; custom_padding=&#8221;||||false|false&#8221;][et_pb_column type=&#8221;4_4&#8243; _builder_version=&#8221;4.0.5&#8243;][et_pb_text _builder_version=&#8221;4.0.5&#8243; text_font=&#8221;||||||||&#8221; text_text_color=&#8221;#2b5183&#8243; text_font_size=&#8221;26px&#8221; custom_margin=&#8221;||0px||false|false&#8221; hover_enabled=&#8221;0&#8243; border_color_all=&#8221;#588cd0&#8243; border_width_bottom=&#8221;4px&#8221; border_color_bottom=&#8221;#5992c1&#8243; border_style_bottom=&#8221;solid&#8221;]<\/p>\n<p>Manipuladores de alimentos<\/p>\n<p>[\/et_pb_text][\/et_pb_column][\/et_pb_row][\/et_pb_section][et_pb_section fb_built=&#8221;1&#8243; _builder_version=&#8221;4.0.5&#8243; custom_padding=&#8221;15px|||||&#8221;][et_pb_row _builder_version=&#8221;4.0.5&#8243; column_structure=&#8221;1_2,1_2&#8243;][et_pb_column _builder_version=&#8221;4.0.5&#8243; type=&#8221;1_2&#8243;][et_pb_text _builder_version=&#8221;4.0.5&#8243; header_3_font=&#8221;||||||||&#8221; header_3_text_color=&#8221;#FFFFFF&#8221; background_color=&#8221;#76c0e0&#8243; custom_margin=&#8221;0px||||false|false&#8221; custom_padding=&#8221;7px||0px||false|false&#8221; hover_enabled=&#8221;0&#8243; border_radii=&#8221;on|3px|3px|3px|3px&#8221;]<\/p>\n<h3 style=\"text-align: center;\">Legislaci\u00f3n<\/h3>\n<p>[\/et_pb_text][et_pb_button button_url=&#8221;http:\/\/www.boe.es\/boe\/dias\/2010\/02\/19\/pdfs\/BOE-A-2010-2696.pdf&#8221; url_new_window=&#8221;on&#8221; button_text=&#8221;Real Decreto 109\/2010, de 5 de febrero, por el que se modifican diversos reales decretos en materia sanitaria para su adaptaci\u00f3n a la Ley 17\/2009, de 23 de noviembre, sobre el libre acceso a las actividades de servicios y su ejercicio y a la Ley 25\/2009, de 22 de diciembre, de modificaci\u00f3n de diversas leyes para su adaptaci\u00f3n a la Ley sobre el libre acceso a las actividades de servicios y su ejercicio. (Derogaci\u00f3n del Real Decreto 202\/2000)&#8221; _builder_version=&#8221;4.0.5&#8243; custom_button=&#8221;on&#8221; button_text_size=&#8221;16px&#8221; button_text_color=&#8221;#000000&#8243; button_border_width=&#8221;0px&#8221; button_icon=&#8221;%%372%%&#8221; button_icon_color=&#8221;#0c71c3&#8243; button_icon_placement=&#8221;left&#8221; button_on_hover=&#8221;off&#8221; custom_margin=&#8221;||0px||false|false&#8221; hover_enabled=&#8221;0&#8243;][\/et_pb_button][\/et_pb_column][et_pb_column _builder_version=&#8221;4.0.5&#8243; type=&#8221;1_2&#8243;][\/et_pb_column][\/et_pb_row][\/et_pb_section]<\/p>\n","protected":false},"excerpt":{"rendered":"<p>[et_pb_section fb_built=&#8221;1&#8243; admin_label=&#8221;section&#8221; _builder_version=&#8221;4.0.5&#8243; custom_margin=&#8221;0px||||false|false&#8221; custom_padding=&#8221;0px||8px||false|false&#8221;][et_pb_row _builder_version=&#8221;4.0.5&#8243; custom_margin=&#8221;-20px|auto||auto|false|false&#8221; custom_padding=&#8221;||||false|false&#8221;][et_pb_column type=&#8221;4_4&#8243; _builder_version=&#8221;4.0.5&#8243;][et_pb_text _builder_version=&#8221;4.0.5&#8243; text_font=&#8221;||||||||&#8221; text_text_color=&#8221;#2b5183&#8243; text_font_size=&#8221;26px&#8221; custom_margin=&#8221;||0px||false|false&#8221; hover_enabled=&#8221;0&#8243; border_color_all=&#8221;#588cd0&#8243; border_width_bottom=&#8221;4px&#8221; border_color_bottom=&#8221;#5992c1&#8243; border_style_bottom=&#8221;solid&#8221;] Manipuladores de alimentos [\/et_pb_text][\/et_pb_column][\/et_pb_row][\/et_pb_section][et_pb_section fb_built=&#8221;1&#8243; _builder_version=&#8221;4.0.5&#8243; custom_padding=&#8221;15px|||||&#8221;][et_pb_row _builder_version=&#8221;4.0.5&#8243; column_structure=&#8221;1_2,1_2&#8243;][et_pb_column _builder_version=&#8221;4.0.5&#8243; type=&#8221;1_2&#8243;][et_pb_text _builder_version=&#8221;4.0.5&#8243; header_3_font=&#8221;||||||||&#8221; header_3_text_color=&#8221;#FFFFFF&#8221; background_color=&#8221;#76c0e0&#8243; custom_margin=&#8221;0px||||false|false&#8221; custom_padding=&#8221;7px||0px||false|false&#8221; hover_enabled=&#8221;0&#8243; border_radii=&#8221;on|3px|3px|3px|3px&#8221;] Legislaci\u00f3n [\/et_pb_text][et_pb_button button_url=&#8221;http:\/\/www.boe.es\/boe\/dias\/2010\/02\/19\/pdfs\/BOE-A-2010-2696.pdf&#8221; url_new_window=&#8221;on&#8221; button_text=&#8221;Real Decreto 109\/2010, de 5 de febrero, por el que se &hellip; <a href=\"https:\/\/areasaludplasencia.es\/aspwp\/manipuladores-alimentos\/\" class=\"more-link\">Seguir leyendo <span class=\"screen-reader-text\">Manipuladores de alimentos<\/span> <span class=\"meta-nav\">&rarr;<\/span><\/a><\/p>\n","protected":false},"author":1,"featured_media":0,"parent":0,"menu_order":0,"comment_status":"closed","ping_status":"closed","template":"page-templates\/full-width.php","meta":{"_et_pb_use_builder":"on","_et_pb_old_content":"<h1 style=\"color: #223650;\">Manipuladores de alimentos<\/h1>\n\n<hr style=\"border: 2px solid #588cd0;\">\n\n<h3>Legislaci\u00f3n<\/h3>\n<table class=\"tablasinborde\" width=\"100%\">\n<tbody>\n<tr>\n<td align=\"center\" valign=\"top\" width=\"10%\"><a class=\"aLink1\" href=\"http:\/\/www.boe.es\/boe\/dias\/2010\/02\/19\/pdfs\/BOE-A-2010-2696.pdf\" target=\"_blank\" rel=\"noopener noreferrer\"> <img src=\"http:\/\/www.areasaludplasencia.es\/wasp\/images\/verdoe2.gif\" alt=\"Ver pdf\" align=\"bottom\" border=\"0\"><\/a><\/td>\n<td>Real Decreto 109\/2010, de 5 de febrero, por el que se modifican diversos reales\ndecretos en materia sanitaria para su adaptaci\u00f3n a la Ley 17\/2009, de 23 de\nnoviembre, sobre el libre acceso a las actividades de servicios y su ejercicio y a\nla Ley 25\/2009, de 22 de diciembre, de modificaci\u00f3n de diversas leyes para su\nadaptaci\u00f3n a la Ley sobre el libre acceso a las actividades de servicios y su\nejercicio.\n(Derogaci\u00f3n del Real Decreto 202\/2000)<\/td>\n<\/tr>\n<\/tbody>\n<\/table>\n<h3>Documentaci\u00f3n<\/h3>\n<table class=\"tablasinborde\" width=\"100%\">\n<tbody>\n<tr>\n<td align=\"center\" valign=\"top\" width=\"10%\"><a class=\"aLink1\" href=\"http:\/\/www.areasaludplasencia.es\/wasp\/pdfs\/2\/247001.pdf\" target=\"_blank\" rel=\"noopener noreferrer\"> <img src=\"http:\/\/www.areasaludplasencia.es\/wasp\/images\/verpdf2.gif\" alt=\"Ver pdf\" align=\"bottom\" border=\"0\"><\/a><\/td>\n<td>Organizaci\u00f3n de los cursos de manipuladores de alimentos<\/td>\n<\/tr>\n<\/tbody>\n<\/table>","_et_gb_content_width":""},"_links":{"self":[{"href":"https:\/\/areasaludplasencia.es\/aspwp\/wp-json\/wp\/v2\/pages\/229"}],"collection":[{"href":"https:\/\/areasaludplasencia.es\/aspwp\/wp-json\/wp\/v2\/pages"}],"about":[{"href":"https:\/\/areasaludplasencia.es\/aspwp\/wp-json\/wp\/v2\/types\/page"}],"author":[{"embeddable":true,"href":"https:\/\/areasaludplasencia.es\/aspwp\/wp-json\/wp\/v2\/users\/1"}],"replies":[{"embeddable":true,"href":"https:\/\/areasaludplasencia.es\/aspwp\/wp-json\/wp\/v2\/comments?post=229"}],"version-history":[{"count":9,"href":"https:\/\/areasaludplasencia.es\/aspwp\/wp-json\/wp\/v2\/pages\/229\/revisions"}],"predecessor-version":[{"id":3028,"href":"https:\/\/areasaludplasencia.es\/aspwp\/wp-json\/wp\/v2\/pages\/229\/revisions\/3028"}],"wp:attachment":[{"href":"https:\/\/areasaludplasencia.es\/aspwp\/wp-json\/wp\/v2\/media?parent=229"}],"curies":[{"name":"wp","href":"https:\/\/api.w.org\/{rel}","templated":true}]}}