{"id":227,"date":"2017-03-05T09:43:04","date_gmt":"2017-03-05T09:43:04","guid":{"rendered":"http:\/\/areasaludplasencia.es\/aspwp\/?page_id=227"},"modified":"2020-02-20T13:47:12","modified_gmt":"2020-02-20T13:47:12","slug":"legionella","status":"publish","type":"page","link":"https:\/\/areasaludplasencia.es\/aspwp\/legionella\/","title":{"rendered":"Legionella"},"content":{"rendered":"<p>[et_pb_section fb_built=&#8221;1&#8243; admin_label=&#8221;section&#8221; _builder_version=&#8221;4.0.5&#8243; custom_margin=&#8221;0px||-46px||false|false&#8221; custom_padding=&#8221;0px||35px||false|false&#8221;][et_pb_row _builder_version=&#8221;4.0.5&#8243; custom_margin=&#8221;-26px|auto||auto|false|false&#8221; custom_padding=&#8221;||||false|false&#8221;][et_pb_column type=&#8221;4_4&#8243; _builder_version=&#8221;4.0.5&#8243;][et_pb_text _builder_version=&#8221;4.0.5&#8243; text_font=&#8221;||||||||&#8221; text_text_color=&#8221;#2b5183&#8243; text_font_size=&#8221;26px&#8221; custom_margin=&#8221;||0px||false|false&#8221; border_color_all=&#8221;#588cd0&#8243; border_width_bottom=&#8221;4px&#8221; border_color_bottom=&#8221;#5992c1&#8243; border_style_bottom=&#8221;solid&#8221;]<\/p>\n<p>Legionella<\/p>\n<p>[\/et_pb_text][\/et_pb_column][\/et_pb_row][\/et_pb_section][et_pb_section fb_built=&#8221;1&#8243; _builder_version=&#8221;4.0.5&#8243; custom_padding=&#8221;15px|||||&#8221;][et_pb_row column_structure=&#8221;1_4,1_4,1_4,1_4&#8243; _builder_version=&#8221;4.0.5&#8243;][et_pb_column type=&#8221;1_4&#8243; _builder_version=&#8221;4.0.5&#8243;][et_pb_image src=&#8221;http:\/\/areasaludplasencia.es\/aspwp\/wp-content\/uploads\/2019\/11\/ses_plasencia_derechos_deberes.jpg&#8221; _builder_version=&#8221;4.0.5&#8243;][\/et_pb_image][\/et_pb_column][et_pb_column type=&#8221;1_4&#8243; _builder_version=&#8221;4.0.5&#8243;][\/et_pb_column][et_pb_column type=&#8221;1_4&#8243; _builder_version=&#8221;4.0.5&#8243;][et_pb_image src=&#8221;http:\/\/areasaludplasencia.es\/aspwp\/wp-content\/uploads\/2020\/02\/ses-plasencia-form-icon.png&#8221; _builder_version=&#8221;4.0.5&#8243; max_height=&#8221;100px&#8221; height=&#8221;311px&#8221; hover_enabled=&#8221;0&#8243;][\/et_pb_image][\/et_pb_column][et_pb_column type=&#8221;1_4&#8243; _builder_version=&#8221;4.0.5&#8243;][\/et_pb_column][\/et_pb_row][et_pb_row column_structure=&#8221;1_2,1_2&#8243; _builder_version=&#8221;4.0.5&#8243; custom_margin=&#8221;-10px|auto||auto||&#8221;][et_pb_column type=&#8221;1_2&#8243; _builder_version=&#8221;4.0.5&#8243;][et_pb_button button_url=&#8221;http:\/\/doe.gobex.es\/pdfs\/doe\/2017\/2390o\/17050528.pdf&#8221; url_new_window=&#8221;on&#8221; button_text=&#8221;ORDEN de 1 de diciembre de 2017 por la que se regula la notificaci\u00f3n de ciertas instalaciones de riesgo de dispersi\u00f3n de legionella y el censo de instalaciones de riesgo de dispersi\u00f3n de legionella.&#8221; _builder_version=&#8221;4.0.5&#8243; custom_button=&#8221;on&#8221; button_text_size=&#8221;16px&#8221; button_text_color=&#8221;#000000&#8243; button_border_width=&#8221;0px&#8221; button_icon=&#8221;%%372%%&#8221; button_icon_color=&#8221;#0c71c3&#8243; button_icon_placement=&#8221;left&#8221; button_on_hover=&#8221;off&#8221; custom_margin=&#8221;||20px||false|false&#8221;][\/et_pb_button][et_pb_button button_url=&#8221;http:\/\/doe.gobex.es\/pdfs\/doe\/2010\/2020o\/10050293.pdf&#8221; url_new_window=&#8221;on&#8221; button_text=&#8221;ORDEN de 8 de octubre de 2010 por la que se modifica la Orden de 11 de junio de 2001 por la que se rgulan los crtierios higi\u00e9nico-sanitarios que deben reunir los aparatos de transferencia de masa de agua en corriente de aire y aparatos de humectaci\u00f3n para la prevenci\u00f3n de la legionelosis.&#8221; _builder_version=&#8221;4.0.5&#8243; custom_button=&#8221;on&#8221; button_text_size=&#8221;16px&#8221; button_text_color=&#8221;#000000&#8243; button_border_width=&#8221;0px&#8221; button_icon=&#8221;%%372%%&#8221; button_icon_color=&#8221;#0c71c3&#8243; button_icon_placement=&#8221;left&#8221; button_on_hover=&#8221;off&#8221; custom_margin=&#8221;||20px||false|false&#8221;][\/et_pb_button][et_pb_button button_url=&#8221;https:\/\/boe.es\/boe\/dias\/2003\/07\/18\/pdfs\/A28055-28069.pdf&#8221; url_new_window=&#8221;on&#8221; button_text=&#8221;REAL DECRETO 865\/2003, de 4 de julio, por el que se establecen los criterios higi\u00e9nico-sanitarios para la prevenci\u00f3n y control de la legionelosis&#8221; _builder_version=&#8221;4.0.5&#8243; custom_button=&#8221;on&#8221; button_text_size=&#8221;16px&#8221; button_text_color=&#8221;#000000&#8243; button_border_width=&#8221;0px&#8221; button_icon=&#8221;%%372%%&#8221; button_icon_color=&#8221;#0c71c3&#8243; button_icon_placement=&#8221;left&#8221; button_on_hover=&#8221;off&#8221; custom_margin=&#8221;||0px||false|false&#8221;][\/et_pb_button][\/et_pb_column][et_pb_column type=&#8221;1_2&#8243; _builder_version=&#8221;4.0.5&#8243;][et_pb_button button_url=&#8221;http:\/\/www.areasaludplasencia.es\/docs\/saludpublica\/ses-plasencia-notificacion-instalaciones-riesgo-dispersion-legionella.pdf&#8221; url_new_window=&#8221;on&#8221; button_text=&#8221;Formulario de notificaci\u00f3n de instalaciones de riesgo de legionella&#8221; _builder_version=&#8221;4.0.5&#8243; custom_button=&#8221;on&#8221; button_text_size=&#8221;16px&#8221; button_text_color=&#8221;#000000&#8243; button_border_width=&#8221;0px&#8221; button_icon=&#8221;%%360%%&#8221; button_icon_color=&#8221;#0c71c3&#8243; button_icon_placement=&#8221;left&#8221; button_on_hover=&#8221;off&#8221; custom_margin=&#8221;||0px||false|false&#8221;][\/et_pb_button][\/et_pb_column][\/et_pb_row][\/et_pb_section]<\/p>\n","protected":false},"excerpt":{"rendered":"<p>[et_pb_section fb_built=&#8221;1&#8243; admin_label=&#8221;section&#8221; _builder_version=&#8221;4.0.5&#8243; custom_margin=&#8221;0px||-46px||false|false&#8221; custom_padding=&#8221;0px||35px||false|false&#8221;][et_pb_row _builder_version=&#8221;4.0.5&#8243; custom_margin=&#8221;-26px|auto||auto|false|false&#8221; custom_padding=&#8221;||||false|false&#8221;][et_pb_column type=&#8221;4_4&#8243; _builder_version=&#8221;4.0.5&#8243;][et_pb_text _builder_version=&#8221;4.0.5&#8243; text_font=&#8221;||||||||&#8221; text_text_color=&#8221;#2b5183&#8243; text_font_size=&#8221;26px&#8221; custom_margin=&#8221;||0px||false|false&#8221; border_color_all=&#8221;#588cd0&#8243; border_width_bottom=&#8221;4px&#8221; border_color_bottom=&#8221;#5992c1&#8243; border_style_bottom=&#8221;solid&#8221;] Legionella [\/et_pb_text][\/et_pb_column][\/et_pb_row][\/et_pb_section][et_pb_section fb_built=&#8221;1&#8243; _builder_version=&#8221;4.0.5&#8243; custom_padding=&#8221;15px|||||&#8221;][et_pb_row column_structure=&#8221;1_4,1_4,1_4,1_4&#8243; _builder_version=&#8221;4.0.5&#8243;][et_pb_column type=&#8221;1_4&#8243; _builder_version=&#8221;4.0.5&#8243;][et_pb_image src=&#8221;http:\/\/areasaludplasencia.es\/aspwp\/wp-content\/uploads\/2019\/11\/ses_plasencia_derechos_deberes.jpg&#8221; _builder_version=&#8221;4.0.5&#8243;][\/et_pb_image][\/et_pb_column][et_pb_column type=&#8221;1_4&#8243; _builder_version=&#8221;4.0.5&#8243;][\/et_pb_column][et_pb_column type=&#8221;1_4&#8243; _builder_version=&#8221;4.0.5&#8243;][et_pb_image src=&#8221;http:\/\/areasaludplasencia.es\/aspwp\/wp-content\/uploads\/2020\/02\/ses-plasencia-form-icon.png&#8221; _builder_version=&#8221;4.0.5&#8243; max_height=&#8221;100px&#8221; height=&#8221;311px&#8221; hover_enabled=&#8221;0&#8243;][\/et_pb_image][\/et_pb_column][et_pb_column type=&#8221;1_4&#8243; _builder_version=&#8221;4.0.5&#8243;][\/et_pb_column][\/et_pb_row][et_pb_row column_structure=&#8221;1_2,1_2&#8243; _builder_version=&#8221;4.0.5&#8243; custom_margin=&#8221;-10px|auto||auto||&#8221;][et_pb_column type=&#8221;1_2&#8243; _builder_version=&#8221;4.0.5&#8243;][et_pb_button button_url=&#8221;http:\/\/doe.gobex.es\/pdfs\/doe\/2017\/2390o\/17050528.pdf&#8221; url_new_window=&#8221;on&#8221; button_text=&#8221;ORDEN de 1 de diciembre de &hellip; <a href=\"https:\/\/areasaludplasencia.es\/aspwp\/legionella\/\" class=\"more-link\">Seguir leyendo <span class=\"screen-reader-text\">Legionella<\/span> <span class=\"meta-nav\">&rarr;<\/span><\/a><\/p>\n","protected":false},"author":1,"featured_media":0,"parent":0,"menu_order":0,"comment_status":"closed","ping_status":"closed","template":"page-templates\/full-width.php","meta":{"_et_pb_use_builder":"on","_et_pb_old_content":"<h1 style=\"color: #223650;\">Legionella<\/h1>\n\n<hr style=\"border: 2px solid #588cd0;\">\n\n<h3>Legislaci\u00f3n<\/h3>\n<table class=\"tablasinborde\" width=\"100%\">\n<tbody>\n<tr>\n<td align=\"center\" valign=\"top\" width=\"10%\"><a class=\"aLink1\" href=\"http:\/\/doe.juntaex.es\/pdfs\/doe\/2001\/690O\/01050881.pdf\" target=\"_blank\" rel=\"noopener noreferrer\"> <img src=\"http:\/\/www.areasaludplasencia.es\/wasp\/images\/verdoe2.gif\" alt=\"Ver pdf\" align=\"bottom\" border=\"0\"><\/a><\/td>\n<td>ORDEN de 11 de junio de 2001, por la que se regulan los criterios\nhigi\u00e9nico-sanitarios que deben reunir los aparatos de transferencia de masa\nde agua en corriente de aire y aparatos de humectaci\u00f3n para la prevenci\u00f3n\nde la Legionelosis<\/td>\n<\/tr>\n<tr>\n<td colspan=\"2\"><\/td>\n<\/tr>\n<tr>\n<td align=\"center\" valign=\"top\" width=\"10%\"><a class=\"aLink1\" href=\"http:\/\/boe.es\/boe\/dias\/2003\/07\/18\/pdfs\/A28055-28069.pdf\" target=\"_blank\" rel=\"noopener noreferrer\"> <img src=\"http:\/\/www.areasaludplasencia.es\/wasp\/images\/verboe2.gif\" alt=\"Ver pdf\" align=\"bottom\" border=\"0\"><\/a><\/td>\n<td>REAL DECRETO 865\/2003, de 4 de julio, por el que se establecen los\ncriterios higi\u00e9nico-sanitarios para la prevenci\u00f3n y control de la\nlegionelosis<\/td>\n<\/tr>\n<\/tbody>\n<\/table>\n<h3>Notificaci\u00f3n de las Instalaciones<\/h3>\n<table class=\"tablasinborde\" width=\"100%\">\n<tbody>\n<tr>\n<td align=\"center\" valign=\"top\" width=\"10%\"><a class=\"aLink1\" href=\"http:\/\/www.areasaludplasencia.es\/wasp\/pdfs\/2\/246001.pdf\" target=\"_blank\" rel=\"noopener noreferrer\"> <img src=\"http:\/\/www.areasaludplasencia.es\/wasp\/images\/verpdf2.gif\" alt=\"Ver pdf\" align=\"bottom\" border=\"0\"><\/a><\/td>\n<td>Ficha t\u00e9cnica de notificaci\u00f3n de las instalaciones<\/td>\n<\/tr>\n<\/tbody>\n<\/table>","_et_gb_content_width":""},"_links":{"self":[{"href":"https:\/\/areasaludplasencia.es\/aspwp\/wp-json\/wp\/v2\/pages\/227"}],"collection":[{"href":"https:\/\/areasaludplasencia.es\/aspwp\/wp-json\/wp\/v2\/pages"}],"about":[{"href":"https:\/\/areasaludplasencia.es\/aspwp\/wp-json\/wp\/v2\/types\/page"}],"author":[{"embeddable":true,"href":"https:\/\/areasaludplasencia.es\/aspwp\/wp-json\/wp\/v2\/users\/1"}],"replies":[{"embeddable":true,"href":"https:\/\/areasaludplasencia.es\/aspwp\/wp-json\/wp\/v2\/comments?post=227"}],"version-history":[{"count":14,"href":"https:\/\/areasaludplasencia.es\/aspwp\/wp-json\/wp\/v2\/pages\/227\/revisions"}],"predecessor-version":[{"id":2979,"href":"https:\/\/areasaludplasencia.es\/aspwp\/wp-json\/wp\/v2\/pages\/227\/revisions\/2979"}],"wp:attachment":[{"href":"https:\/\/areasaludplasencia.es\/aspwp\/wp-json\/wp\/v2\/media?parent=227"}],"curies":[{"name":"wp","href":"https:\/\/api.w.org\/{rel}","templated":true}]}}