{"id":158,"date":"2017-03-05T09:07:38","date_gmt":"2017-03-05T09:07:38","guid":{"rendered":"http:\/\/areasaludplasencia.es\/aspwp\/?page_id=158"},"modified":"2019-11-17T19:37:31","modified_gmt":"2019-11-17T19:37:31","slug":"acreditacion","status":"publish","type":"page","link":"https:\/\/areasaludplasencia.es\/aspwp\/acreditacion\/","title":{"rendered":"Acreditaci\u00f3n_X"},"content":{"rendered":"<p>[et_pb_section fb_built=&#8221;1&#8243; _builder_version=&#8221;4.0.5&#8243;][et_pb_row _builder_version=&#8221;4.0.5&#8243; column_structure=&#8221;2_3,1_3&#8243;][et_pb_column _builder_version=&#8221;4.0.5&#8243; type=&#8221;2_3&#8243;][et_pb_code _builder_version=&#8221;4.0.5&#8243; hover_enabled=&#8221;0&#8243;]<\/p>\n<div id=\"central\" class=\"contenidoCentral\"><!-- [et_pb_line_break_holder] --><!-- [et_pb_line_break_holder] -->\t<\/p>\n<div id=\"tituloPpal\">&Aacute;rea de Acreditaci&oacute;n<\/div>\n<p><!\u2013- [et_pb_br_holder] -\u2013><!\u2013- [et_pb_br_holder] -\u2013><!\u2013- [et_pb_br_holder] -\u2013><!-- [et_pb_line_break_holder] --><!-- [et_pb_line_break_holder] -->    <\/p>\n<ol class=\"texto\"><!-- [et_pb_line_break_holder] -->    \t<\/p>\n<li>Presentaci\u00f3n<\/li>\n<p><!-- [et_pb_line_break_holder] -->        <\/p>\n<li>Pr\u00f3logo<\/li>\n<p><!-- [et_pb_line_break_holder] -->        <\/p>\n<li>Justificaci\u00f3n del Proyecto<\/li>\n<p><!-- [et_pb_line_break_holder] -->        <\/p>\n<li>Descripci\u00f3n del Modelo<\/li>\n<p><!-- [et_pb_line_break_holder] -->        <\/p>\n<li>Proceso de Acreditaci\u00f3n<\/li>\n<p><!-- [et_pb_line_break_holder] -->        <\/p>\n<li>Modelo de Calidad<\/li>\n<p><!-- [et_pb_line_break_holder] -->        <\/p>\n<li>Anexo I. Gu\u00eda de Interpretaci\u00f3n<\/li>\n<p><!-- [et_pb_line_break_holder] -->        <\/p>\n<li>Anexo II. Pesos por Entorno Sanitario<\/li>\n<p><!-- [et_pb_line_break_holder] -->    <\/ol>\n<p><!-- [et_pb_line_break_holder] -->    <!-- [et_pb_line_break_holder] -->    <a href=\"http:\/\/areasaludplasencia.es\/wasp\/pdfs\/1\/16801.pdf\" class=\"aLink1\" target=\"_blank\" style=\"padding-left:40px\" rel=\"noopener noreferrer\"><!-- [et_pb_line_break_holder] -->\t\t\tDescarga <img src=\"\/wasp\/images\/verpdf.gif\" border=\"0\" align=\"bottom\" alt=\"Ver pdf\"\/><\/a><!-- [et_pb_line_break_holder] -->    <!-- [et_pb_line_break_holder] --><\/div>\n<p><!-- #central -->[\/et_pb_code][\/et_pb_column][et_pb_column _builder_version=&#8221;4.0.5&#8243; type=&#8221;1_3&#8243;][\/et_pb_column][\/et_pb_row][\/et_pb_section]<\/p>\n","protected":false},"excerpt":{"rendered":"<p>[et_pb_section fb_built=&#8221;1&#8243; _builder_version=&#8221;4.0.5&#8243;][et_pb_row _builder_version=&#8221;4.0.5&#8243; column_structure=&#8221;2_3,1_3&#8243;][et_pb_column _builder_version=&#8221;4.0.5&#8243; type=&#8221;2_3&#8243;][et_pb_code _builder_version=&#8221;4.0.5&#8243; hover_enabled=&#8221;0&#8243;] &Aacute;rea de Acreditaci&oacute;n Presentaci\u00f3n Pr\u00f3logo Justificaci\u00f3n del Proyecto Descripci\u00f3n del Modelo Proceso de Acreditaci\u00f3n Modelo de Calidad Anexo I. Gu\u00eda de Interpretaci\u00f3n Anexo II. Pesos por Entorno Sanitario Descarga [\/et_pb_code][\/et_pb_column][et_pb_column _builder_version=&#8221;4.0.5&#8243; type=&#8221;1_3&#8243;][\/et_pb_column][\/et_pb_row][\/et_pb_section]<\/p>\n","protected":false},"author":1,"featured_media":0,"parent":0,"menu_order":0,"comment_status":"closed","ping_status":"closed","template":"page-templates\/full-width.php","meta":{"_et_pb_use_builder":"on","_et_pb_old_content":"","_et_gb_content_width":""},"_links":{"self":[{"href":"https:\/\/areasaludplasencia.es\/aspwp\/wp-json\/wp\/v2\/pages\/158"}],"collection":[{"href":"https:\/\/areasaludplasencia.es\/aspwp\/wp-json\/wp\/v2\/pages"}],"about":[{"href":"https:\/\/areasaludplasencia.es\/aspwp\/wp-json\/wp\/v2\/types\/page"}],"author":[{"embeddable":true,"href":"https:\/\/areasaludplasencia.es\/aspwp\/wp-json\/wp\/v2\/users\/1"}],"replies":[{"embeddable":true,"href":"https:\/\/areasaludplasencia.es\/aspwp\/wp-json\/wp\/v2\/comments?post=158"}],"version-history":[{"count":5,"href":"https:\/\/areasaludplasencia.es\/aspwp\/wp-json\/wp\/v2\/pages\/158\/revisions"}],"predecessor-version":[{"id":2206,"href":"https:\/\/areasaludplasencia.es\/aspwp\/wp-json\/wp\/v2\/pages\/158\/revisions\/2206"}],"wp:attachment":[{"href":"https:\/\/areasaludplasencia.es\/aspwp\/wp-json\/wp\/v2\/media?parent=158"}],"curies":[{"name":"wp","href":"https:\/\/api.w.org\/{rel}","templated":true}]}}