{"id":152,"date":"2017-03-05T09:06:53","date_gmt":"2017-03-05T09:06:53","guid":{"rendered":"http:\/\/areasaludplasencia.es\/aspwp\/?page_id=152"},"modified":"2019-11-17T18:40:10","modified_gmt":"2019-11-17T18:40:10","slug":"gestion-por-procesos","status":"publish","type":"page","link":"https:\/\/areasaludplasencia.es\/aspwp\/gestion-por-procesos\/","title":{"rendered":"Gesti\u00f3n por Procesos_X"},"content":{"rendered":"<p>[et_pb_section fb_built=&#8221;1&#8243; _builder_version=&#8221;4.0.5&#8243;][et_pb_row _builder_version=&#8221;4.0.5&#8243; column_structure=&#8221;2_3,1_3&#8243;][et_pb_column _builder_version=&#8221;4.0.5&#8243; type=&#8221;2_3&#8243;][et_pb_code _builder_version=&#8221;4.0.5&#8243; hover_enabled=&#8221;0&#8243;]<\/p>\n<div id=\"central\" class=\"contenidoCentral\"><!-- [et_pb_line_break_holder] --><!-- [et_pb_line_break_holder] -->\t<\/p>\n<div id=\"tituloPpal\">Gesti&oacute;n por Procesos<\/div>\n<p><!\u2013- [et_pb_br_holder] -\u2013><!\u2013- [et_pb_br_holder] -\u2013><!\u2013- [et_pb_br_holder] -\u2013><!-- [et_pb_line_break_holder] --><!-- [et_pb_line_break_holder] -->    <\/p>\n<table class=\"texto\" width=\"100%\"><!-- [et_pb_line_break_holder] -->    <!-- [et_pb_line_break_holder] -->    <\/p>\n<tr>\n<td width=\"5%\" align=\"center\"><a href=\"http:\/\/areasaludplasencia.es\/wasp\/pdfs\/1\/165001.pdf\" class=\"aLink1\" target=\"_blank\" rel=\"noopener noreferrer\"><!-- [et_pb_line_break_holder] -->\t\t\t<img src=\"\/wasp\/images\/verpdf2.gif\" border=\"0\" align=\"bottom\" alt=\"Ver pdf\"\/><\/a><\/td>\n<p><!-- [et_pb_line_break_holder] -->\t\t<\/p>\n<td colspan=\"2\">Funciones de la Oficina de Procesos<\/td>\n<\/tr>\n<p><!-- [et_pb_line_break_holder] --><!-- [et_pb_line_break_holder] -->    <\/p>\n<tr>\n<td width=\"5%\" align=\"center\"><a href=\"http:\/\/areasaludplasencia.es\/wasp\/pdfs\/1\/165002.pdf\" class=\"aLink1\" target=\"_blank\" rel=\"noopener noreferrer\"><!-- [et_pb_line_break_holder] -->\t\t\t<img src=\"\/wasp\/images\/verpdf2.gif\" border=\"0\" align=\"bottom\" alt=\"Ver pdf\"\/><\/a><\/td>\n<p><!-- [et_pb_line_break_holder] -->     \t<\/p>\n<td colspan=\"2\">Gu\u00eda Pr\u00e1ctica de Elaboraci\u00f3n de Procesos<\/td>\n<\/tr>\n<p><!-- [et_pb_line_break_holder] --><!-- [et_pb_line_break_holder] -->    <\/p>\n<tr>\n<td width=\"5%\" align=\"center\"><a href=\"http:\/\/areasaludplasencia.es\/wasp\/pdfs\/1\/165003.pdf\" class=\"aLink1\" target=\"_blank\" rel=\"noopener noreferrer\"><!-- [et_pb_line_break_holder] -->\t\t\t<img src=\"\/wasp\/images\/verpdf2.gif\" border=\"0\" align=\"bottom\" alt=\"Ver pdf\"\/><\/a><\/td>\n<p><!-- [et_pb_line_break_holder] -->     \t<\/p>\n<td colspan=\"2\">Gu\u00eda Pr\u00e1ctica de Elaboraci\u00f3n de Procesos.(Diagramas)<\/td>\n<\/tr>\n<p><!-- [et_pb_line_break_holder] --><!-- [et_pb_line_break_holder] -->    <\/p>\n<tr>\n<td width=\"5%\" align=\"center\"><a href=\"http:\/\/areasaludplasencia.es\/wasp\/pdfs\/1\/165004.pdf\" class=\"aLink1\" target=\"_blank\" rel=\"noopener noreferrer\"><!-- [et_pb_line_break_holder] -->\t\t\t<img src=\"\/wasp\/images\/verpdf2.gif\" border=\"0\" align=\"bottom\" alt=\"Ver pdf\"\/><\/a><\/td>\n<p><!-- [et_pb_line_break_holder] -->     \t<\/p>\n<td colspan=\"2\">Gu\u00eda Pr\u00e1ctica Documentaci\u00f3n Asociada<\/td>\n<\/tr>\n<p><!-- [et_pb_line_break_holder] --><!-- [et_pb_line_break_holder] -->    <\/p>\n<tr>\n<td width=\"5%\" align=\"center\"><a href=\"http:\/\/areasaludplasencia.es\/wasp\/pdfs\/1\/165005.pdf\" class=\"aLink1\" target=\"_blank\" rel=\"noopener noreferrer\"><!-- [et_pb_line_break_holder] -->\t\t\t<img src=\"\/wasp\/images\/verpdf2.gif\" border=\"0\" align=\"bottom\" alt=\"Ver pdf\"\/><\/a><\/td>\n<p><!-- [et_pb_line_break_holder] -->     \t<\/p>\n<td colspan=\"2\">Mapa de Procesos<\/td>\n<\/tr>\n<p><!-- [et_pb_line_break_holder] --><!-- [et_pb_line_break_holder] -->    <\/p>\n<tr>\n<td width=\"5%\" align=\"center\"><a href=\"http:\/\/areasaludplasencia.es\/wasp\/pdfs\/1\/165012.pdf\" class=\"aLink1\" target=\"_blank\" rel=\"noopener noreferrer\"><!-- [et_pb_line_break_holder] -->\t\t\t<img src=\"\/wasp\/images\/verpdf2.gif\" border=\"0\" align=\"bottom\" alt=\"Ver pdf\"\/><\/a><\/td>\n<p><!-- [et_pb_line_break_holder] -->     \t<\/p>\n<td colspan=\"2\">Teor\u00eda General de la Gesti\u00f3n por Procesos<\/td>\n<\/tr>\n<p><!-- [et_pb_line_break_holder] --><!-- [et_pb_line_break_holder] -->    <\/table>\n<p><!-- [et_pb_line_break_holder] --><!-- [et_pb_line_break_holder] --><!-- xxxxxxxxxxxxxxxxxxxxxxxxxxxxxxxxxxxxxxxxxxxxxxxxxxxxxxxxxxxxxxxxxxxxxxxxxxxxxxx -->    <!-- [et_pb_line_break_holder] --><!-- [et_pb_line_break_holder] -->\t<\/p>\n<div id=\"tituloTexto\" style=\"margin-top:20px; width:100%\">PROCESOS OPERATIVOS<\/div>\n<p><!\u2013- [et_pb_br_holder] -\u2013><!-- [et_pb_line_break_holder] --><!-- [et_pb_line_break_holder] -->\t<\/p>\n<table class=\"texto\" width=\"100%\"><!-- [et_pb_line_break_holder] --><!-- [et_pb_line_break_holder] --><\/p>\n<tr>\n<td width=\"5%\" align=\"center\"><a href=\"http:\/\/areasaludplasencia.es\/wasp\/pdfs\/1\/165013.pdf\" class=\"aLink1\" target=\"_blank\" rel=\"noopener noreferrer\"><!-- [et_pb_line_break_holder] -->\t\t\t<img src=\"\/wasp\/images\/verpdf2.gif\" border=\"0\" align=\"bottom\" alt=\"Ver pdf\"\/><\/a><\/td>\n<p><!-- [et_pb_line_break_holder] -->     <\/p>\n<td colspan=\"2\">Proceso Medicina Interna<\/td>\n<p><!-- [et_pb_line_break_holder] --><\/tr>\n<p><!-- [et_pb_line_break_holder] --><!-- [et_pb_line_break_holder] --><\/p>\n<tr>\n<td width=\"5%\" align=\"center\"><a href=\"http:\/\/areasaludplasencia.es\/wasp\/pdfs\/1\/165006.pdf\" class=\"aLink1\" target=\"_blank\" rel=\"noopener noreferrer\"><!-- [et_pb_line_break_holder] -->\t\t\t<img src=\"\/wasp\/images\/verpdf2.gif\" border=\"0\" align=\"bottom\" alt=\"Ver pdf\"\/><\/a><\/td>\n<p><!-- [et_pb_line_break_holder] -->     <\/p>\n<td colspan=\"2\">Proceso Cirug\u00eda M\u00e9dico-Quir\u00fargica<\/td>\n<p><!-- [et_pb_line_break_holder] --><\/tr>\n<p><!-- [et_pb_line_break_holder] --><!-- [et_pb_line_break_holder] --><\/p>\n<tr>\n<td width=\"5%\" align=\"center\"><a href=\"http:\/\/areasaludplasencia.es\/wasp\/pdfs\/1\/165007.pdf\" class=\"aLink1\" target=\"_blank\" rel=\"noopener noreferrer\"><!-- [et_pb_line_break_holder] -->\t\t\t<img src=\"\/wasp\/images\/verpdf2.gif\" border=\"0\" align=\"bottom\" alt=\"Ver pdf\"\/><\/a><\/td>\n<p><!-- [et_pb_line_break_holder] -->     <\/p>\n<td colspan=\"2\">Proceso Endocrionolog\u00eda M\u00e9dica<\/td>\n<p><!-- [et_pb_line_break_holder] --><\/tr>\n<p><!-- [et_pb_line_break_holder] --><!-- [et_pb_line_break_holder] --><\/p>\n<tr>\n<td width=\"5%\" align=\"center\"><a href=\"http:\/\/areasaludplasencia.es\/wasp\/pdfs\/1\/165008.pdf\" class=\"aLink1\" target=\"_blank\" rel=\"noopener noreferrer\"><!-- [et_pb_line_break_holder] -->\t\t\t<img src=\"\/wasp\/images\/verpdf2.gif\" border=\"0\" align=\"bottom\" alt=\"Ver pdf\"\/><\/a><\/td>\n<p><!-- [et_pb_line_break_holder] -->     <\/p>\n<td colspan=\"2\">Proceso Neurolog\u00eda M\u00e9dica<\/td>\n<p><!-- [et_pb_line_break_holder] --><\/tr>\n<p><!-- [et_pb_line_break_holder] --><!-- [et_pb_line_break_holder] --><\/p>\n<tr>\n<td width=\"5%\" align=\"center\"><a href=\"http:\/\/areasaludplasencia.es\/wasp\/pdfs\/1\/165009.pdf\" class=\"aLink1\" target=\"_blank\" rel=\"noopener noreferrer\"><!-- [et_pb_line_break_holder] -->\t\t\t<img src=\"\/wasp\/images\/verpdf2.gif\" border=\"0\" align=\"bottom\" alt=\"Ver pdf\"\/><\/a><\/td>\n<p><!-- [et_pb_line_break_holder] -->     <\/p>\n<td colspan=\"2\">Proceso O.R.L. M\u00e9dico-Quir\u00fargica<\/td>\n<p><!-- [et_pb_line_break_holder] --><\/tr>\n<p><!-- [et_pb_line_break_holder] --><!-- [et_pb_line_break_holder] --><\/p>\n<tr>\n<td width=\"5%\" align=\"center\"><a href=\"http:\/\/areasaludplasencia.es\/wasp\/pdfs\/1\/165010.pdf\" class=\"aLink1\" target=\"_blank\" rel=\"noopener noreferrer\"><!-- [et_pb_line_break_holder] -->\t\t\t<img src=\"\/wasp\/images\/verpdf2.gif\" border=\"0\" align=\"bottom\" alt=\"Ver pdf\"\/><\/a><\/td>\n<p><!-- [et_pb_line_break_holder] -->     <\/p>\n<td colspan=\"2\">Proceso Traumatolog\u00eda M\u00e9dico-Quir\u00fargica<\/td>\n<p><!-- [et_pb_line_break_holder] --><\/tr>\n<p><!-- [et_pb_line_break_holder] --><!-- [et_pb_line_break_holder] --><\/p>\n<tr>\n<td width=\"5%\" align=\"center\"><a href=\"http:\/\/areasaludplasencia.es\/wasp\/pdfs\/1\/165011.pdf\" class=\"aLink1\" target=\"_blank\" rel=\"noopener noreferrer\"><!-- [et_pb_line_break_holder] -->\t\t\t<img src=\"\/wasp\/images\/verpdf2.gif\" border=\"0\" align=\"bottom\" alt=\"Ver pdf\"\/><\/a><\/td>\n<p><!-- [et_pb_line_break_holder] -->     <\/p>\n<td colspan=\"2\">Proceso Urolog\u00eda M\u00e9dico-Quir\u00fargica<\/td>\n<p><!-- [et_pb_line_break_holder] --><\/tr>\n<p><!-- [et_pb_line_break_holder] --><!-- [et_pb_line_break_holder] -->\t<\/table>\n<p><!-- [et_pb_line_break_holder] --><!-- [et_pb_line_break_holder] --><!-- [et_pb_line_break_holder] --><!-- [et_pb_line_break_holder] --><!-- [et_pb_line_break_holder] --><!-- xxxxxxxxxxxxxxxxxxxxxxxxxxxxxxxxxxxxxxxxxxxxxxxxxxxxxxxxxxxxxxxxxxxxxxxxxxxxxxx -->    <!-- [et_pb_line_break_holder] --><!-- [et_pb_line_break_holder] -->\t<\/p>\n<div id=\"tituloTexto\" style=\"margin-top:20px; width:100%\">PROCESOS de SOPORTE<\/div>\n<p><!\u2013- [et_pb_br_holder] -\u2013><!\u2013- [et_pb_br_holder] -\u2013><!-- [et_pb_line_break_holder] --><!-- [et_pb_line_break_holder] --><!-- xxxxxxxxxxxxxxxxxxxxxxxxxxxxxxxxxxxxxxxxxxxxxxxxxxxxxxxxxxxxxxxxxxxxxxxxxxxxxxx -->    <!-- [et_pb_line_break_holder] --><!-- [et_pb_line_break_holder] -->\t<\/p>\n<div id=\"tituloTexto\" style=\"margin-top:20px; width:100%\">PROCESOS ESTRAT&Eacute;GICOS<\/div>\n<p><!\u2013- [et_pb_br_holder] -\u2013><!\u2013- [et_pb_br_holder] -\u2013><!-- [et_pb_line_break_holder] --><!-- [et_pb_line_break_holder] --><!-- [et_pb_line_break_holder] --><!-- [et_pb_line_break_holder] --><!-- [et_pb_line_break_holder] --><\/div>\n<p><!-- #central -->[\/et_pb_code][\/et_pb_column][et_pb_column _builder_version=&#8221;4.0.5&#8243; type=&#8221;1_3&#8243;][\/et_pb_column][\/et_pb_row][\/et_pb_section]<\/p>\n","protected":false},"excerpt":{"rendered":"<p>[et_pb_section fb_built=&#8221;1&#8243; _builder_version=&#8221;4.0.5&#8243;][et_pb_row _builder_version=&#8221;4.0.5&#8243; column_structure=&#8221;2_3,1_3&#8243;][et_pb_column _builder_version=&#8221;4.0.5&#8243; type=&#8221;2_3&#8243;][et_pb_code _builder_version=&#8221;4.0.5&#8243; hover_enabled=&#8221;0&#8243;] Gesti&oacute;n por Procesos Funciones de la Oficina de Procesos Gu\u00eda Pr\u00e1ctica de Elaboraci\u00f3n de Procesos Gu\u00eda Pr\u00e1ctica de Elaboraci\u00f3n de Procesos.(Diagramas) Gu\u00eda Pr\u00e1ctica Documentaci\u00f3n Asociada Mapa de Procesos Teor\u00eda General de la Gesti\u00f3n por Procesos PROCESOS OPERATIVOS Proceso Medicina Interna Proceso Cirug\u00eda M\u00e9dico-Quir\u00fargica Proceso Endocrionolog\u00eda M\u00e9dica &hellip; <a href=\"https:\/\/areasaludplasencia.es\/aspwp\/gestion-por-procesos\/\" class=\"more-link\">Seguir leyendo <span class=\"screen-reader-text\">Gesti\u00f3n por Procesos_X<\/span> <span class=\"meta-nav\">&rarr;<\/span><\/a><\/p>\n","protected":false},"author":1,"featured_media":0,"parent":0,"menu_order":0,"comment_status":"closed","ping_status":"closed","template":"page-templates\/full-width.php","meta":{"_et_pb_use_builder":"on","_et_pb_old_content":"","_et_gb_content_width":""},"_links":{"self":[{"href":"https:\/\/areasaludplasencia.es\/aspwp\/wp-json\/wp\/v2\/pages\/152"}],"collection":[{"href":"https:\/\/areasaludplasencia.es\/aspwp\/wp-json\/wp\/v2\/pages"}],"about":[{"href":"https:\/\/areasaludplasencia.es\/aspwp\/wp-json\/wp\/v2\/types\/page"}],"author":[{"embeddable":true,"href":"https:\/\/areasaludplasencia.es\/aspwp\/wp-json\/wp\/v2\/users\/1"}],"replies":[{"embeddable":true,"href":"https:\/\/areasaludplasencia.es\/aspwp\/wp-json\/wp\/v2\/comments?post=152"}],"version-history":[{"count":4,"href":"https:\/\/areasaludplasencia.es\/aspwp\/wp-json\/wp\/v2\/pages\/152\/revisions"}],"predecessor-version":[{"id":2193,"href":"https:\/\/areasaludplasencia.es\/aspwp\/wp-json\/wp\/v2\/pages\/152\/revisions\/2193"}],"wp:attachment":[{"href":"https:\/\/areasaludplasencia.es\/aspwp\/wp-json\/wp\/v2\/media?parent=152"}],"curies":[{"name":"wp","href":"https:\/\/api.w.org\/{rel}","templated":true}]}}