{"id":150,"date":"2017-03-05T09:06:35","date_gmt":"2017-03-05T09:06:35","guid":{"rendered":"http:\/\/areasaludplasencia.es\/aspwp\/?page_id=150"},"modified":"2019-11-17T18:38:56","modified_gmt":"2019-11-17T18:38:56","slug":"asesoramiento-y-coordinacion","status":"publish","type":"page","link":"https:\/\/areasaludplasencia.es\/aspwp\/asesoramiento-y-coordinacion\/","title":{"rendered":"Asesoramiento y Coordinaci\u00f3n_X"},"content":{"rendered":"<p>[et_pb_section fb_built=&#8221;1&#8243; _builder_version=&#8221;4.0.5&#8243;][et_pb_row _builder_version=&#8221;4.0.5&#8243;][et_pb_column _builder_version=&#8221;4.0.5&#8243; type=&#8221;4_4&#8243;][et_pb_code _builder_version=&#8221;4.0.5&#8243; hover_enabled=&#8221;0&#8243;]<\/p>\n<div id=\"central\" class=\"contenidoCentral\"><!-- [et_pb_line_break_holder] --><!-- [et_pb_line_break_holder] -->\t<\/p>\n<div id=\"tituloPpal\">Asesoramiento y Coordinaci&oacute;n<\/div>\n<p><!\u2013- [et_pb_br_holder] -\u2013><!\u2013- [et_pb_br_holder] -\u2013><!\u2013- [et_pb_br_holder] -\u2013><!-- [et_pb_line_break_holder] --><!-- [et_pb_line_break_holder] -->\t<\/p>\n<div id=\"tituloTexto\" style=\"margin-top:20px; width:100%\">MEMORIAS<\/div>\n<p><!\u2013- [et_pb_br_holder] -\u2013><!-- [et_pb_line_break_holder] --><!-- [et_pb_line_break_holder] --><\/p>\n<table class=\"texto\" width=\"70%\" align=\"center\"><!-- [et_pb_line_break_holder] --><!-- [et_pb_line_break_holder] --><\/p>\n<tr>\n<td width=\"10%\" align=\"center\"><a href=\"http:\/\/areasaludplasencia.es\/wasp\/pdfs\/1\/164011.pdf\" class=\"aLink1\" target=\"_blank\" rel=\"noopener noreferrer\"><!-- [et_pb_line_break_holder] -->\t\t\t<img src=\"\/wasp\/images\/verpdf2.gif\" border=\"0\" align=\"bottom\" alt=\"Ver pdf\"\/><\/a><\/td>\n<p><!-- [et_pb_line_break_holder] -->     <\/p>\n<td style=\"font-size:11pt\">Memoria 2013<\/td>\n<\/tr>\n<p><!-- [et_pb_line_break_holder] --><!-- [et_pb_line_break_holder] --><\/p>\n<tr>\n<td width=\"10%\" align=\"center\"><a href=\"http:\/\/areasaludplasencia.es\/wasp\/pdfs\/1\/164010.pdf\" class=\"aLink1\" target=\"_blank\" rel=\"noopener noreferrer\"><!-- [et_pb_line_break_holder] -->\t\t\t<img src=\"\/wasp\/images\/verpdf2.gif\" border=\"0\" align=\"bottom\" alt=\"Ver pdf\"\/><\/a><\/td>\n<p><!-- [et_pb_line_break_holder] -->     <\/p>\n<td style=\"font-size:11pt\">Memoria 2012<\/td>\n<\/tr>\n<p><!-- [et_pb_line_break_holder] --><!-- [et_pb_line_break_holder] --><\/p>\n<tr>\n<td width=\"10%\" align=\"center\"><a href=\"http:\/\/areasaludplasencia.es\/wasp\/pdfs\/1\/164008.pdf\" class=\"aLink1\" target=\"_blank\" rel=\"noopener noreferrer\"><!-- [et_pb_line_break_holder] -->\t\t\t<img src=\"\/wasp\/images\/verpdf2.gif\" border=\"0\" align=\"bottom\" alt=\"Ver pdf\"\/><\/a><\/td>\n<p><!-- [et_pb_line_break_holder] -->     <\/p>\n<td style=\"font-size:11pt\">Memoria 2011<\/td>\n<\/tr>\n<p><!-- [et_pb_line_break_holder] --><!-- [et_pb_line_break_holder] --><\/p>\n<tr>\n<td width=\"10%\" align=\"center\"><a href=\"http:\/\/areasaludplasencia.es\/wasp\/pdfs\/1\/164007.pdf\" class=\"aLink1\" target=\"_blank\" rel=\"noopener noreferrer\"><!-- [et_pb_line_break_holder] -->\t\t\t<img src=\"\/wasp\/images\/verpdf2.gif\" border=\"0\" align=\"bottom\" alt=\"Ver pdf\"\/><\/a><\/td>\n<p><!-- [et_pb_line_break_holder] -->     <\/p>\n<td style=\"font-size:11pt\">Memoria 2010<\/td>\n<\/tr>\n<p><!-- [et_pb_line_break_holder] --><!-- [et_pb_line_break_holder] --><\/p>\n<tr>\n<td width=\"10%\" align=\"center\"><a href=\"http:\/\/areasaludplasencia.es\/wasp\/pdfs\/1\/164006.pdf\" class=\"aLink1\" target=\"_blank\" rel=\"noopener noreferrer\"><!-- [et_pb_line_break_holder] -->\t\t\t<img src=\"\/wasp\/images\/verpdf2.gif\" border=\"0\" align=\"bottom\" alt=\"Ver pdf\"\/><\/a><\/td>\n<p><!-- [et_pb_line_break_holder] -->     <\/p>\n<td style=\"font-size:11pt\">Memoria 2009<\/td>\n<\/tr>\n<p><!-- [et_pb_line_break_holder] --><!-- [et_pb_line_break_holder] --><\/p>\n<tr>\n<td width=\"10%\" align=\"center\"><a href=\"http:\/\/areasaludplasencia.es\/wasp\/pdfs\/1\/164005.pdf\" class=\"aLink1\" target=\"_blank\" rel=\"noopener noreferrer\"><!-- [et_pb_line_break_holder] -->\t\t\t<img src=\"\/wasp\/images\/verpdf2.gif\" border=\"0\" align=\"bottom\" alt=\"Ver pdf\"\/><\/a><\/td>\n<p><!-- [et_pb_line_break_holder] -->     <\/p>\n<td style=\"font-size:11pt\">Memoria 2008<\/td>\n<\/tr>\n<p><!-- [et_pb_line_break_holder] --><!-- [et_pb_line_break_holder] --><\/p>\n<tr>\n<td width=\"10%\" align=\"center\"><a href=\"http:\/\/areasaludplasencia.es\/wasp\/pdfs\/1\/164004.pdf\" class=\"aLink1\" target=\"_blank\" rel=\"noopener noreferrer\"><!-- [et_pb_line_break_holder] -->\t\t\t<img src=\"\/wasp\/images\/verpdf2.gif\" border=\"0\" align=\"bottom\" alt=\"Ver pdf\"\/><\/a><\/td>\n<p><!-- [et_pb_line_break_holder] -->     <\/p>\n<td style=\"font-size:11pt\">Memoria 2007<\/td>\n<\/tr>\n<p><!-- [et_pb_line_break_holder] --><!-- [et_pb_line_break_holder] --><\/p>\n<tr>\n<td width=\"10%\" align=\"center\"><a href=\"http:\/\/areasaludplasencia.es\/wasp\/pdfs\/1\/164001.pdf\" class=\"aLink1\" target=\"_blank\" rel=\"noopener noreferrer\"><!-- [et_pb_line_break_holder] -->\t\t\t<img src=\"\/wasp\/images\/verpdf2.gif\" border=\"0\" align=\"bottom\" alt=\"Ver pdf\"\/><\/a><\/td>\n<p><!-- [et_pb_line_break_holder] -->     <\/p>\n<td style=\"font-size:11pt\">Memoria 2006<\/td>\n<\/tr>\n<p><!-- [et_pb_line_break_holder] --><!-- [et_pb_line_break_holder] --><\/p>\n<tr>\n<td width=\"10%\" align=\"center\"><a href=\"http:\/\/areasaludplasencia.es\/wasp\/pdfs\/1\/164002.pdf\" class=\"aLink1\" target=\"_blank\" rel=\"noopener noreferrer\"><!-- [et_pb_line_break_holder] -->\t\t\t<img src=\"\/wasp\/images\/verpdf2.gif\" border=\"0\" align=\"bottom\" alt=\"Ver pdf\"\/><\/a><\/td>\n<p><!-- [et_pb_line_break_holder] -->     <\/p>\n<td style=\"font-size:11pt\">Memoria 2005<\/td>\n<\/tr>\n<p><!-- [et_pb_line_break_holder] --><!-- [et_pb_line_break_holder] --><\/table>\n<p><!-- [et_pb_line_break_holder] --><!-- [et_pb_line_break_holder] --><\/p>\n<div id=\"tituloTexto\" style=\"margin-top:20px; width:100%\">PLAN de CALIDAD (2005\/2009)<\/div>\n<p><!\u2013- [et_pb_br_holder] -\u2013><!-- [et_pb_line_break_holder] --><!-- [et_pb_line_break_holder] -->    <\/p>\n<div class=\"texto\" style=\"padding-left:70px\"><!-- [et_pb_line_break_holder] -->\t\t<\/p>\n<ol type=\"A\"><!-- [et_pb_line_break_holder] -->        \t<\/p>\n<li>Introducci\u00f3n y Alcance<\/li>\n<p><!-- [et_pb_line_break_holder] -->            <\/p>\n<li>Planteamiento de la Metodolog\u00eda<\/li>\n<p><!-- [et_pb_line_break_holder] -->            <\/p>\n<li>\u00c1reas de Actuaci\u00f3n.<\/li>\n<p><!-- [et_pb_line_break_holder] -->            <\/p>\n<li>Objetivos del plan de calidad.<\/li>\n<p><!-- [et_pb_line_break_holder] -->            <\/p>\n<li>Ejes B\u00e1sicos del Plan de Calidad del<!\u2013- [et_pb_br_holder] -\u2013>\u00c1rea de Salud de Plasencia 2010-2015.<\/li>\n<p><!-- [et_pb_line_break_holder] -->        <\/ol>\n<p><!-- [et_pb_line_break_holder] -->        <!-- [et_pb_line_break_holder] -->    <\/div>\n<p><!-- [et_pb_line_break_holder] --><!-- [et_pb_line_break_holder] -->\t<\/p>\n<table class=\"texto\" width=\"70%\" align=\"center\"><!-- [et_pb_line_break_holder] -->    <!-- [et_pb_line_break_holder] -->\t\t<\/p>\n<tr>\n<td width=\"10%\" align=\"center\"><a href=\"http:\/\/areasaludplasencia.es\/wasp\/pdfs\/1\/164003.pdf\" class=\"aLink1\" target=\"_blank\" rel=\"noopener noreferrer\"><!-- [et_pb_line_break_holder] -->\t\t\t\t<img src=\"\/wasp\/images\/verpdf2.gif\" border=\"0\" align=\"bottom\" alt=\"Ver pdf\"\/><\/a><\/td>\n<p><!-- [et_pb_line_break_holder] -->\t\t\t<\/p>\n<td style=\"font-size:11pt\">Descarga<\/td>\n<\/tr>\n<p><!-- [et_pb_line_break_holder] -->    <!-- [et_pb_line_break_holder] -->\t<\/table>\n<p><!-- [et_pb_line_break_holder] --><!-- [et_pb_line_break_holder] -->   <!-- [et_pb_line_break_holder] --><\/p>\n<div id=\"tituloTexto\" style=\"margin-top:20px; width:100%\">CARTAS de SERVICIOS<\/div>\n<p><!\u2013- [et_pb_br_holder] -\u2013> <!-- [et_pb_line_break_holder] --><!-- [et_pb_line_break_holder] --><\/p>\n<table class=\"texto\" width=\"70%\" align=\"center\"><!-- [et_pb_line_break_holder] --><!-- [et_pb_line_break_holder] --><\/p>\n<tr>\n<td width=\"10%\" align=\"center\"><a href=\"http:\/\/areasaludplasencia.es\/wasp\/pdfs\/1\/164009.pdf\" class=\"aLink1\" target=\"_blank\" rel=\"noopener noreferrer\"><!-- [et_pb_line_break_holder] -->\t\t\t<img src=\"\/wasp\/images\/verpdf2.gif\" border=\"0\" align=\"bottom\" alt=\"Ver pdf\"\/><\/a><\/td>\n<p><!-- [et_pb_line_break_holder] -->     <\/p>\n<td style=\"font-size:11pt\">Carta de Servicios del Hospital Virgen del Puerto de Plasencia<\/td>\n<\/tr>\n<p><!-- [et_pb_line_break_holder] --><!-- [et_pb_line_break_holder] --><\/table>\n<p> <!-- [et_pb_line_break_holder] --> <!-- [et_pb_line_break_holder] --><!-- [et_pb_line_break_holder] --><\/div>\n<p><!-- #central --><!-- [et_pb_line_break_holder] -->[\/et_pb_code][\/et_pb_column][\/et_pb_row][\/et_pb_section]<\/p>\n","protected":false},"excerpt":{"rendered":"<p>[et_pb_section fb_built=&#8221;1&#8243; _builder_version=&#8221;4.0.5&#8243;][et_pb_row _builder_version=&#8221;4.0.5&#8243;][et_pb_column _builder_version=&#8221;4.0.5&#8243; type=&#8221;4_4&#8243;][et_pb_code _builder_version=&#8221;4.0.5&#8243; hover_enabled=&#8221;0&#8243;] Asesoramiento y Coordinaci&oacute;n MEMORIAS Memoria 2013 Memoria 2012 Memoria 2011 Memoria 2010 Memoria 2009 Memoria 2008 Memoria 2007 Memoria 2006 Memoria 2005 PLAN de CALIDAD (2005\/2009) Introducci\u00f3n y Alcance Planteamiento de la Metodolog\u00eda \u00c1reas de Actuaci\u00f3n. Objetivos del plan de calidad. Ejes B\u00e1sicos del Plan de Calidad &hellip; <a href=\"https:\/\/areasaludplasencia.es\/aspwp\/asesoramiento-y-coordinacion\/\" class=\"more-link\">Seguir leyendo <span class=\"screen-reader-text\">Asesoramiento y Coordinaci\u00f3n_X<\/span> <span class=\"meta-nav\">&rarr;<\/span><\/a><\/p>\n","protected":false},"author":1,"featured_media":0,"parent":0,"menu_order":0,"comment_status":"closed","ping_status":"closed","template":"page-templates\/full-width.php","meta":{"_et_pb_use_builder":"on","_et_pb_old_content":"","_et_gb_content_width":""},"_links":{"self":[{"href":"https:\/\/areasaludplasencia.es\/aspwp\/wp-json\/wp\/v2\/pages\/150"}],"collection":[{"href":"https:\/\/areasaludplasencia.es\/aspwp\/wp-json\/wp\/v2\/pages"}],"about":[{"href":"https:\/\/areasaludplasencia.es\/aspwp\/wp-json\/wp\/v2\/types\/page"}],"author":[{"embeddable":true,"href":"https:\/\/areasaludplasencia.es\/aspwp\/wp-json\/wp\/v2\/users\/1"}],"replies":[{"embeddable":true,"href":"https:\/\/areasaludplasencia.es\/aspwp\/wp-json\/wp\/v2\/comments?post=150"}],"version-history":[{"count":4,"href":"https:\/\/areasaludplasencia.es\/aspwp\/wp-json\/wp\/v2\/pages\/150\/revisions"}],"predecessor-version":[{"id":2188,"href":"https:\/\/areasaludplasencia.es\/aspwp\/wp-json\/wp\/v2\/pages\/150\/revisions\/2188"}],"wp:attachment":[{"href":"https:\/\/areasaludplasencia.es\/aspwp\/wp-json\/wp\/v2\/media?parent=150"}],"curies":[{"name":"wp","href":"https:\/\/api.w.org\/{rel}","templated":true}]}}