{"id":148,"date":"2017-03-05T09:06:19","date_gmt":"2017-03-05T09:06:19","guid":{"rendered":"http:\/\/areasaludplasencia.es\/aspwp\/?page_id=148"},"modified":"2020-03-13T10:45:45","modified_gmt":"2020-03-13T10:45:45","slug":"consentimientos-informados","status":"publish","type":"page","link":"https:\/\/areasaludplasencia.es\/aspwp\/consentimientos-informados\/","title":{"rendered":"Consentimientos informados"},"content":{"rendered":"<p>[et_pb_section fb_built=&#8221;1&#8243; admin_label=&#8221;section&#8221; _builder_version=&#8221;4.0.5&#8243; custom_margin=&#8221;0px||||false|false&#8221; custom_padding=&#8221;0px||13px||false|false&#8221;][et_pb_row _builder_version=&#8221;4.0.5&#8243; custom_margin=&#8221;0px||||false|false&#8221; custom_padding=&#8221;||||false|false&#8221;][et_pb_column type=&#8221;4_4&#8243; _builder_version=&#8221;4.0.5&#8243;][et_pb_text _builder_version=&#8221;4.0.5&#8243; text_font=&#8221;||||||||&#8221; text_text_color=&#8221;#2b5183&#8243; text_font_size=&#8221;26px&#8221; custom_margin=&#8221;||0px||false|false&#8221; border_color_all=&#8221;#588cd0&#8243; border_width_bottom=&#8221;4px&#8221; border_color_bottom=&#8221;#5992c1&#8243; border_style_bottom=&#8221;solid&#8221;]<\/p>\n<p>Consentimientos Informados<\/p>\n<p>[\/et_pb_text][\/et_pb_column][\/et_pb_row][\/et_pb_section][et_pb_section fb_built=&#8221;1&#8243; _builder_version=&#8221;4.0.5&#8243; custom_padding=&#8221;32px|||||&#8221;][et_pb_row column_structure=&#8221;2_3,1_3&#8243; _builder_version=&#8221;4.0.5&#8243;][et_pb_column type=&#8221;2_3&#8243; _builder_version=&#8221;4.0.5&#8243;][et_pb_code _builder_version=&#8221;4.0.5&#8243;]<\/p>\n<div id=\"central\"  class=\"contenidoCentral\"><!-- [et_pb_line_break_holder] --><!-- [et_pb_line_break_holder] --><\/p>\n<div>REGISTRO DE CONSENTIMIENTOS INFORMADOS<\/div>\n<p><!\u2013- [et_pb_br_holder] -\u2013><!-- [et_pb_line_break_holder] -->    <!-- [et_pb_line_break_holder] -->    <\/p>\n<table class=\"texto\" width=\"100%\"><!-- [et_pb_line_break_holder] -->    <\/p>\n<tr>\n<td>Numeraci\u00f3n Registro<\/td>\n<p><!-- [et_pb_line_break_holder] -->    \t<\/p>\n<td width=\"20%\" align=\"right\"><a href=\"http:\/\/areasaludplasencia.es\/wasp\/pdfs\/1\/163001.pdf\" class=\"aLink1\" target=\"_blank\" rel=\"noopener noreferrer\"><!-- [et_pb_line_break_holder] -->\t\t\t\tDescarga <img src=\"\/wasp\/images\/verpdf.gif\" border=\"0\" align=\"bottom\" alt=\"Ver pdf\"\/><\/a><!-- [et_pb_line_break_holder] -->    \t<\/td>\n<p><!-- [et_pb_line_break_holder] -->    <\/tr>\n<p><!-- [et_pb_line_break_holder] -->    <\/p>\n<tr>\n<td>Registro General Especialidades<\/td>\n<p><!-- [et_pb_line_break_holder] -->    \t<\/p>\n<td width=\"20%\" align=\"right\"><a href=\"http:\/\/areasaludplasencia.es\/wasp\/pdfs\/1\/163002.pdf\" class=\"aLink1\" target=\"_blank\" rel=\"noopener noreferrer\"><!-- [et_pb_line_break_holder] -->\t\t\t\tDescarga <img src=\"\/wasp\/images\/verpdf.gif\" border=\"0\" align=\"bottom\" alt=\"Ver pdf\"\/><\/a><!-- [et_pb_line_break_holder] -->    \t<\/td>\n<p><!-- [et_pb_line_break_holder] -->    <\/tr>\n<p><!-- [et_pb_line_break_holder] -->    <\/p>\n<tr>\n<td>Autorizaci\u00f3n serolog\u00eda VIH<\/td>\n<p><!-- [et_pb_line_break_holder] -->    \t<\/p>\n<td width=\"20%\" align=\"right\"><a href=\"http:\/\/areasaludplasencia.es\/wasp\/pdfs\/1\/163020.pdf\" class=\"aLink1\" target=\"_blank\" rel=\"noopener noreferrer\"><!-- [et_pb_line_break_holder] -->\t\t\t\tDescarga <img src=\"\/wasp\/images\/verpdf.gif\" border=\"0\" align=\"bottom\" alt=\"Ver pdf\"\/><\/a><!-- [et_pb_line_break_holder] -->    \t<\/td>\n<p><!-- [et_pb_line_break_holder] -->    <\/tr>\n<p><!-- [et_pb_line_break_holder] -->    <\/table>\n<p><!-- [et_pb_line_break_holder] -->    <!-- [et_pb_line_break_holder] --><!-- xxxxxxxxxxxxxxxxxxxxxxxxxxxxxxxxxxxxxxxxxxxxxxxxxxxxxxxxxxxxxxxxxxxxxxxxxxxxxxx -->    <!-- [et_pb_line_break_holder] --><!-- [et_pb_line_break_holder] -->    <a name=\"alergia\"><\/a><!\u2013- [et_pb_br_holder] -\u2013><!\u2013- [et_pb_br_holder] -\u2013><!-- [et_pb_line_break_holder] -->\t<\/p>\n<div id=\"tituloTexto\" style=\"margin-top:20px; width:100%\">C.I. REVISADO ALERGIA<\/div>\n<p><!\u2013- [et_pb_br_holder] -\u2013><!-- [et_pb_line_break_holder] -->    <!-- [et_pb_line_break_holder] -->    <\/p>\n<table class=\"texto\" width=\"100%\"><!-- [et_pb_line_break_holder] -->    <\/p>\n<tr>\n<td>Estudio de Alergia a Alimentos<\/td>\n<p><!-- [et_pb_line_break_holder] -->    \t<\/p>\n<td width=\"20%\" align=\"right\"><a href=\"http:\/\/areasaludplasencia.es\/wasp\/pdfs\/1\/163003.pdf\" class=\"aLink1\" target=\"_blank\" rel=\"noopener noreferrer\"><!-- [et_pb_line_break_holder] -->\t\t\t\tDescarga <img src=\"\/wasp\/images\/verpdf.gif\" border=\"0\" align=\"bottom\" alt=\"Ver pdf\"\/><\/a><!-- [et_pb_line_break_holder] -->    \t<\/td>\n<p><!-- [et_pb_line_break_holder] -->    <\/tr>\n<p><!-- [et_pb_line_break_holder] -->    <\/p>\n<tr>\n<td>Test de provocaci\u00f3n Inhalatoria Inespec\u00edfica con Metacolina<\/td>\n<p><!-- [et_pb_line_break_holder] -->    \t<\/p>\n<td width=\"20%\" align=\"right\"><a href=\"http:\/\/areasaludplasencia.es\/wasp\/pdfs\/1\/163004.pdf\" class=\"aLink1\" target=\"_blank\" rel=\"noopener noreferrer\"><!-- [et_pb_line_break_holder] -->\t\t\t\tDescarga <img src=\"\/wasp\/images\/verpdf.gif\" border=\"0\" align=\"bottom\" alt=\"Ver pdf\"\/><\/a><!-- [et_pb_line_break_holder] -->    \t<\/td>\n<p><!-- [et_pb_line_break_holder] -->    <\/tr>\n<p><!-- [et_pb_line_break_holder] -->    <\/p>\n<tr>\n<td>Test de provocaci\u00f3n nasal espec\u00edfica<\/td>\n<p><!-- [et_pb_line_break_holder] -->    \t<\/p>\n<td width=\"20%\" align=\"right\"><a href=\"http:\/\/areasaludplasencia.es\/wasp\/pdfs\/1\/163005.pdf\" class=\"aLink1\" target=\"_blank\" rel=\"noopener noreferrer\"><!-- [et_pb_line_break_holder] -->\t\t\t\tDescarga <img src=\"\/wasp\/images\/verpdf.gif\" border=\"0\" align=\"bottom\" alt=\"Ver pdf\"\/><\/a><!-- [et_pb_line_break_holder] -->    \t<\/td>\n<p><!-- [et_pb_line_break_holder] -->    <\/tr>\n<p><!-- [et_pb_line_break_holder] -->    <\/p>\n<tr>\n<td>Test de provocaci\u00f3n conjuntival espec\u00edfica<\/td>\n<p><!-- [et_pb_line_break_holder] -->    \t<\/p>\n<td width=\"20%\" align=\"right\"><a href=\"http:\/\/areasaludplasencia.es\/wasp\/pdfs\/1\/163006.pdf\" class=\"aLink1\" target=\"_blank\" rel=\"noopener noreferrer\"><!-- [et_pb_line_break_holder] -->\t\t\t\tDescarga <img src=\"\/wasp\/images\/verpdf.gif\" border=\"0\" align=\"bottom\" alt=\"Ver pdf\"\/><\/a><!-- [et_pb_line_break_holder] -->    \t<\/td>\n<p><!-- [et_pb_line_break_holder] -->    <\/tr>\n<p><!-- [et_pb_line_break_holder] -->    <\/p>\n<tr>\n<td>Test de provocaci\u00f3n inhalatoria espec\u00edfica<\/td>\n<p><!-- [et_pb_line_break_holder] -->    \t<\/p>\n<td width=\"20%\" align=\"right\"><a href=\"http:\/\/areasaludplasencia.es\/wasp\/pdfs\/1\/163007.pdf\" class=\"aLink1\" target=\"_blank\" rel=\"noopener noreferrer\"><!-- [et_pb_line_break_holder] -->\t\t\t\tDescarga <img src=\"\/wasp\/images\/verpdf.gif\" border=\"0\" align=\"bottom\" alt=\"Ver pdf\"\/><\/a><!-- [et_pb_line_break_holder] -->    \t<\/td>\n<p><!-- [et_pb_line_break_holder] -->    <\/tr>\n<p><!-- [et_pb_line_break_holder] -->    <\/p>\n<tr>\n<td>Tratamiento con inmunoterapia en los pacientes con Alergia a<!\u2013- [et_pb_br_holder] -\u2013>Veneno de Himen\u00f3pteros<\/td>\n<p><!-- [et_pb_line_break_holder] -->    \t<\/p>\n<td width=\"20%\" align=\"right\"><a href=\"http:\/\/areasaludplasencia.es\/wasp\/pdfs\/1\/163008.pdf\" class=\"aLink1\" target=\"_blank\" rel=\"noopener noreferrer\"><!-- [et_pb_line_break_holder] -->\t\t\t\tDescarga <img src=\"\/wasp\/images\/verpdf.gif\" border=\"0\" align=\"bottom\" alt=\"Ver pdf\"\/><\/a><!-- [et_pb_line_break_holder] -->    \t<\/td>\n<p><!-- [et_pb_line_break_holder] -->    <\/tr>\n<p><!-- [et_pb_line_break_holder] -->    <\/table>\n<p>    <!-- [et_pb_line_break_holder] --><!-- [et_pb_line_break_holder] --><!-- xxxxxxxxxxxxxxxxxxxxxxxxxxxxxxxxxxxxxxxxxxxxxxxxxxxxxxxxxxxxxxxxxxxxxxxxxxxxxxx -->    <!-- [et_pb_line_break_holder] --><!-- [et_pb_line_break_holder] -->    <a name=\"derma\"><\/a><!\u2013- [et_pb_br_holder] -\u2013><!\u2013- [et_pb_br_holder] -\u2013><!-- [et_pb_line_break_holder] -->\t<\/p>\n<div id=\"tituloTexto\" style=\"margin-top:20px; width:100%\">C.I. REVISADO DERMATOLOG\u00cdA<\/div>\n<p><!\u2013- [et_pb_br_holder] -\u2013><!-- [et_pb_line_break_holder] --><!-- [et_pb_line_break_holder] -->    <\/p>\n<table class=\"texto\" width=\"100%\"><!-- [et_pb_line_break_holder] -->    <\/p>\n<tr>\n<td>Cirug\u00eda dermatol\u00f3gica con anestesia local<\/td>\n<p><!-- [et_pb_line_break_holder] -->    \t<\/p>\n<td width=\"20%\" align=\"right\"><a href=\"http:\/\/areasaludplasencia.es\/wasp\/pdfs\/1\/163009.pdf\" class=\"aLink1\" target=\"_blank\" rel=\"noopener noreferrer\"><!-- [et_pb_line_break_holder] -->\t\t\t\tDescarga <img src=\"\/wasp\/images\/verpdf.gif\" border=\"0\" align=\"bottom\" alt=\"Ver pdf\"\/><\/a><!-- [et_pb_line_break_holder] -->    \t<\/td>\n<p><!-- [et_pb_line_break_holder] -->    <\/tr>\n<p><!-- [et_pb_line_break_holder] -->\t<\/table>\n<p>    <!-- [et_pb_line_break_holder] --><!-- [et_pb_line_break_holder] --><!-- xxxxxxxxxxxxxxxxxxxxxxxxxxxxxxxxxxxxxxxxxxxxxxxxxxxxxxxxxxxxxxxxxxxxxxxxxxxxxxx -->    <!-- [et_pb_line_break_holder] --><!-- [et_pb_line_break_holder] -->    <a name=\"digestivo\"><\/a><!\u2013- [et_pb_br_holder] -\u2013><!\u2013- [et_pb_br_holder] -\u2013><!-- [et_pb_line_break_holder] -->\t<\/p>\n<div id=\"tituloTexto\" style=\"margin-top:20px; width:100%\">C.I. REVISADO DIGESTIVO<\/div>\n<p><!\u2013- [et_pb_br_holder] -\u2013><!-- [et_pb_line_break_holder] --><!-- [et_pb_line_break_holder] -->    <\/p>\n<table class=\"texto\" width=\"100%\"><!-- [et_pb_line_break_holder] --><!-- [et_pb_line_break_holder] --><\/p>\n<tr>\n<td width=\"5%\">\u00a0<\/td>\n<p><!-- [et_pb_line_break_holder] -->     <\/p>\n<td width=\"5%\" align=\"center\"><a href=\"http:\/\/www.areasaludplasencia.es\/wasp\/pdfs\/1\/16319041201.pdf\" class=\"aLink1\" target=\"_blank\" rel=\"noopener noreferrer\"><!-- [et_pb_line_break_holder] -->\t\t\t<img src=\"\/wasp\/images\/verpdf2.gif\" border=\"0\" align=\"bottom\" alt=\"Ver pdf\"\/><\/a><\/td>\n<p><!-- [et_pb_line_break_holder] -->     <\/p>\n<td>Colonoscopia diagn\u00f3stica y Terap\u00e9utica<\/td>\n<p><!-- [et_pb_line_break_holder] --><\/tr>\n<p><!-- [et_pb_line_break_holder] --><\/p>\n<tr>\n<td width=\"5%\">\u00a0<\/td>\n<p><!-- [et_pb_line_break_holder] -->    <\/p>\n<td width=\"5%\" align=\"center\"><a href=\"http:\/\/www.areasaludplasencia.es\/wasp\/pdfs\/1\/16319041202.pdf\" class=\"aLink1\" target=\"_blank\" rel=\"noopener noreferrer\"><!-- [et_pb_line_break_holder] -->\t\t\t<img src=\"\/wasp\/images\/verpdf2.gif\" border=\"0\" align=\"bottom\" alt=\"Ver pdf\"\/><\/a><\/td>\n<p><!-- [et_pb_line_break_holder] -->     <\/p>\n<td>Endoscopia digestiva alta diagn\u00f3stica y terap\u00e9utica<\/td>\n<p><!-- [et_pb_line_break_holder] --><\/tr>\n<p><!-- [et_pb_line_break_holder] -->   <!-- [et_pb_line_break_holder] -->\t<\/table>\n<p>    <!-- [et_pb_line_break_holder] --><!-- [et_pb_line_break_holder] --><!-- xxxxxxxxxxxxxxxxxxxxxxxxxxxxxxxxxxxxxxxxxxxxxxxxxxxxxxxxxxxxxxxxxxxxxxxxxxxxxxx -->    <!-- [et_pb_line_break_holder] --><!-- [et_pb_line_break_holder] -->    <a name=\"radio\"><\/a><!\u2013- [et_pb_br_holder] -\u2013><!\u2013- [et_pb_br_holder] -\u2013><!-- [et_pb_line_break_holder] -->\t<\/p>\n<div id=\"tituloTexto\" style=\"margin-top:20px; width:100%\">C.I. REVISADO RADIOTERAPIA<\/div>\n<p><!\u2013- [et_pb_br_holder] -\u2013><!-- [et_pb_line_break_holder] --><!-- [et_pb_line_break_holder] -->    <\/p>\n<table class=\"texto\" width=\"100%\"><!-- [et_pb_line_break_holder] -->    <\/p>\n<tr>\n<td>Radioterapia para abdomen superior<\/td>\n<p><!-- [et_pb_line_break_holder] -->    \t<\/p>\n<td width=\"20%\" align=\"right\"><a href=\"http:\/\/areasaludplasencia.es\/wasp\/pdfs\/1\/163012.pdf\" class=\"aLink1\" target=\"_blank\" rel=\"noopener noreferrer\"><!-- [et_pb_line_break_holder] -->\t\t\t\tDescarga <img src=\"\/wasp\/images\/verpdf.gif\" border=\"0\" align=\"bottom\" alt=\"Ver pdf\"\/><\/a><!-- [et_pb_line_break_holder] -->    \t<\/td>\n<p><!-- [et_pb_line_break_holder] -->    <\/tr>\n<p><!-- [et_pb_line_break_holder] -->    <\/p>\n<tr>\n<td>Radioterapia para \u00e1rea tor\u00e1cica<\/td>\n<p><!-- [et_pb_line_break_holder] -->    \t<\/p>\n<td width=\"20%\" align=\"right\"><a href=\"http:\/\/areasaludplasencia.es\/wasp\/pdfs\/1\/163013.pdf\" class=\"aLink1\" target=\"_blank\" rel=\"noopener noreferrer\"><!-- [et_pb_line_break_holder] -->\t\t\t\tDescarga <img src=\"\/wasp\/images\/verpdf.gif\" border=\"0\" align=\"bottom\" alt=\"Ver pdf\"\/><\/a><!-- [et_pb_line_break_holder] -->    \t<\/td>\n<p><!-- [et_pb_line_break_holder] -->    <\/tr>\n<p><!-- [et_pb_line_break_holder] -->    <\/p>\n<tr>\n<td>Radioterapia para cabeza y cuello<\/td>\n<p><!-- [et_pb_line_break_holder] -->    \t<\/p>\n<td width=\"20%\" align=\"right\"><a href=\"http:\/\/areasaludplasencia.es\/wasp\/pdfs\/1\/163014.pdf\" class=\"aLink1\" target=\"_blank\" rel=\"noopener noreferrer\"><!-- [et_pb_line_break_holder] -->\t\t\t\tDescarga <img src=\"\/wasp\/images\/verpdf.gif\" border=\"0\" align=\"bottom\" alt=\"Ver pdf\"\/><\/a><!-- [et_pb_line_break_holder] -->    \t<\/td>\n<p><!-- [et_pb_line_break_holder] -->    <\/tr>\n<p><!-- [et_pb_line_break_holder] -->    <\/p>\n<tr>\n<td>Radioterapia para extremidades<\/td>\n<p><!-- [et_pb_line_break_holder] -->    \t<\/p>\n<td width=\"20%\" align=\"right\"><a href=\"http:\/\/areasaludplasencia.es\/wasp\/pdfs\/1\/163015.pdf\" class=\"aLink1\" target=\"_blank\" rel=\"noopener noreferrer\"><!-- [et_pb_line_break_holder] -->\t\t\t\tDescarga <img src=\"\/wasp\/images\/verpdf.gif\" border=\"0\" align=\"bottom\" alt=\"Ver pdf\"\/><\/a><!-- [et_pb_line_break_holder] -->    \t<\/td>\n<p><!-- [et_pb_line_break_holder] -->    <\/tr>\n<p><!-- [et_pb_line_break_holder] -->    <\/p>\n<tr>\n<td>Radioterapia para mama<\/td>\n<p><!-- [et_pb_line_break_holder] -->    \t<\/p>\n<td width=\"20%\" align=\"right\"><a href=\"http:\/\/areasaludplasencia.es\/wasp\/pdfs\/1\/163016.pdf\" class=\"aLink1\" target=\"_blank\" rel=\"noopener noreferrer\"><!-- [et_pb_line_break_holder] -->\t\t\t\tDescarga <img src=\"\/wasp\/images\/verpdf.gif\" border=\"0\" align=\"bottom\" alt=\"Ver pdf\"\/><\/a><!-- [et_pb_line_break_holder] -->    \t<\/td>\n<p><!-- [et_pb_line_break_holder] -->    <\/tr>\n<p><!-- [et_pb_line_break_holder] -->    <\/p>\n<tr>\n<td>Radioterapia para ojo<\/td>\n<p><!-- [et_pb_line_break_holder] -->    \t<\/p>\n<td width=\"20%\" align=\"right\"><a href=\"http:\/\/areasaludplasencia.es\/wasp\/pdfs\/1\/163017.pdf\" class=\"aLink1\" target=\"_blank\" rel=\"noopener noreferrer\"><!-- [et_pb_line_break_holder] -->\t\t\t\tDescarga <img src=\"\/wasp\/images\/verpdf.gif\" border=\"0\" align=\"bottom\" alt=\"Ver pdf\"\/><\/a><!-- [et_pb_line_break_holder] -->    \t<\/td>\n<p><!-- [et_pb_line_break_holder] -->    <\/tr>\n<p><!-- [et_pb_line_break_holder] -->    <\/p>\n<tr>\n<td>Radioterapia para sistema nervioso central<\/td>\n<p><!-- [et_pb_line_break_holder] -->    \t<\/p>\n<td width=\"20%\" align=\"right\"><a href=\"http:\/\/areasaludplasencia.es\/wasp\/pdfs\/1\/163018.pdf\" class=\"aLink1\" target=\"_blank\" rel=\"noopener noreferrer\"><!-- [et_pb_line_break_holder] -->\t\t\t\tDescarga <img src=\"\/wasp\/images\/verpdf.gif\" border=\"0\" align=\"bottom\" alt=\"Ver pdf\"\/><\/a><!-- [et_pb_line_break_holder] -->    \t<\/td>\n<p><!-- [et_pb_line_break_holder] -->    <\/tr>\n<p><!-- [et_pb_line_break_holder] -->    <\/p>\n<tr>\n<td>Radioterapia sobre \u00e1rea pelvica<\/td>\n<p><!-- [et_pb_line_break_holder] -->    \t<\/p>\n<td width=\"20%\" align=\"right\"><a href=\"http:\/\/areasaludplasencia.es\/wasp\/pdfs\/1\/163019.pdf\" class=\"aLink1\" target=\"_blank\" rel=\"noopener noreferrer\"><!-- [et_pb_line_break_holder] -->\t\t\t\tDescarga <img src=\"\/wasp\/images\/verpdf.gif\" border=\"0\" align=\"bottom\" alt=\"Ver pdf\"\/><\/a><!-- [et_pb_line_break_holder] -->    \t<\/td>\n<p><!-- [et_pb_line_break_holder] -->    <\/tr>\n<p><!-- [et_pb_line_break_holder] -->  <!-- [et_pb_line_break_holder] -->\t<\/table>\n<p>    <!-- [et_pb_line_break_holder] --><!-- [et_pb_line_break_holder] --><\/div>\n<p><!-- #central --><!-- [et_pb_line_break_holder] -->[\/et_pb_code][\/et_pb_column][et_pb_column type=&#8221;1_3&#8243; _builder_version=&#8221;4.0.5&#8243;][\/et_pb_column][\/et_pb_row][\/et_pb_section]<\/p>\n","protected":false},"excerpt":{"rendered":"<p>[et_pb_section fb_built=&#8221;1&#8243; admin_label=&#8221;section&#8221; _builder_version=&#8221;4.0.5&#8243; custom_margin=&#8221;0px||||false|false&#8221; custom_padding=&#8221;0px||13px||false|false&#8221;][et_pb_row _builder_version=&#8221;4.0.5&#8243; custom_margin=&#8221;0px||||false|false&#8221; custom_padding=&#8221;||||false|false&#8221;][et_pb_column type=&#8221;4_4&#8243; _builder_version=&#8221;4.0.5&#8243;][et_pb_text _builder_version=&#8221;4.0.5&#8243; text_font=&#8221;||||||||&#8221; text_text_color=&#8221;#2b5183&#8243; text_font_size=&#8221;26px&#8221; custom_margin=&#8221;||0px||false|false&#8221; border_color_all=&#8221;#588cd0&#8243; border_width_bottom=&#8221;4px&#8221; border_color_bottom=&#8221;#5992c1&#8243; border_style_bottom=&#8221;solid&#8221;] Consentimientos Informados [\/et_pb_text][\/et_pb_column][\/et_pb_row][\/et_pb_section][et_pb_section fb_built=&#8221;1&#8243; _builder_version=&#8221;4.0.5&#8243; custom_padding=&#8221;32px|||||&#8221;][et_pb_row column_structure=&#8221;2_3,1_3&#8243; _builder_version=&#8221;4.0.5&#8243;][et_pb_column type=&#8221;2_3&#8243; _builder_version=&#8221;4.0.5&#8243;][et_pb_code _builder_version=&#8221;4.0.5&#8243;] REGISTRO DE CONSENTIMIENTOS INFORMADOS Numeraci\u00f3n Registro Descarga Registro General Especialidades Descarga Autorizaci\u00f3n serolog\u00eda VIH Descarga C.I. REVISADO ALERGIA Estudio de Alergia a Alimentos Descarga &hellip; <a href=\"https:\/\/areasaludplasencia.es\/aspwp\/consentimientos-informados\/\" class=\"more-link\">Seguir leyendo <span class=\"screen-reader-text\">Consentimientos informados<\/span> <span class=\"meta-nav\">&rarr;<\/span><\/a><\/p>\n","protected":false},"author":1,"featured_media":0,"parent":0,"menu_order":0,"comment_status":"closed","ping_status":"closed","template":"page-templates\/full-width.php","meta":{"_et_pb_use_builder":"on","_et_pb_old_content":"","_et_gb_content_width":""},"_links":{"self":[{"href":"https:\/\/areasaludplasencia.es\/aspwp\/wp-json\/wp\/v2\/pages\/148"}],"collection":[{"href":"https:\/\/areasaludplasencia.es\/aspwp\/wp-json\/wp\/v2\/pages"}],"about":[{"href":"https:\/\/areasaludplasencia.es\/aspwp\/wp-json\/wp\/v2\/types\/page"}],"author":[{"embeddable":true,"href":"https:\/\/areasaludplasencia.es\/aspwp\/wp-json\/wp\/v2\/users\/1"}],"replies":[{"embeddable":true,"href":"https:\/\/areasaludplasencia.es\/aspwp\/wp-json\/wp\/v2\/comments?post=148"}],"version-history":[{"count":9,"href":"https:\/\/areasaludplasencia.es\/aspwp\/wp-json\/wp\/v2\/pages\/148\/revisions"}],"predecessor-version":[{"id":3217,"href":"https:\/\/areasaludplasencia.es\/aspwp\/wp-json\/wp\/v2\/pages\/148\/revisions\/3217"}],"wp:attachment":[{"href":"https:\/\/areasaludplasencia.es\/aspwp\/wp-json\/wp\/v2\/media?parent=148"}],"curies":[{"name":"wp","href":"https:\/\/api.w.org\/{rel}","templated":true}]}}