{"id":146,"date":"2017-03-05T09:05:55","date_gmt":"2017-03-05T09:05:55","guid":{"rendered":"http:\/\/areasaludplasencia.es\/aspwp\/?page_id=146"},"modified":"2019-11-17T18:35:45","modified_gmt":"2019-11-17T18:35:45","slug":"objetivos-institucionales","status":"publish","type":"page","link":"https:\/\/areasaludplasencia.es\/aspwp\/objetivos-institucionales\/","title":{"rendered":"Objetivos Institucionales_X"},"content":{"rendered":"<p>[et_pb_section fb_built=&#8221;1&#8243; _builder_version=&#8221;4.0.5&#8243;][et_pb_row column_structure=&#8221;2_3,1_3&#8243; _builder_version=&#8221;4.0.5&#8243;][et_pb_column type=&#8221;2_3&#8243; _builder_version=&#8221;4.0.5&#8243;][et_pb_code _builder_version=&#8221;4.0.5&#8243; hover_enabled=&#8221;0&#8243;]<\/p>\n<div id=\"central\" class=\"contenidoCentral\"><!-- [et_pb_line_break_holder] --><!-- [et_pb_line_break_holder] -->\t<\/p>\n<div id=\"tituloPpal\">Objetivos Institucionales<\/div>\n<p><!\u2013- [et_pb_br_holder] -\u2013><!\u2013- [et_pb_br_holder] -\u2013><!\u2013- [et_pb_br_holder] -\u2013><!-- [et_pb_line_break_holder] --><!-- [et_pb_line_break_holder] -->\t<\/p>\n<div id=\"tituloTexto\" style=\"margin-top:20px; width:100%\">METODOLOG\u00cdA de EVALUACI\u00d3N<\/div>\n<p><!-- [et_pb_line_break_holder] -->    <!-- [et_pb_line_break_holder] -->    <\/p>\n<div class=\"texto\" style=\"padding:20px\">Objetivos de Calidad del Contrato de Gesti\u00f3n de 2007<!-- [et_pb_line_break_holder] -->    <!-- [et_pb_line_break_holder] -->    \t<\/p>\n<ol type=\"A\"><!-- [et_pb_line_break_holder] -->        \t<\/p>\n<li>Objetivos de Calidad percibida y derechos de los usuarios.<\/li>\n<p><!-- [et_pb_line_break_holder] -->            <\/p>\n<li>Objetivos de Calidad Cient\u00edfico-T\u00e9cnica.<\/li>\n<p><!-- [et_pb_line_break_holder] -->            <\/p>\n<li>Objetivos de Calidad en Gesti\u00f3n de Riesgos sanitarios.<\/li>\n<p><!-- [et_pb_line_break_holder] -->            <\/p>\n<li>Objetivos de Calidad en relaci\u00f3n con la cumplimentaci\u00f3n y explotaci\u00f3n del CMBD.<\/li>\n<p><!-- [et_pb_line_break_holder] -->        <\/ol>\n<p><!-- [et_pb_line_break_holder] -->        <!-- [et_pb_line_break_holder] -->\t\t<a href=\"http:\/\/areasaludplasencia.es\/wasp\/pdfs\/1\/162001.pdf\" class=\"aLink1\" target=\"_blank\" rel=\"noopener noreferrer\">Descarga<!-- [et_pb_line_break_holder] -->                                       <img src=\"\/wasp\/images\/verpdf.gif\" border=\"0\" align=\"bottom\" alt=\"Ver pdf\"\/><\/a><!-- [et_pb_line_break_holder] -->\t<\/div>\n<p><!-- [et_pb_line_break_holder] --><!-- [et_pb_line_break_holder] -->\t<\/p>\n<div id=\"tituloTexto\" style=\"margin-top:20px; width:100%\">CONGRESOS<\/div>\n<p><!-- [et_pb_line_break_holder] -->    <!-- [et_pb_line_break_holder] -->    <\/p>\n<div class=\"texto\" style=\"padding:20px\"><!-- [et_pb_line_break_holder] -->    <!-- [et_pb_line_break_holder] -->    \tAn\u00e1lisis de priorizaci\u00f3n y excelencia a partir de los resultados de una encuesta de satisfacci\u00f3n de usuarios<!\u2013- [et_pb_br_holder] -\u2013><!-- [et_pb_line_break_holder] -->        \t<a href=\"http:\/\/areasaludplasencia.es\/wasp\/pdfs\/1\/162002.pdf\" class=\"aLink1\" target=\"_blank\" rel=\"noopener noreferrer\">Descarga<!-- [et_pb_line_break_holder] -->\t\t\t\t<img src=\"\/wasp\/images\/verpdf.gif\" border=\"0\" align=\"bottom\" alt=\"Ver pdf\"\/><\/a><!-- [et_pb_line_break_holder] -->                <!-- [et_pb_line_break_holder] -->        <pee>Desarrollo de un plan de calidad cuatrienal en una \u00e1rea de salud tipo<!\u2013- [et_pb_br_holder] -\u2013><!-- [et_pb_line_break_holder] -->        \t<a href=\"http:\/\/areasaludplasencia.es\/wasp\/pdfs\/1\/162003.pdf\" class=\"aLink1\" target=\"_blank\" rel=\"noopener noreferrer\">Descarga<!-- [et_pb_line_break_holder] -->\t\t\t\t<img src=\"\/wasp\/images\/verpdf.gif\" border=\"0\" align=\"bottom\" alt=\"Ver pdf\"\/><\/a><\/pee>                <!-- [et_pb_line_break_holder] --><!-- [et_pb_line_break_holder] -->        <pee>Dise\u00f1o de procesos en el \u00e1mbito de la gesti\u00f3n por procesos<!\u2013- [et_pb_br_holder] -\u2013><!-- [et_pb_line_break_holder] -->        \t<a href=\"http:\/\/areasaludplasencia.es\/wasp\/pdfs\/1\/162004.pdf\" class=\"aLink1\" target=\"_blank\" rel=\"noopener noreferrer\">Descarga<!-- [et_pb_line_break_holder] -->\t\t\t\t<img src=\"\/wasp\/images\/verpdf.gif\" border=\"0\" align=\"bottom\" alt=\"Ver pdf\"\/><\/a><\/pee>                <!-- [et_pb_line_break_holder] --><!-- [et_pb_line_break_holder] -->        <pee>Escenario conceptual de protocolos, gu\u00edas, v\u00edas y procesos<!\u2013- [et_pb_br_holder] -\u2013><!-- [et_pb_line_break_holder] -->        \t<a href=\"http:\/\/areasaludplasencia.es\/wasp\/pdfs\/1\/162005.pdf\" class=\"aLink1\" target=\"_blank\" rel=\"noopener noreferrer\">Descarga<!-- [et_pb_line_break_holder] -->\t\t\t\t<img src=\"\/wasp\/images\/verpdf.gif\" border=\"0\" align=\"bottom\" alt=\"Ver pdf\"\/><\/a><\/pee>                <!-- [et_pb_line_break_holder] --><!-- [et_pb_line_break_holder] -->        <pee>Implantaci\u00f3n del protocolo de segunda opini\u00f3n m\u00e9dica en un hospital de \u00e1rea del sistema sanitario p\u00fablico extreme\u00f1o<!\u2013- [et_pb_br_holder] -\u2013><!-- [et_pb_line_break_holder] -->        \t<a href=\"http:\/\/areasaludplasencia.es\/wasp\/pdfs\/1\/162006.pdf\" class=\"aLink1\" target=\"_blank\" rel=\"noopener noreferrer\">Descarga<!-- [et_pb_line_break_holder] -->\t\t\t\t<img src=\"\/wasp\/images\/verpdf.gif\" border=\"0\" align=\"bottom\" alt=\"Ver pdf\"\/><\/a><\/pee>                <!-- [et_pb_line_break_holder] --><!-- [et_pb_line_break_holder] -->        <pee>Metodolog\u00eda para la implantaci\u00f3n de la carta de servicios en el medio hospitalario<!\u2013- [et_pb_br_holder] -\u2013><!-- [et_pb_line_break_holder] -->        \t<a href=\"http:\/\/areasaludplasencia.es\/wasp\/pdfs\/1\/162007.pdf\" class=\"aLink1\" target=\"_blank\" rel=\"noopener noreferrer\">Descarga<!-- [et_pb_line_break_holder] -->\t\t\t\t<img src=\"\/wasp\/images\/verpdf.gif\" border=\"0\" align=\"bottom\" alt=\"Ver pdf\"\/><\/a><\/pee>                <!-- [et_pb_line_break_holder] --><!-- [et_pb_line_break_holder] -->        <pee>Pilotaje del modelo de calidad extreme\u00f1o en un hospital comarcal<!\u2013- [et_pb_br_holder] -\u2013><!-- [et_pb_line_break_holder] -->        \t<a href=\"http:\/\/areasaludplasencia.es\/wasp\/pdfs\/1\/162008.pdf\" class=\"aLink1\" target=\"_blank\" rel=\"noopener noreferrer\">Descarga<!-- [et_pb_line_break_holder] -->\t\t\t\t<img src=\"\/wasp\/images\/verpdf.gif\" border=\"0\" align=\"bottom\" alt=\"Ver pdf\"\/><\/a><\/pee>                <!-- [et_pb_line_break_holder] --><!-- [et_pb_line_break_holder] -->        <pee>Programa de ahorro y reciclaje de contaminantes energ\u00e9ticos y medioambientales (PARCEM)<!\u2013- [et_pb_br_holder] -\u2013><!-- [et_pb_line_break_holder] -->        \t<a href=\"http:\/\/areasaludplasencia.es\/wasp\/pdfs\/1\/162009.pdf\" class=\"aLink1\" target=\"_blank\" rel=\"noopener noreferrer\">Descarga<!-- [et_pb_line_break_holder] -->\t\t\t\t<img src=\"\/wasp\/images\/verpdf.gif\" border=\"0\" align=\"bottom\" alt=\"Ver pdf\"\/><\/a><\/pee>                <!-- [et_pb_line_break_holder] -->    <\/div>\n<p><!-- [et_pb_line_break_holder] --><!-- [et_pb_line_break_holder] --><\/div>\n<p><!-- #central -->[\/et_pb_code][\/et_pb_column][et_pb_column type=&#8221;1_3&#8243; _builder_version=&#8221;4.0.5&#8243;][\/et_pb_column][\/et_pb_row][\/et_pb_section]<\/p>\n","protected":false},"excerpt":{"rendered":"<p>[et_pb_section fb_built=&#8221;1&#8243; _builder_version=&#8221;4.0.5&#8243;][et_pb_row column_structure=&#8221;2_3,1_3&#8243; _builder_version=&#8221;4.0.5&#8243;][et_pb_column type=&#8221;2_3&#8243; _builder_version=&#8221;4.0.5&#8243;][et_pb_code _builder_version=&#8221;4.0.5&#8243; hover_enabled=&#8221;0&#8243;] Objetivos Institucionales METODOLOG\u00cdA de EVALUACI\u00d3N Objetivos de Calidad del Contrato de Gesti\u00f3n de 2007 Objetivos de Calidad percibida y derechos de los usuarios. Objetivos de Calidad Cient\u00edfico-T\u00e9cnica. Objetivos de Calidad en Gesti\u00f3n de Riesgos sanitarios. Objetivos de Calidad en relaci\u00f3n con la cumplimentaci\u00f3n y explotaci\u00f3n del &hellip; <a href=\"https:\/\/areasaludplasencia.es\/aspwp\/objetivos-institucionales\/\" class=\"more-link\">Seguir leyendo <span class=\"screen-reader-text\">Objetivos Institucionales_X<\/span> <span class=\"meta-nav\">&rarr;<\/span><\/a><\/p>\n","protected":false},"author":1,"featured_media":0,"parent":0,"menu_order":0,"comment_status":"closed","ping_status":"closed","template":"page-templates\/full-width.php","meta":{"_et_pb_use_builder":"on","_et_pb_old_content":"","_et_gb_content_width":""},"_links":{"self":[{"href":"https:\/\/areasaludplasencia.es\/aspwp\/wp-json\/wp\/v2\/pages\/146"}],"collection":[{"href":"https:\/\/areasaludplasencia.es\/aspwp\/wp-json\/wp\/v2\/pages"}],"about":[{"href":"https:\/\/areasaludplasencia.es\/aspwp\/wp-json\/wp\/v2\/types\/page"}],"author":[{"embeddable":true,"href":"https:\/\/areasaludplasencia.es\/aspwp\/wp-json\/wp\/v2\/users\/1"}],"replies":[{"embeddable":true,"href":"https:\/\/areasaludplasencia.es\/aspwp\/wp-json\/wp\/v2\/comments?post=146"}],"version-history":[{"count":6,"href":"https:\/\/areasaludplasencia.es\/aspwp\/wp-json\/wp\/v2\/pages\/146\/revisions"}],"predecessor-version":[{"id":2176,"href":"https:\/\/areasaludplasencia.es\/aspwp\/wp-json\/wp\/v2\/pages\/146\/revisions\/2176"}],"wp:attachment":[{"href":"https:\/\/areasaludplasencia.es\/aspwp\/wp-json\/wp\/v2\/media?parent=146"}],"curies":[{"name":"wp","href":"https:\/\/api.w.org\/{rel}","templated":true}]}}